{"id":9763,"date":"2026-03-19T16:22:05","date_gmt":"2026-03-19T16:22:05","guid":{"rendered":"https:\/\/ralkont.al\/?post_type=product&#038;p=9763"},"modified":"2026-03-19T16:27:04","modified_gmt":"2026-03-19T16:27:04","slug":"guarnicion-sobe-7","status":"publish","type":"product","link":"https:\/\/ralkont.al\/sq\/sample-product\/guarnicion-sobe-7\/","title":{"rendered":"GUARNICION SOBE"},"content":{"rendered":"<section class=\"text-token-text-primary w-full focus:outline-none [--shadow-height:45px] has-data-writing-block:pointer-events-none has-data-writing-block:-mt-(--shadow-height) has-data-writing-block:pt-(--shadow-height) [&amp;:has([data-writing-block])&gt;*]:pointer-events-auto scroll-mt-(--header-height)\" dir=\"auto\" data-turn-id=\"e1e7affe-1230-412c-b660-5e1528e7b620\" data-testid=\"conversation-turn-59\" data-scroll-anchor=\"false\" data-turn=\"user\"><\/section>\n<section class=\"text-token-text-primary w-full focus:outline-none [--shadow-height:45px] has-data-writing-block:pointer-events-none has-data-writing-block:-mt-(--shadow-height) has-data-writing-block:pt-(--shadow-height) [&amp;:has([data-writing-block])&gt;*]:pointer-events-auto scroll-mt-[calc(var(--header-height)+min(200px,max(70px,20svh)))]\" dir=\"auto\" data-turn-id=\"request-WEB:88729829-3698-41b8-9147-0f1c1239455b-29\" data-testid=\"conversation-turn-60\" data-scroll-anchor=\"true\" data-turn=\"assistant\">\n<div class=\"text-base my-auto mx-auto pb-10 [--thread-content-margin:var(--thread-content-margin-xs,calc(var(--spacing)*4))] @w-sm\/main:[--thread-content-margin:var(--thread-content-margin-sm,calc(var(--spacing)*6))] @w-lg\/main:[--thread-content-margin:var(--thread-content-margin-lg,calc(var(--spacing)*16))] px-(--thread-content-margin)\">\n<div class=\"[--thread-content-max-width:40rem] @w-lg\/main:[--thread-content-max-width:48rem] mx-auto max-w-(--thread-content-max-width) flex-1 group\/turn-messages focus-visible:outline-hidden relative flex w-full min-w-0 flex-col agent-turn\">\n<div class=\"flex max-w-full flex-col gap-4 grow\">\n<div class=\"min-h-8 text-message relative flex w-full flex-col items-end gap-2 text-start break-words whitespace-normal outline-none keyboard-focused:focus-ring [.text-message+&amp;]:mt-1\" dir=\"auto\" tabindex=\"0\" data-message-author-role=\"assistant\" data-message-id=\"a778ab5e-5a40-4e57-9071-993a23b9f917\" data-message-model-slug=\"gpt-5-3\" data-turn-start-message=\"true\">\n<div class=\"flex w-full flex-col gap-1 empty:hidden\">\n<div class=\"markdown prose dark:prose-invert w-full wrap-break-word light markdown-new-styling\">\n<p data-start=\"0\" data-end=\"70\"><strong data-start=\"0\" data-end=\"9\">Kodi:<\/strong> 308CU44<br data-start=\"17\" data-end=\"20\" \/><strong data-start=\"20\" data-end=\"35\">P\u00ebrshkrimi:<\/strong> <strong data-start=\"36\" data-end=\"70\">Garnitur\u00eb e poshtme dere furre<\/strong><\/p>\n<p data-start=\"72\" data-end=\"93\"><strong data-start=\"72\" data-end=\"91\">Kodi origjinal:<\/strong><\/p>\n<ul data-start=\"94\" data-end=\"200\">\n<li data-section-id=\"appbsn\" data-start=\"94\" data-end=\"160\">\n<p data-start=\"96\" data-end=\"160\"><strong data-start=\"96\" data-end=\"111\">ELECTROLUX:<\/strong> 8090014021, 3878363013, 3878363039, 5613620037<\/p>\n<\/li>\n<li data-section-id=\"1gcz43r\" data-start=\"161\" data-end=\"172\">\n<p data-start=\"163\" data-end=\"172\"><strong data-start=\"163\" data-end=\"170\">REX<\/strong><\/p>\n<\/li>\n<li data-section-id=\"1twnob9\" data-start=\"173\" data-end=\"200\">\n<p data-start=\"175\" data-end=\"200\"><strong data-start=\"175\" data-end=\"187\">ZANUSSI:<\/strong> 5616921044<\/p>\n<\/li>\n<\/ul>\n<p data-start=\"202\" data-end=\"367\"><strong data-start=\"202\" data-end=\"214\">Sh\u00ebnime:<\/strong><br data-start=\"214\" data-end=\"217\" \/>Garnitur\u00eb p\u00ebr <strong data-start=\"231\" data-end=\"270\">pjes\u00ebn e poshtme t\u00eb der\u00ebs s\u00eb furr\u00ebs<\/strong>, e cila ndihmon n\u00eb <strong data-start=\"290\" data-end=\"366\">ruajtjen e temperatur\u00ebs dhe parandalon daljen e nxeht\u00ebsis\u00eb gjat\u00eb gatimit<\/strong>.<\/p>\n<p data-start=\"369\" data-end=\"436\"><strong data-start=\"369\" data-end=\"383\">P\u00ebrdorimi:<\/strong><br data-start=\"383\" data-end=\"386\" \/>P\u00ebrdoret n\u00eb <strong data-start=\"398\" data-end=\"435\">furra ELECTROLUX, REX dhe ZANUSSI<\/strong>.<\/p>\n<p data-start=\"438\" data-end=\"475\"><strong data-start=\"438\" data-end=\"475\">Problemet kur d\u00ebmtohet garnitura:<\/strong><\/p>\n<ul data-start=\"476\" data-end=\"711\" data-is-last-node=\"\" data-is-only-node=\"\">\n<li data-section-id=\"1o0pe9c\" data-start=\"476\" data-end=\"543\">\n<p data-start=\"478\" data-end=\"543\">\ud83d\udd25 <strong data-start=\"481\" data-end=\"541\">Dalje e nxeht\u00ebsis\u00eb nga pjesa e poshtme e der\u00ebs s\u00eb furr\u00ebs<\/strong><\/p>\n<\/li>\n<li data-section-id=\"1mdeorp\" data-start=\"544\" data-end=\"591\">\n<p data-start=\"546\" data-end=\"591\">\u23f1\ufe0f <strong data-start=\"549\" data-end=\"589\">Furra nuk arrin temperatur\u00ebn e duhur<\/strong><\/p>\n<\/li>\n<li data-section-id=\"o2xin1\" data-start=\"592\" data-end=\"632\">\n<p data-start=\"594\" data-end=\"632\">\u26a1 <strong data-start=\"596\" data-end=\"630\">Rritje e konsumit t\u00eb energjis\u00eb<\/strong><\/p>\n<\/li>\n<li data-section-id=\"9yfj7v\" data-start=\"633\" data-end=\"668\">\n<p data-start=\"635\" data-end=\"668\">\ud83c\udf21\ufe0f <strong data-start=\"639\" data-end=\"666\">Gatim jo i nj\u00ebtrajtsh\u00ebm<\/strong><\/p>\n<\/li>\n<li data-section-id=\"9uv7pv\" data-start=\"669\" data-end=\"711\" data-is-last-node=\"\">\n<p data-start=\"671\" data-end=\"711\" data-is-last-node=\"\">\ud83d\udeaa <strong data-start=\"674\" data-end=\"708\">Dera e furr\u00ebs nuk mbyllet mir\u00eb<\/strong> \ud83d\udd27<\/p>\n<\/li>\n<\/ul>\n<\/div>\n<\/div>\n<\/div>\n<\/div>\n<\/div>\n<\/div>\n<\/section>","protected":false},"excerpt":{"rendered":"<p>Kodi: 308CU44P\u00ebrshkrimi: Garnitur\u00eb e poshtme dere furre Kodi origjinal: ELECTROLUX: 8090014021, 3878363013, 3878363039, 5613620037 REX ZANUSSI: 5616921044 Sh\u00ebnime:Garnitur\u00eb p\u00ebr pjes\u00ebn e poshtme t\u00eb der\u00ebs s\u00eb furr\u00ebs, e cila ndihmon n\u00eb ruajtjen e temperatur\u00ebs dhe parandalon daljen e nxeht\u00ebsis\u00eb gjat\u00eb gatimit. P\u00ebrdorimi:P\u00ebrdoret n\u00eb furra ELECTROLUX, REX dhe ZANUSSI. Problemet kur d\u00ebmtohet garnitura: \ud83d\udd25 Dalje e nxeht\u00ebsis\u00eb<\/p>\n<div class=\"klb-readmore button\"><a class=\"btn link\" href=\"https:\/\/ralkont.al\/sq\/sample-product\/guarnicion-sobe-7\/\">Read More <i class=\"klbth-icon-right-arrow\"><\/i><\/a><\/div>","protected":false},"featured_media":9765,"template":"","meta":[],"product_brand":[],"product_cat":[375,373],"product_tag":[],"class_list":{"0":"post-9763","1":"product","2":"type-product","3":"status-publish","4":"has-post-thumbnail","6":"product_cat-guarnicion-dere-soba","7":"product_cat-soba","9":"first","10":"instock","11":"taxable","12":"shipping-taxable","13":"purchasable","14":"product-type-simple"},"_links":{"self":[{"href":"https:\/\/ralkont.al\/sq\/wp-json\/wp\/v2\/product\/9763","targetHints":{"allow":["GET"]}}],"collection":[{"href":"https:\/\/ralkont.al\/sq\/wp-json\/wp\/v2\/product"}],"about":[{"href":"https:\/\/ralkont.al\/sq\/wp-json\/wp\/v2\/types\/product"}],"wp:featuredmedia":[{"embeddable":true,"href":"https:\/\/ralkont.al\/sq\/wp-json\/wp\/v2\/media\/9765"}],"wp:attachment":[{"href":"https:\/\/ralkont.al\/sq\/wp-json\/wp\/v2\/media?parent=9763"}],"wp:term":[{"taxonomy":"product_brand","embeddable":true,"href":"https:\/\/ralkont.al\/sq\/wp-json\/wp\/v2\/product_brand?post=9763"},{"taxonomy":"product_cat","embeddable":true,"href":"https:\/\/ralkont.al\/sq\/wp-json\/wp\/v2\/product_cat?post=9763"},{"taxonomy":"product_tag","embeddable":true,"href":"https:\/\/ralkont.al\/sq\/wp-json\/wp\/v2\/product_tag?post=9763"}],"curies":[{"name":"wp","href":"https:\/\/api.w.org\/{rel}","templated":true}]}}