{"id":9759,"date":"2026-03-19T16:14:14","date_gmt":"2026-03-19T16:14:14","guid":{"rendered":"https:\/\/ralkont.al\/?post_type=product&#038;p=9759"},"modified":"2026-03-19T16:17:34","modified_gmt":"2026-03-19T16:17:34","slug":"guarnicion-sobe-5","status":"publish","type":"product","link":"https:\/\/ralkont.al\/sq\/sample-product\/guarnicion-sobe-5\/","title":{"rendered":"GUARNICION SOBE"},"content":{"rendered":"<div class=\"flex flex-col text-sm pb-25\">\n<section class=\"text-token-text-primary w-full focus:outline-none [--shadow-height:45px] has-data-writing-block:pointer-events-none has-data-writing-block:-mt-(--shadow-height) has-data-writing-block:pt-(--shadow-height) [&amp;:has([data-writing-block])&gt;*]:pointer-events-auto scroll-mt-[calc(var(--header-height)+min(200px,max(70px,20svh)))]\" dir=\"auto\" data-turn-id=\"request-WEB:88729829-3698-41b8-9147-0f1c1239455b-15\" data-testid=\"conversation-turn-32\" data-scroll-anchor=\"true\" data-turn=\"assistant\">\n<div class=\"text-base my-auto mx-auto pb-10 [--thread-content-margin:var(--thread-content-margin-xs,calc(var(--spacing)*4))] @w-sm\/main:[--thread-content-margin:var(--thread-content-margin-sm,calc(var(--spacing)*6))] @w-lg\/main:[--thread-content-margin:var(--thread-content-margin-lg,calc(var(--spacing)*16))] px-(--thread-content-margin)\">\n<div class=\"[--thread-content-max-width:40rem] @w-lg\/main:[--thread-content-max-width:48rem] mx-auto max-w-(--thread-content-max-width) flex-1 group\/turn-messages focus-visible:outline-hidden relative flex w-full min-w-0 flex-col agent-turn\">\n<div class=\"flex max-w-full flex-col gap-4 grow\">\n<div class=\"min-h-8 text-message relative flex w-full flex-col items-end gap-2 text-start break-words whitespace-normal outline-none keyboard-focused:focus-ring [.text-message+&amp;]:mt-1\" dir=\"auto\" tabindex=\"0\" data-message-author-role=\"assistant\" data-message-id=\"27f1915d-eea0-4d8a-b8f2-b80bea9ad43f\" data-message-model-slug=\"gpt-5-3\" data-turn-start-message=\"true\">\n<div class=\"flex w-full flex-col gap-1 empty:hidden\">\n<div class=\"markdown prose dark:prose-invert w-full wrap-break-word light markdown-new-styling\">\n<div class=\"flex flex-col text-sm pb-25\">\n<section class=\"text-token-text-primary w-full focus:outline-none [--shadow-height:45px] has-data-writing-block:pointer-events-none has-data-writing-block:-mt-(--shadow-height) has-data-writing-block:pt-(--shadow-height) [&amp;:has([data-writing-block])&gt;*]:pointer-events-auto scroll-mt-[calc(var(--header-height)+min(200px,max(70px,20svh)))]\" dir=\"auto\" data-turn-id=\"request-WEB:88729829-3698-41b8-9147-0f1c1239455b-18\" data-testid=\"conversation-turn-38\" data-scroll-anchor=\"true\" data-turn=\"assistant\">\n<div class=\"text-base my-auto mx-auto pb-10 [--thread-content-margin:var(--thread-content-margin-xs,calc(var(--spacing)*4))] @w-sm\/main:[--thread-content-margin:var(--thread-content-margin-sm,calc(var(--spacing)*6))] @w-lg\/main:[--thread-content-margin:var(--thread-content-margin-lg,calc(var(--spacing)*16))] px-(--thread-content-margin)\">\n<div class=\"[--thread-content-max-width:40rem] @w-lg\/main:[--thread-content-max-width:48rem] mx-auto max-w-(--thread-content-max-width) flex-1 group\/turn-messages focus-visible:outline-hidden relative flex w-full min-w-0 flex-col agent-turn\">\n<div class=\"flex max-w-full flex-col gap-4 grow\">\n<div class=\"min-h-8 text-message relative flex w-full flex-col items-end gap-2 text-start break-words whitespace-normal outline-none keyboard-focused:focus-ring [.text-message+&amp;]:mt-1\" dir=\"auto\" tabindex=\"0\" data-message-author-role=\"assistant\" data-message-id=\"d5ff151f-6ead-4703-9433-046bbb345a54\" data-message-model-slug=\"gpt-5-3\" data-turn-start-message=\"true\">\n<div class=\"flex w-full flex-col gap-1 empty:hidden\">\n<div class=\"markdown prose dark:prose-invert w-full wrap-break-word light markdown-new-styling\">\n<div class=\"flex flex-col text-sm pb-25\">\n<section class=\"text-token-text-primary w-full focus:outline-none [--shadow-height:45px] has-data-writing-block:pointer-events-none has-data-writing-block:-mt-(--shadow-height) has-data-writing-block:pt-(--shadow-height) [&amp;:has([data-writing-block])&gt;*]:pointer-events-auto scroll-mt-[calc(var(--header-height)+min(200px,max(70px,20svh)))]\" dir=\"auto\" data-turn-id=\"request-WEB:88729829-3698-41b8-9147-0f1c1239455b-23\" data-testid=\"conversation-turn-48\" data-scroll-anchor=\"true\" data-turn=\"assistant\">\n<div class=\"text-base my-auto mx-auto pb-10 [--thread-content-margin:var(--thread-content-margin-xs,calc(var(--spacing)*4))] @w-sm\/main:[--thread-content-margin:var(--thread-content-margin-sm,calc(var(--spacing)*6))] @w-lg\/main:[--thread-content-margin:var(--thread-content-margin-lg,calc(var(--spacing)*16))] px-(--thread-content-margin)\">\n<div class=\"[--thread-content-max-width:40rem] @w-lg\/main:[--thread-content-max-width:48rem] mx-auto max-w-(--thread-content-max-width) flex-1 group\/turn-messages focus-visible:outline-hidden relative flex w-full min-w-0 flex-col agent-turn\">\n<div class=\"flex max-w-full flex-col gap-4 grow\">\n<div class=\"min-h-8 text-message relative flex w-full flex-col items-end gap-2 text-start break-words whitespace-normal outline-none keyboard-focused:focus-ring [.text-message+&amp;]:mt-1\" dir=\"auto\" tabindex=\"0\" data-message-author-role=\"assistant\" data-message-id=\"ad38ebcc-7f5c-4979-ba35-26c37680fa92\" data-message-model-slug=\"gpt-5-3\" data-turn-start-message=\"true\">\n<div class=\"flex w-full flex-col gap-1 empty:hidden\">\n<div class=\"markdown prose dark:prose-invert w-full wrap-break-word light markdown-new-styling\">\n<div class=\"flex flex-col text-sm pb-25\">\n<section class=\"text-token-text-primary w-full focus:outline-none [--shadow-height:45px] has-data-writing-block:pointer-events-none has-data-writing-block:-mt-(--shadow-height) has-data-writing-block:pt-(--shadow-height) [&amp;:has([data-writing-block])&gt;*]:pointer-events-auto scroll-mt-[calc(var(--header-height)+min(200px,max(70px,20svh)))]\" dir=\"auto\" data-turn-id=\"request-WEB:88729829-3698-41b8-9147-0f1c1239455b-26\" data-testid=\"conversation-turn-54\" data-scroll-anchor=\"true\" data-turn=\"assistant\">\n<div class=\"text-base my-auto mx-auto pb-10 [--thread-content-margin:var(--thread-content-margin-xs,calc(var(--spacing)*4))] @w-sm\/main:[--thread-content-margin:var(--thread-content-margin-sm,calc(var(--spacing)*6))] @w-lg\/main:[--thread-content-margin:var(--thread-content-margin-lg,calc(var(--spacing)*16))] px-(--thread-content-margin)\">\n<div class=\"[--thread-content-max-width:40rem] @w-lg\/main:[--thread-content-max-width:48rem] mx-auto max-w-(--thread-content-max-width) flex-1 group\/turn-messages focus-visible:outline-hidden relative flex w-full min-w-0 flex-col agent-turn\">\n<div class=\"flex max-w-full flex-col gap-4 grow\">\n<div class=\"min-h-8 text-message relative flex w-full flex-col items-end gap-2 text-start break-words whitespace-normal outline-none keyboard-focused:focus-ring [.text-message+&amp;]:mt-1\" dir=\"auto\" tabindex=\"0\" data-message-author-role=\"assistant\" data-message-id=\"470f8b0c-4bf8-44c4-93c8-937f2962efc9\" data-message-model-slug=\"gpt-5-3\" data-turn-start-message=\"true\">\n<div class=\"flex w-full flex-col gap-1 empty:hidden\">\n<div class=\"markdown prose dark:prose-invert w-full wrap-break-word light markdown-new-styling\"><\/div>\n<\/div>\n<\/div>\n<\/div>\n<div class=\"z-0 flex min-h-[46px] justify-start\">\n<p data-start=\"0\" data-end=\"60\"><strong data-start=\"0\" data-end=\"9\">Kodi:<\/strong> 308CU37<br data-start=\"17\" data-end=\"20\" \/><strong data-start=\"20\" data-end=\"35\">P\u00ebrshkrimi:<\/strong> <strong data-start=\"36\" data-end=\"60\">Garnitur\u00eb dere furre<\/strong><\/p>\n<p data-start=\"62\" data-end=\"83\"><strong data-start=\"62\" data-end=\"81\">Kodi origjinal:<\/strong><\/p>\n<ul data-start=\"84\" data-end=\"189\">\n<li data-section-id=\"17kfk0b\" data-start=\"84\" data-end=\"95\">\n<p data-start=\"86\" data-end=\"95\"><strong data-start=\"86\" data-end=\"93\">AEG<\/strong><\/p>\n<\/li>\n<li data-section-id=\"xn9vl7\" data-start=\"96\" data-end=\"163\">\n<p data-start=\"98\" data-end=\"163\"><strong data-start=\"98\" data-end=\"113\">ELECTROLUX:<\/strong> 3577322013, 35772240017, 3577253010, 3577265014<\/p>\n<\/li>\n<li data-section-id=\"1gcz43r\" data-start=\"164\" data-end=\"175\">\n<p data-start=\"166\" data-end=\"175\"><strong data-start=\"166\" data-end=\"173\">REX<\/strong><\/p>\n<\/li>\n<li data-section-id=\"a71d35\" data-start=\"176\" data-end=\"189\">\n<p data-start=\"178\" data-end=\"189\"><strong data-start=\"178\" data-end=\"189\">ZANUSSI<\/strong><\/p>\n<\/li>\n<\/ul>\n<p data-start=\"191\" data-end=\"416\"><strong data-start=\"191\" data-end=\"203\">Sh\u00ebnime:<\/strong><br data-start=\"203\" data-end=\"206\" \/>Garnitur\u00eb p\u00ebr <strong data-start=\"220\" data-end=\"247\">der\u00ebn e furr\u00ebs me 4 an\u00eb<\/strong>, me <strong data-start=\"252\" data-end=\"283\">4 kap\u00ebse t\u00eb m\u00ebdha (lunette)<\/strong> p\u00ebr fiksim.<br data-start=\"295\" data-end=\"298\" \/><strong data-start=\"298\" data-end=\"311\">Gjat\u00ebsia:<\/strong> 1441 mm.<br data-start=\"320\" data-end=\"323\" data-is-only-node=\"\" \/>Siguron <strong data-start=\"331\" data-end=\"401\">mbyllje t\u00eb mir\u00eb t\u00eb der\u00ebs dhe ruajtjen e temperatur\u00ebs brenda furr\u00ebs<\/strong> gjat\u00eb gatimit.<\/p>\n<p data-start=\"418\" data-end=\"490\"><strong data-start=\"418\" data-end=\"432\">P\u00ebrdorimi:<\/strong><br data-start=\"432\" data-end=\"435\" \/>P\u00ebrdoret n\u00eb <strong data-start=\"447\" data-end=\"489\">furra AEG, ELECTROLUX, REX dhe ZANUSSI<\/strong>.<\/p>\n<p data-start=\"492\" data-end=\"529\"><strong data-start=\"492\" data-end=\"529\">Problemet kur d\u00ebmtohet garnitura:<\/strong><\/p>\n<ul data-start=\"530\" data-end=\"745\" data-is-last-node=\"\" data-is-only-node=\"\">\n<li data-section-id=\"1e2usch\" data-start=\"530\" data-end=\"577\">\n<p data-start=\"532\" data-end=\"577\">\ud83d\udd25 <strong data-start=\"535\" data-end=\"575\">Dalje e nxeht\u00ebsis\u00eb nga dera e furr\u00ebs<\/strong><\/p>\n<\/li>\n<li data-section-id=\"1mdeorp\" data-start=\"578\" data-end=\"625\">\n<p data-start=\"580\" data-end=\"625\">\u23f1\ufe0f <strong data-start=\"583\" data-end=\"623\">Furra nuk arrin temperatur\u00ebn e duhur<\/strong><\/p>\n<\/li>\n<li data-section-id=\"o2xin1\" data-start=\"626\" data-end=\"666\">\n<p data-start=\"628\" data-end=\"666\">\u26a1 <strong data-start=\"630\" data-end=\"664\">Rritje e konsumit t\u00eb energjis\u00eb<\/strong><\/p>\n<\/li>\n<li data-section-id=\"9yfj7v\" data-start=\"667\" data-end=\"702\">\n<p data-start=\"669\" data-end=\"702\">\ud83c\udf21\ufe0f <strong data-start=\"673\" data-end=\"700\">Gatim jo i nj\u00ebtrajtsh\u00ebm<\/strong><\/p>\n<\/li>\n<li data-section-id=\"9uv7pv\" data-start=\"703\" data-end=\"745\" data-is-last-node=\"\">\n<p data-start=\"705\" data-end=\"745\" data-is-last-node=\"\">\ud83d\udeaa <strong data-start=\"708\" data-end=\"742\">Dera e furr\u00ebs nuk mbyllet mir\u00eb<\/strong> \ud83d\udd27<\/p>\n<\/li>\n<\/ul>\n<\/div>\n<div class=\"mt-3 w-full empty:hidden\">\n<div class=\"text-center\"><\/div>\n<\/div>\n<\/div>\n<\/div>\n<\/section>\n<\/div>\n<div class=\"pointer-events-none h-px w-px absolute bottom-0\" aria-hidden=\"true\" data-edge=\"true\"><\/div>\n<\/div>\n<\/div>\n<\/div>\n<\/div>\n<div class=\"mt-3 w-full empty:hidden\">\n<div class=\"text-center\"><\/div>\n<\/div>\n<\/div>\n<\/div>\n<\/section>\n<\/div>\n<div class=\"pointer-events-none h-px w-px absolute bottom-0\" aria-hidden=\"true\" data-edge=\"true\"><\/div>\n<\/div>\n<\/div>\n<\/div>\n<\/div>\n<div class=\"z-0 flex min-h-[46px] justify-start\"><\/div>\n<div class=\"mt-3 w-full empty:hidden\">\n<div class=\"text-center\"><\/div>\n<\/div>\n<\/div>\n<\/div>\n<\/section>\n<\/div>\n<div class=\"pointer-events-none h-px w-px absolute bottom-0\" aria-hidden=\"true\" data-edge=\"true\"><\/div>\n<\/div>\n<\/div>\n<\/div>\n<\/div>\n<div class=\"z-0 flex min-h-[46px] justify-start\"><\/div>\n<div class=\"mt-3 w-full empty:hidden\">\n<div class=\"text-center\"><\/div>\n<\/div>\n<\/div>\n<\/div>\n<\/section>\n<\/div>\n<div class=\"pointer-events-none h-px w-px absolute bottom-0\" aria-hidden=\"true\" data-edge=\"true\"><\/div>","protected":false},"excerpt":{"rendered":"<p>Kodi: 308CU37P\u00ebrshkrimi: Garnitur\u00eb dere furre Kodi origjinal: AEG ELECTROLUX: 3577322013, 35772240017, 3577253010, 3577265014 REX ZANUSSI Sh\u00ebnime:Garnitur\u00eb p\u00ebr der\u00ebn e furr\u00ebs me 4 an\u00eb, me 4 kap\u00ebse t\u00eb m\u00ebdha (lunette) p\u00ebr fiksim.Gjat\u00ebsia: 1441 mm.Siguron mbyllje t\u00eb mir\u00eb t\u00eb der\u00ebs dhe ruajtjen e temperatur\u00ebs brenda furr\u00ebs gjat\u00eb gatimit. P\u00ebrdorimi:P\u00ebrdoret n\u00eb furra AEG, ELECTROLUX, REX dhe ZANUSSI. Problemet<\/p>\n<div class=\"klb-readmore button\"><a class=\"btn link\" href=\"https:\/\/ralkont.al\/sq\/sample-product\/guarnicion-sobe-5\/\">Read More <i class=\"klbth-icon-right-arrow\"><\/i><\/a><\/div>","protected":false},"featured_media":9760,"template":"","meta":[],"product_brand":[],"product_cat":[375,373],"product_tag":[],"class_list":{"0":"post-9759","1":"product","2":"type-product","3":"status-publish","4":"has-post-thumbnail","6":"product_cat-guarnicion-dere-soba","7":"product_cat-soba","9":"first","10":"instock","11":"taxable","12":"shipping-taxable","13":"purchasable","14":"product-type-simple"},"_links":{"self":[{"href":"https:\/\/ralkont.al\/sq\/wp-json\/wp\/v2\/product\/9759","targetHints":{"allow":["GET"]}}],"collection":[{"href":"https:\/\/ralkont.al\/sq\/wp-json\/wp\/v2\/product"}],"about":[{"href":"https:\/\/ralkont.al\/sq\/wp-json\/wp\/v2\/types\/product"}],"wp:featuredmedia":[{"embeddable":true,"href":"https:\/\/ralkont.al\/sq\/wp-json\/wp\/v2\/media\/9760"}],"wp:attachment":[{"href":"https:\/\/ralkont.al\/sq\/wp-json\/wp\/v2\/media?parent=9759"}],"wp:term":[{"taxonomy":"product_brand","embeddable":true,"href":"https:\/\/ralkont.al\/sq\/wp-json\/wp\/v2\/product_brand?post=9759"},{"taxonomy":"product_cat","embeddable":true,"href":"https:\/\/ralkont.al\/sq\/wp-json\/wp\/v2\/product_cat?post=9759"},{"taxonomy":"product_tag","embeddable":true,"href":"https:\/\/ralkont.al\/sq\/wp-json\/wp\/v2\/product_tag?post=9759"}],"curies":[{"name":"wp","href":"https:\/\/api.w.org\/{rel}","templated":true}]}}