{"id":9757,"date":"2026-03-19T16:10:05","date_gmt":"2026-03-19T16:10:05","guid":{"rendered":"https:\/\/ralkont.al\/?post_type=product&#038;p=9757"},"modified":"2026-03-19T16:13:41","modified_gmt":"2026-03-19T16:13:41","slug":"guarnicion-sobe-4","status":"publish","type":"product","link":"https:\/\/ralkont.al\/sq\/sample-product\/guarnicion-sobe-4\/","title":{"rendered":"GUARNICION SOBE"},"content":{"rendered":"<div class=\"flex flex-col text-sm pb-25\">\n<section class=\"text-token-text-primary w-full focus:outline-none [--shadow-height:45px] has-data-writing-block:pointer-events-none has-data-writing-block:-mt-(--shadow-height) has-data-writing-block:pt-(--shadow-height) [&amp;:has([data-writing-block])&gt;*]:pointer-events-auto scroll-mt-[calc(var(--header-height)+min(200px,max(70px,20svh)))]\" dir=\"auto\" data-turn-id=\"request-WEB:88729829-3698-41b8-9147-0f1c1239455b-15\" data-testid=\"conversation-turn-32\" data-scroll-anchor=\"true\" data-turn=\"assistant\">\n<div class=\"text-base my-auto mx-auto pb-10 [--thread-content-margin:var(--thread-content-margin-xs,calc(var(--spacing)*4))] @w-sm\/main:[--thread-content-margin:var(--thread-content-margin-sm,calc(var(--spacing)*6))] @w-lg\/main:[--thread-content-margin:var(--thread-content-margin-lg,calc(var(--spacing)*16))] px-(--thread-content-margin)\">\n<div class=\"[--thread-content-max-width:40rem] @w-lg\/main:[--thread-content-max-width:48rem] mx-auto max-w-(--thread-content-max-width) flex-1 group\/turn-messages focus-visible:outline-hidden relative flex w-full min-w-0 flex-col agent-turn\">\n<div class=\"flex max-w-full flex-col gap-4 grow\">\n<div class=\"min-h-8 text-message relative flex w-full flex-col items-end gap-2 text-start break-words whitespace-normal outline-none keyboard-focused:focus-ring [.text-message+&amp;]:mt-1\" dir=\"auto\" tabindex=\"0\" data-message-author-role=\"assistant\" data-message-id=\"27f1915d-eea0-4d8a-b8f2-b80bea9ad43f\" data-message-model-slug=\"gpt-5-3\" data-turn-start-message=\"true\">\n<div class=\"flex w-full flex-col gap-1 empty:hidden\">\n<div class=\"markdown prose dark:prose-invert w-full wrap-break-word light markdown-new-styling\">\n<div class=\"flex flex-col text-sm pb-25\">\n<section class=\"text-token-text-primary w-full focus:outline-none [--shadow-height:45px] has-data-writing-block:pointer-events-none has-data-writing-block:-mt-(--shadow-height) has-data-writing-block:pt-(--shadow-height) [&amp;:has([data-writing-block])&gt;*]:pointer-events-auto scroll-mt-[calc(var(--header-height)+min(200px,max(70px,20svh)))]\" dir=\"auto\" data-turn-id=\"request-WEB:88729829-3698-41b8-9147-0f1c1239455b-18\" data-testid=\"conversation-turn-38\" data-scroll-anchor=\"true\" data-turn=\"assistant\">\n<div class=\"text-base my-auto mx-auto pb-10 [--thread-content-margin:var(--thread-content-margin-xs,calc(var(--spacing)*4))] @w-sm\/main:[--thread-content-margin:var(--thread-content-margin-sm,calc(var(--spacing)*6))] @w-lg\/main:[--thread-content-margin:var(--thread-content-margin-lg,calc(var(--spacing)*16))] px-(--thread-content-margin)\">\n<div class=\"[--thread-content-max-width:40rem] @w-lg\/main:[--thread-content-max-width:48rem] mx-auto max-w-(--thread-content-max-width) flex-1 group\/turn-messages focus-visible:outline-hidden relative flex w-full min-w-0 flex-col agent-turn\">\n<div class=\"flex max-w-full flex-col gap-4 grow\">\n<div class=\"min-h-8 text-message relative flex w-full flex-col items-end gap-2 text-start break-words whitespace-normal outline-none keyboard-focused:focus-ring [.text-message+&amp;]:mt-1\" dir=\"auto\" tabindex=\"0\" data-message-author-role=\"assistant\" data-message-id=\"d5ff151f-6ead-4703-9433-046bbb345a54\" data-message-model-slug=\"gpt-5-3\" data-turn-start-message=\"true\">\n<div class=\"flex w-full flex-col gap-1 empty:hidden\">\n<div class=\"markdown prose dark:prose-invert w-full wrap-break-word light markdown-new-styling\">\n<div class=\"flex flex-col text-sm pb-25\">\n<section class=\"text-token-text-primary w-full focus:outline-none [--shadow-height:45px] has-data-writing-block:pointer-events-none has-data-writing-block:-mt-(--shadow-height) has-data-writing-block:pt-(--shadow-height) [&amp;:has([data-writing-block])&gt;*]:pointer-events-auto scroll-mt-[calc(var(--header-height)+min(200px,max(70px,20svh)))]\" dir=\"auto\" data-turn-id=\"request-WEB:88729829-3698-41b8-9147-0f1c1239455b-23\" data-testid=\"conversation-turn-48\" data-scroll-anchor=\"true\" data-turn=\"assistant\">\n<div class=\"text-base my-auto mx-auto pb-10 [--thread-content-margin:var(--thread-content-margin-xs,calc(var(--spacing)*4))] @w-sm\/main:[--thread-content-margin:var(--thread-content-margin-sm,calc(var(--spacing)*6))] @w-lg\/main:[--thread-content-margin:var(--thread-content-margin-lg,calc(var(--spacing)*16))] px-(--thread-content-margin)\">\n<div class=\"[--thread-content-max-width:40rem] @w-lg\/main:[--thread-content-max-width:48rem] mx-auto max-w-(--thread-content-max-width) flex-1 group\/turn-messages focus-visible:outline-hidden relative flex w-full min-w-0 flex-col agent-turn\">\n<div class=\"flex max-w-full flex-col gap-4 grow\">\n<div class=\"min-h-8 text-message relative flex w-full flex-col items-end gap-2 text-start break-words whitespace-normal outline-none keyboard-focused:focus-ring [.text-message+&amp;]:mt-1\" dir=\"auto\" tabindex=\"0\" data-message-author-role=\"assistant\" data-message-id=\"ad38ebcc-7f5c-4979-ba35-26c37680fa92\" data-message-model-slug=\"gpt-5-3\" data-turn-start-message=\"true\">\n<div class=\"flex w-full flex-col gap-1 empty:hidden\">\n<div class=\"markdown prose dark:prose-invert w-full wrap-break-word light markdown-new-styling\">\n<div class=\"flex flex-col text-sm pb-25\">\n<section class=\"text-token-text-primary w-full focus:outline-none [--shadow-height:45px] has-data-writing-block:pointer-events-none has-data-writing-block:-mt-(--shadow-height) has-data-writing-block:pt-(--shadow-height) [&amp;:has([data-writing-block])&gt;*]:pointer-events-auto scroll-mt-[calc(var(--header-height)+min(200px,max(70px,20svh)))]\" dir=\"auto\" data-turn-id=\"request-WEB:88729829-3698-41b8-9147-0f1c1239455b-26\" data-testid=\"conversation-turn-54\" data-scroll-anchor=\"true\" data-turn=\"assistant\">\n<div class=\"text-base my-auto mx-auto pb-10 [--thread-content-margin:var(--thread-content-margin-xs,calc(var(--spacing)*4))] @w-sm\/main:[--thread-content-margin:var(--thread-content-margin-sm,calc(var(--spacing)*6))] @w-lg\/main:[--thread-content-margin:var(--thread-content-margin-lg,calc(var(--spacing)*16))] px-(--thread-content-margin)\">\n<div class=\"[--thread-content-max-width:40rem] @w-lg\/main:[--thread-content-max-width:48rem] mx-auto max-w-(--thread-content-max-width) flex-1 group\/turn-messages focus-visible:outline-hidden relative flex w-full min-w-0 flex-col agent-turn\">\n<div class=\"flex max-w-full flex-col gap-4 grow\">\n<div class=\"min-h-8 text-message relative flex w-full flex-col items-end gap-2 text-start break-words whitespace-normal outline-none keyboard-focused:focus-ring [.text-message+&amp;]:mt-1\" dir=\"auto\" tabindex=\"0\" data-message-author-role=\"assistant\" data-message-id=\"470f8b0c-4bf8-44c4-93c8-937f2962efc9\" data-message-model-slug=\"gpt-5-3\" data-turn-start-message=\"true\">\n<div class=\"flex w-full flex-col gap-1 empty:hidden\">\n<div class=\"markdown prose dark:prose-invert w-full wrap-break-word light markdown-new-styling\">\n<p data-start=\"0\" data-end=\"70\"><strong data-start=\"0\" data-end=\"9\">Kodi:<\/strong> 308CU35<br data-start=\"17\" data-end=\"20\" \/><strong data-start=\"20\" data-end=\"35\">P\u00ebrshkrimi:<\/strong> <strong data-start=\"36\" data-end=\"70\">Garnitur\u00eb dere furre Whirlpool<\/strong><\/p>\n<p data-start=\"72\" data-end=\"93\"><strong data-start=\"72\" data-end=\"91\">Kodi origjinal:<\/strong><\/p>\n<ul data-start=\"94\" data-end=\"184\">\n<li data-section-id=\"1ra408k\" data-start=\"94\" data-end=\"109\">\n<p data-start=\"96\" data-end=\"109\"><strong data-start=\"96\" data-end=\"107\">ARISTON<\/strong><\/p>\n<\/li>\n<li data-section-id=\"1y1pi9d\" data-start=\"110\" data-end=\"136\">\n<p data-start=\"112\" data-end=\"136\"><strong data-start=\"112\" data-end=\"124\">INDESIT:<\/strong> C00111687<\/p>\n<\/li>\n<li data-section-id=\"oks1au\" data-start=\"137\" data-end=\"152\">\n<p data-start=\"139\" data-end=\"152\"><strong data-start=\"139\" data-end=\"150\">MERLONI<\/strong><\/p>\n<\/li>\n<li data-section-id=\"5hzt9l\" data-start=\"153\" data-end=\"184\">\n<p data-start=\"155\" data-end=\"184\"><strong data-start=\"155\" data-end=\"169\">WHIRLPOOL:<\/strong> 482000022818<\/p>\n<\/li>\n<\/ul>\n<p data-start=\"186\" data-end=\"391\"><strong data-start=\"186\" data-end=\"198\">Sh\u00ebnime:<\/strong><br data-start=\"198\" data-end=\"201\" \/>Garnitur\u00eb p\u00ebr <strong data-start=\"215\" data-end=\"233\">der\u00ebn e furr\u00ebs<\/strong> me <strong data-start=\"237\" data-end=\"259\">4 kap\u00ebse (lunette)<\/strong> p\u00ebr fiksim. Gjat\u00ebsia <strong data-start=\"281\" data-end=\"296\">L = 1460 mm<\/strong>. Siguron <strong data-start=\"306\" data-end=\"376\">mbyllje t\u00eb mir\u00eb t\u00eb der\u00ebs dhe ruajtjen e temperatur\u00ebs brenda furr\u00ebs<\/strong> gjat\u00eb gatimit.<\/p>\n<p data-start=\"393\" data-end=\"472\"><strong data-start=\"393\" data-end=\"407\">P\u00ebrdorimi:<\/strong><br data-start=\"407\" data-end=\"410\" \/>P\u00ebrdoret n\u00eb <strong data-start=\"422\" data-end=\"471\">furra ARISTON, INDESIT, MERLONI dhe WHIRLPOOL<\/strong>.<\/p>\n<p data-start=\"474\" data-end=\"511\"><strong data-start=\"474\" data-end=\"511\">Problemet kur d\u00ebmtohet garnitura:<\/strong><\/p>\n<ul data-start=\"512\" data-end=\"727\" data-is-last-node=\"\" data-is-only-node=\"\">\n<li data-section-id=\"1e2usch\" data-start=\"512\" data-end=\"559\">\n<p data-start=\"514\" data-end=\"559\">\ud83d\udd25 <strong data-start=\"517\" data-end=\"557\">Dalje e nxeht\u00ebsis\u00eb nga dera e furr\u00ebs<\/strong><\/p>\n<\/li>\n<li data-section-id=\"1mdeorp\" data-start=\"560\" data-end=\"607\">\n<p data-start=\"562\" data-end=\"607\">\u23f1\ufe0f <strong data-start=\"565\" data-end=\"605\">Furra nuk arrin temperatur\u00ebn e duhur<\/strong><\/p>\n<\/li>\n<li data-section-id=\"o2xin1\" data-start=\"608\" data-end=\"648\">\n<p data-start=\"610\" data-end=\"648\">\u26a1 <strong data-start=\"612\" data-end=\"646\">Rritje e konsumit t\u00eb energjis\u00eb<\/strong><\/p>\n<\/li>\n<li data-section-id=\"9yfj7v\" data-start=\"649\" data-end=\"684\">\n<p data-start=\"651\" data-end=\"684\">\ud83c\udf21\ufe0f <strong data-start=\"655\" data-end=\"682\">Gatim jo i nj\u00ebtrajtsh\u00ebm<\/strong><\/p>\n<\/li>\n<li data-section-id=\"9uv7pv\" data-start=\"685\" data-end=\"727\" data-is-last-node=\"\">\n<p data-start=\"687\" data-end=\"727\" data-is-last-node=\"\">\ud83d\udeaa <strong data-start=\"690\" data-end=\"724\">Dera e furr\u00ebs nuk mbyllet mir\u00eb<\/strong> \ud83d\udd27<\/p>\n<\/li>\n<\/ul>\n<\/div>\n<\/div>\n<\/div>\n<\/div>\n<div class=\"z-0 flex min-h-[46px] justify-start\"><\/div>\n<div class=\"mt-3 w-full empty:hidden\">\n<div class=\"text-center\"><\/div>\n<\/div>\n<\/div>\n<\/div>\n<\/section>\n<\/div>\n<div class=\"pointer-events-none h-px w-px absolute bottom-0\" aria-hidden=\"true\" data-edge=\"true\"><\/div>\n<\/div>\n<\/div>\n<\/div>\n<\/div>\n<div class=\"mt-3 w-full empty:hidden\">\n<div class=\"text-center\"><\/div>\n<\/div>\n<\/div>\n<\/div>\n<\/section>\n<\/div>\n<div class=\"pointer-events-none h-px w-px absolute bottom-0\" aria-hidden=\"true\" data-edge=\"true\"><\/div>\n<\/div>\n<\/div>\n<\/div>\n<\/div>\n<div class=\"z-0 flex min-h-[46px] justify-start\"><\/div>\n<div class=\"mt-3 w-full empty:hidden\">\n<div class=\"text-center\"><\/div>\n<\/div>\n<\/div>\n<\/div>\n<\/section>\n<\/div>\n<div class=\"pointer-events-none h-px w-px absolute bottom-0\" aria-hidden=\"true\" data-edge=\"true\"><\/div>\n<\/div>\n<\/div>\n<\/div>\n<\/div>\n<div class=\"z-0 flex min-h-[46px] justify-start\"><\/div>\n<div class=\"mt-3 w-full empty:hidden\">\n<div class=\"text-center\"><\/div>\n<\/div>\n<\/div>\n<\/div>\n<\/section>\n<\/div>\n<div class=\"pointer-events-none h-px w-px absolute bottom-0\" aria-hidden=\"true\" data-edge=\"true\"><\/div>","protected":false},"excerpt":{"rendered":"<p>Kodi: 308CU35P\u00ebrshkrimi: Garnitur\u00eb dere furre Whirlpool Kodi origjinal: ARISTON INDESIT: C00111687 MERLONI WHIRLPOOL: 482000022818 Sh\u00ebnime:Garnitur\u00eb p\u00ebr der\u00ebn e furr\u00ebs me 4 kap\u00ebse (lunette) p\u00ebr fiksim. Gjat\u00ebsia L = 1460 mm. Siguron mbyllje t\u00eb mir\u00eb t\u00eb der\u00ebs dhe ruajtjen e temperatur\u00ebs brenda furr\u00ebs gjat\u00eb gatimit. P\u00ebrdorimi:P\u00ebrdoret n\u00eb furra ARISTON, INDESIT, MERLONI dhe WHIRLPOOL. Problemet kur d\u00ebmtohet<\/p>\n<div class=\"klb-readmore button\"><a class=\"btn link\" href=\"https:\/\/ralkont.al\/sq\/sample-product\/guarnicion-sobe-4\/\">Read More <i class=\"klbth-icon-right-arrow\"><\/i><\/a><\/div>","protected":false},"featured_media":9758,"template":"","meta":[],"product_brand":[],"product_cat":[375,373],"product_tag":[],"class_list":{"0":"post-9757","1":"product","2":"type-product","3":"status-publish","4":"has-post-thumbnail","6":"product_cat-guarnicion-dere-soba","7":"product_cat-soba","9":"first","10":"instock","11":"taxable","12":"shipping-taxable","13":"purchasable","14":"product-type-simple"},"_links":{"self":[{"href":"https:\/\/ralkont.al\/sq\/wp-json\/wp\/v2\/product\/9757","targetHints":{"allow":["GET"]}}],"collection":[{"href":"https:\/\/ralkont.al\/sq\/wp-json\/wp\/v2\/product"}],"about":[{"href":"https:\/\/ralkont.al\/sq\/wp-json\/wp\/v2\/types\/product"}],"wp:featuredmedia":[{"embeddable":true,"href":"https:\/\/ralkont.al\/sq\/wp-json\/wp\/v2\/media\/9758"}],"wp:attachment":[{"href":"https:\/\/ralkont.al\/sq\/wp-json\/wp\/v2\/media?parent=9757"}],"wp:term":[{"taxonomy":"product_brand","embeddable":true,"href":"https:\/\/ralkont.al\/sq\/wp-json\/wp\/v2\/product_brand?post=9757"},{"taxonomy":"product_cat","embeddable":true,"href":"https:\/\/ralkont.al\/sq\/wp-json\/wp\/v2\/product_cat?post=9757"},{"taxonomy":"product_tag","embeddable":true,"href":"https:\/\/ralkont.al\/sq\/wp-json\/wp\/v2\/product_tag?post=9757"}],"curies":[{"name":"wp","href":"https:\/\/api.w.org\/{rel}","templated":true}]}}