{"id":9750,"date":"2026-03-19T15:35:06","date_gmt":"2026-03-19T15:35:06","guid":{"rendered":"https:\/\/ralkont.al\/?post_type=product&#038;p=9750"},"modified":"2026-03-19T15:41:02","modified_gmt":"2026-03-19T15:41:02","slug":"guarnicion-sobe","status":"publish","type":"product","link":"https:\/\/ralkont.al\/sq\/sample-product\/guarnicion-sobe\/","title":{"rendered":"GUARNICION SOBE"},"content":{"rendered":"<div class=\"flex flex-col text-sm pb-25\">\n<section class=\"text-token-text-primary w-full focus:outline-none [--shadow-height:45px] has-data-writing-block:pointer-events-none has-data-writing-block:-mt-(--shadow-height) has-data-writing-block:pt-(--shadow-height) [&amp;:has([data-writing-block])&gt;*]:pointer-events-auto scroll-mt-[calc(var(--header-height)+min(200px,max(70px,20svh)))]\" dir=\"auto\" data-turn-id=\"request-WEB:88729829-3698-41b8-9147-0f1c1239455b-15\" data-testid=\"conversation-turn-32\" data-scroll-anchor=\"true\" data-turn=\"assistant\">\n<div class=\"text-base my-auto mx-auto pb-10 [--thread-content-margin:var(--thread-content-margin-xs,calc(var(--spacing)*4))] @w-sm\/main:[--thread-content-margin:var(--thread-content-margin-sm,calc(var(--spacing)*6))] @w-lg\/main:[--thread-content-margin:var(--thread-content-margin-lg,calc(var(--spacing)*16))] px-(--thread-content-margin)\">\n<div class=\"[--thread-content-max-width:40rem] @w-lg\/main:[--thread-content-max-width:48rem] mx-auto max-w-(--thread-content-max-width) flex-1 group\/turn-messages focus-visible:outline-hidden relative flex w-full min-w-0 flex-col agent-turn\">\n<div class=\"flex max-w-full flex-col gap-4 grow\">\n<div class=\"min-h-8 text-message relative flex w-full flex-col items-end gap-2 text-start break-words whitespace-normal outline-none keyboard-focused:focus-ring [.text-message+&amp;]:mt-1\" dir=\"auto\" tabindex=\"0\" data-message-author-role=\"assistant\" data-message-id=\"27f1915d-eea0-4d8a-b8f2-b80bea9ad43f\" data-message-model-slug=\"gpt-5-3\" data-turn-start-message=\"true\">\n<div class=\"flex w-full flex-col gap-1 empty:hidden\">\n<div class=\"markdown prose dark:prose-invert w-full wrap-break-word light markdown-new-styling\">\n<div class=\"flex flex-col text-sm pb-25\">\n<section class=\"text-token-text-primary w-full focus:outline-none [--shadow-height:45px] has-data-writing-block:pointer-events-none has-data-writing-block:-mt-(--shadow-height) has-data-writing-block:pt-(--shadow-height) [&amp;:has([data-writing-block])&gt;*]:pointer-events-auto scroll-mt-[calc(var(--header-height)+min(200px,max(70px,20svh)))]\" dir=\"auto\" data-turn-id=\"request-WEB:88729829-3698-41b8-9147-0f1c1239455b-18\" data-testid=\"conversation-turn-38\" data-scroll-anchor=\"true\" data-turn=\"assistant\">\n<div class=\"text-base my-auto mx-auto pb-10 [--thread-content-margin:var(--thread-content-margin-xs,calc(var(--spacing)*4))] @w-sm\/main:[--thread-content-margin:var(--thread-content-margin-sm,calc(var(--spacing)*6))] @w-lg\/main:[--thread-content-margin:var(--thread-content-margin-lg,calc(var(--spacing)*16))] px-(--thread-content-margin)\">\n<div class=\"[--thread-content-max-width:40rem] @w-lg\/main:[--thread-content-max-width:48rem] mx-auto max-w-(--thread-content-max-width) flex-1 group\/turn-messages focus-visible:outline-hidden relative flex w-full min-w-0 flex-col agent-turn\">\n<div class=\"flex max-w-full flex-col gap-4 grow\">\n<div class=\"min-h-8 text-message relative flex w-full flex-col items-end gap-2 text-start break-words whitespace-normal outline-none keyboard-focused:focus-ring [.text-message+&amp;]:mt-1\" dir=\"auto\" tabindex=\"0\" data-message-author-role=\"assistant\" data-message-id=\"d5ff151f-6ead-4703-9433-046bbb345a54\" data-message-model-slug=\"gpt-5-3\" data-turn-start-message=\"true\">\n<div class=\"flex w-full flex-col gap-1 empty:hidden\">\n<div class=\"markdown prose dark:prose-invert w-full wrap-break-word light markdown-new-styling\"><\/div>\n<\/div>\n<\/div>\n<\/div>\n<div class=\"z-0 flex min-h-[46px] justify-start\"><\/div>\n<div class=\"mt-3 w-full empty:hidden\">\n<div class=\"text-center\">\n<p data-start=\"0\" data-end=\"57\"><strong data-start=\"0\" data-end=\"9\">Kodi:<\/strong> 308CU02<br data-start=\"17\" data-end=\"20\" \/><strong data-start=\"20\" data-end=\"35\">P\u00ebrshkrimi:<\/strong> <strong data-start=\"36\" data-end=\"55\">Garnitur\u00eb furre<\/strong><\/p>\n<p data-start=\"59\" data-end=\"80\"><strong data-start=\"59\" data-end=\"78\">Kodi origjinal:<\/strong><\/p>\n<ul data-start=\"81\" data-end=\"142\">\n<li data-section-id=\"19snqyn\" data-start=\"81\" data-end=\"94\">\n<p data-start=\"83\" data-end=\"94\"><strong data-start=\"83\" data-end=\"92\">BALAY<\/strong><\/p>\n<\/li>\n<li data-section-id=\"vykxie\" data-start=\"95\" data-end=\"128\">\n<p data-start=\"97\" data-end=\"128\"><strong data-start=\"97\" data-end=\"107\">BOSCH:<\/strong> 00754066, 00651944<\/p>\n<\/li>\n<li data-section-id=\"15k2w2\" data-start=\"129\" data-end=\"142\">\n<p data-start=\"131\" data-end=\"142\"><strong data-start=\"131\" data-end=\"142\">SIEMENS<\/strong><\/p>\n<\/li>\n<\/ul>\n<p data-start=\"144\" data-end=\"364\"><strong data-start=\"144\" data-end=\"156\">Sh\u00ebnime:<\/strong><br data-start=\"156\" data-end=\"159\" \/>Garnitur\u00eb p\u00ebr <strong data-start=\"173\" data-end=\"191\">der\u00ebn e furr\u00ebs<\/strong>, e cila siguron <strong data-start=\"208\" data-end=\"229\">mbyllje hermetike<\/strong> dhe parandalon daljen e nxeht\u00ebsis\u00eb gjat\u00eb gatimit. Ndihmon q\u00eb furra t\u00eb ruaj\u00eb temperatur\u00ebn e duhur dhe t\u00eb funksionoj\u00eb n\u00eb m\u00ebnyr\u00eb efikase.<\/p>\n<p data-start=\"366\" data-end=\"440\"><strong data-start=\"366\" data-end=\"380\">P\u00ebrdorimi:<\/strong><br data-start=\"380\" data-end=\"383\" \/>P\u00ebrdoret n\u00eb <strong data-start=\"395\" data-end=\"439\">furra elektrike BALAY, BOSCH dhe SIEMENS<\/strong>.<\/p>\n<p data-start=\"442\" data-end=\"479\"><strong data-start=\"442\" data-end=\"479\">Problemet kur d\u00ebmtohet garnitura:<\/strong><\/p>\n<ul data-start=\"480\" data-end=\"688\">\n<li data-section-id=\"oi6jg6\" data-start=\"480\" data-end=\"522\">\n<p data-start=\"482\" data-end=\"522\">\ud83d\udd25 <strong data-start=\"485\" data-end=\"520\">Nxeht\u00ebsia del nga dera e furr\u00ebs<\/strong><\/p>\n<\/li>\n<li data-section-id=\"1mdeorp\" data-start=\"523\" data-end=\"570\">\n<p data-start=\"525\" data-end=\"570\">\u23f1\ufe0f <strong data-start=\"528\" data-end=\"568\">Furra nuk arrin temperatur\u00ebn e duhur<\/strong><\/p>\n<\/li>\n<li data-section-id=\"3zdld0\" data-start=\"571\" data-end=\"607\">\n<p data-start=\"573\" data-end=\"607\">\u26a1 <strong data-start=\"575\" data-end=\"605\">Rritet konsumi i energjis\u00eb<\/strong><\/p>\n<\/li>\n<li data-section-id=\"1q3yssz\" data-start=\"608\" data-end=\"646\">\n<p data-start=\"610\" data-end=\"646\">\ud83c\udf21\ufe0f <strong data-start=\"614\" data-end=\"644\">Gatimi b\u00ebhet i pabarabart\u00eb<\/strong><\/p>\n<\/li>\n<li data-section-id=\"q4ku3t\" data-start=\"647\" data-end=\"688\">\n<p data-start=\"649\" data-end=\"688\">\ud83d\udeaa <strong data-start=\"652\" data-end=\"686\">Dera e furr\u00ebs nuk mbyllet mir\u00eb<\/strong><\/p>\n<\/li>\n<\/ul>\n<\/div>\n<\/div>\n<\/div>\n<\/div>\n<\/section>\n<\/div>\n<div class=\"pointer-events-none h-px w-px absolute bottom-0\" aria-hidden=\"true\" data-edge=\"true\"><\/div>\n<\/div>\n<\/div>\n<\/div>\n<\/div>\n<div class=\"z-0 flex min-h-[46px] justify-start\"><\/div>\n<div class=\"mt-3 w-full empty:hidden\">\n<div class=\"text-center\"><\/div>\n<\/div>\n<\/div>\n<\/div>\n<\/section>\n<\/div>\n<div class=\"pointer-events-none h-px w-px absolute bottom-0\" aria-hidden=\"true\" data-edge=\"true\"><\/div>","protected":false},"excerpt":{"rendered":"<p>Kodi: 308CU02P\u00ebrshkrimi: Garnitur\u00eb furre Kodi origjinal: BALAY BOSCH: 00754066, 00651944 SIEMENS Sh\u00ebnime:Garnitur\u00eb p\u00ebr der\u00ebn e furr\u00ebs, e cila siguron mbyllje hermetike dhe parandalon daljen e nxeht\u00ebsis\u00eb gjat\u00eb gatimit. Ndihmon q\u00eb furra t\u00eb ruaj\u00eb temperatur\u00ebn e duhur dhe t\u00eb funksionoj\u00eb n\u00eb m\u00ebnyr\u00eb efikase. P\u00ebrdorimi:P\u00ebrdoret n\u00eb furra elektrike BALAY, BOSCH dhe SIEMENS. Problemet kur d\u00ebmtohet garnitura: \ud83d\udd25<\/p>\n<div class=\"klb-readmore button\"><a class=\"btn link\" href=\"https:\/\/ralkont.al\/sq\/sample-product\/guarnicion-sobe\/\">Read More <i class=\"klbth-icon-right-arrow\"><\/i><\/a><\/div>","protected":false},"featured_media":9752,"template":"","meta":[],"product_brand":[],"product_cat":[375,373],"product_tag":[],"class_list":{"0":"post-9750","1":"product","2":"type-product","3":"status-publish","4":"has-post-thumbnail","6":"product_cat-guarnicion-dere-soba","7":"product_cat-soba","9":"first","10":"instock","11":"taxable","12":"shipping-taxable","13":"purchasable","14":"product-type-simple"},"_links":{"self":[{"href":"https:\/\/ralkont.al\/sq\/wp-json\/wp\/v2\/product\/9750","targetHints":{"allow":["GET"]}}],"collection":[{"href":"https:\/\/ralkont.al\/sq\/wp-json\/wp\/v2\/product"}],"about":[{"href":"https:\/\/ralkont.al\/sq\/wp-json\/wp\/v2\/types\/product"}],"wp:featuredmedia":[{"embeddable":true,"href":"https:\/\/ralkont.al\/sq\/wp-json\/wp\/v2\/media\/9752"}],"wp:attachment":[{"href":"https:\/\/ralkont.al\/sq\/wp-json\/wp\/v2\/media?parent=9750"}],"wp:term":[{"taxonomy":"product_brand","embeddable":true,"href":"https:\/\/ralkont.al\/sq\/wp-json\/wp\/v2\/product_brand?post=9750"},{"taxonomy":"product_cat","embeddable":true,"href":"https:\/\/ralkont.al\/sq\/wp-json\/wp\/v2\/product_cat?post=9750"},{"taxonomy":"product_tag","embeddable":true,"href":"https:\/\/ralkont.al\/sq\/wp-json\/wp\/v2\/product_tag?post=9750"}],"curies":[{"name":"wp","href":"https:\/\/api.w.org\/{rel}","templated":true}]}}