{"id":9568,"date":"2026-03-10T12:49:03","date_gmt":"2026-03-10T12:49:03","guid":{"rendered":"https:\/\/ralkont.al\/?post_type=product&#038;p=9568"},"modified":"2026-03-10T12:51:24","modified_gmt":"2026-03-10T12:51:24","slug":"presostat-per-lavastovilie-samsung","status":"publish","type":"product","link":"https:\/\/ralkont.al\/sq\/sample-product\/presostat-per-lavastovilie-samsung\/","title":{"rendered":"PRESOSTAT PER LAVASTOVILIE SAMSUNG"},"content":{"rendered":"<h2 data-section-id=\"15bxgo1\" data-start=\"0\" data-end=\"44\">PRESOSTAT P\u00cbR LAVATRI\u00c7E SAMSUNG \u2013 152SU00<\/h2>\n<p data-start=\"48\" data-end=\"79\"><strong data-start=\"48\" data-end=\"69\">Kodi i produktit:<\/strong> 152SU00<\/p>\n<h3 data-section-id=\"ktp80n\" data-start=\"81\" data-end=\"107\">P\u00ebrshkrimi i produktit<\/h3>\n<p data-start=\"108\" data-end=\"387\"><strong data-start=\"108\" data-end=\"135\">Presostat p\u00ebr lavatri\u00e7e<\/strong> q\u00eb sh\u00ebrben p\u00ebr t\u00eb kontrolluar nivelin e ujit gjat\u00eb funksionimit t\u00eb pajisjes. Ky komponent mat presionin e ajrit nga tubi i nivelit t\u00eb ujit dhe d\u00ebrgon sinjale n\u00eb sistemin elektronik p\u00ebr t\u00eb rregulluar mbushjen dhe ndalimin e ujit gjat\u00eb ciklit t\u00eb larjes.<\/p>\n<p data-start=\"389\" data-end=\"526\">P\u00ebrdoret p\u00ebr z\u00ebvend\u00ebsimin e <strong data-start=\"417\" data-end=\"460\">presostatit t\u00eb d\u00ebmtuar ose t\u00eb konsumuar<\/strong> n\u00eb lavatri\u00e7et e mark\u00ebs <strong data-start=\"484\" data-end=\"525\"><span class=\"hover:entity-accent entity-underline inline cursor-pointer align-baseline\"><span class=\"whitespace-normal\">Samsung<\/span><\/span><\/strong>.<\/p>\n<hr data-start=\"528\" data-end=\"531\" \/>\n<h3 data-section-id=\"1v6i0jn\" data-start=\"533\" data-end=\"595\">Probleme q\u00eb mund t\u00eb shfaqen kur presostati \u00ebsht\u00eb i d\u00ebmtuar<\/h3>\n<ul data-start=\"596\" data-end=\"798\">\n<li data-section-id=\"1yu2t9p\" data-start=\"596\" data-end=\"629\">\n<p data-start=\"598\" data-end=\"629\">Lavatri\u00e7ja nuk mbushet me uj\u00eb<\/p>\n<\/li>\n<li data-section-id=\"g6usdx\" data-start=\"630\" data-end=\"665\">\n<p data-start=\"632\" data-end=\"665\">Lavatri\u00e7ja mbushet shum\u00eb me uj\u00eb<\/p>\n<\/li>\n<li data-section-id=\"tchse9\" data-start=\"666\" data-end=\"698\">\n<p data-start=\"668\" data-end=\"698\">Programi i larjes nuk fillon<\/p>\n<\/li>\n<li data-section-id=\"1ql762j\" data-start=\"699\" data-end=\"740\">\n<p data-start=\"701\" data-end=\"740\">Pajisja ndalon gjat\u00eb ciklit t\u00eb larjes<\/p>\n<\/li>\n<li data-section-id=\"1i2sxub\" data-start=\"741\" data-end=\"798\">\n<p data-start=\"743\" data-end=\"798\">Shfaqje e kodeve t\u00eb gabimit q\u00eb lidhen me nivelin e ujit<\/p>\n<\/li>\n<\/ul>\n<hr data-start=\"800\" data-end=\"803\" \/>\n<h3 data-section-id=\"qqv9x8\" data-start=\"805\" data-end=\"823\">Kodi origjinal<\/h3>\n<ul data-start=\"824\" data-end=\"839\">\n<li data-section-id=\"102q3rz\" data-start=\"824\" data-end=\"839\">\n<p data-start=\"826\" data-end=\"839\">DC96-01703G<\/p>\n<\/li>\n<\/ul>\n<hr data-start=\"841\" data-end=\"844\" \/>\n<h3 data-section-id=\"12kuamm\" data-start=\"846\" data-end=\"870\">Marka t\u00eb p\u00ebrputhshme<\/h3>\n<p data-start=\"871\" data-end=\"882\">\u2714 Samsung<\/p>\n<hr data-start=\"884\" data-end=\"887\" \/>\n<h3 data-section-id=\"1psdxjj\" data-start=\"889\" data-end=\"902\">Kategoria<\/h3>\n<p data-start=\"903\" data-end=\"935\" data-is-last-node=\"\" data-is-only-node=\"\">Pjes\u00eb k\u00ebmbimi p\u00ebr lavatri\u00e7e \ud83d\udd27\ud83d\udca7<\/p>","protected":false},"excerpt":{"rendered":"<p>PRESOSTAT P\u00cbR LAVATRI\u00c7E SAMSUNG \u2013 152SU00 Kodi i produktit: 152SU00 P\u00ebrshkrimi i produktit Presostat p\u00ebr lavatri\u00e7e q\u00eb sh\u00ebrben p\u00ebr t\u00eb kontrolluar nivelin e ujit gjat\u00eb funksionimit t\u00eb pajisjes. Ky komponent mat presionin e ajrit nga tubi i nivelit t\u00eb ujit dhe d\u00ebrgon sinjale n\u00eb sistemin elektronik p\u00ebr t\u00eb rregulluar mbushjen dhe ndalimin e ujit gjat\u00eb<\/p>\n<div class=\"klb-readmore button\"><a class=\"btn link\" href=\"https:\/\/ralkont.al\/sq\/sample-product\/presostat-per-lavastovilie-samsung\/\">Read More <i class=\"klbth-icon-right-arrow\"><\/i><\/a><\/div>","protected":false},"featured_media":9569,"template":"","meta":[],"product_brand":[],"product_cat":[346,362],"product_tag":[],"class_list":{"0":"post-9568","1":"product","2":"type-product","3":"status-publish","4":"has-post-thumbnail","6":"product_cat-larje","7":"product_cat-presostat-larje","9":"first","10":"instock","11":"taxable","12":"shipping-taxable","13":"purchasable","14":"product-type-simple"},"_links":{"self":[{"href":"https:\/\/ralkont.al\/sq\/wp-json\/wp\/v2\/product\/9568","targetHints":{"allow":["GET"]}}],"collection":[{"href":"https:\/\/ralkont.al\/sq\/wp-json\/wp\/v2\/product"}],"about":[{"href":"https:\/\/ralkont.al\/sq\/wp-json\/wp\/v2\/types\/product"}],"wp:featuredmedia":[{"embeddable":true,"href":"https:\/\/ralkont.al\/sq\/wp-json\/wp\/v2\/media\/9569"}],"wp:attachment":[{"href":"https:\/\/ralkont.al\/sq\/wp-json\/wp\/v2\/media?parent=9568"}],"wp:term":[{"taxonomy":"product_brand","embeddable":true,"href":"https:\/\/ralkont.al\/sq\/wp-json\/wp\/v2\/product_brand?post=9568"},{"taxonomy":"product_cat","embeddable":true,"href":"https:\/\/ralkont.al\/sq\/wp-json\/wp\/v2\/product_cat?post=9568"},{"taxonomy":"product_tag","embeddable":true,"href":"https:\/\/ralkont.al\/sq\/wp-json\/wp\/v2\/product_tag?post=9568"}],"curies":[{"name":"wp","href":"https:\/\/api.w.org\/{rel}","templated":true}]}}