{"id":9490,"date":"2026-03-04T16:39:04","date_gmt":"2026-03-04T16:39:04","guid":{"rendered":"https:\/\/ralkont.al\/?post_type=product&#038;p=9490"},"modified":"2026-03-04T16:42:34","modified_gmt":"2026-03-04T16:42:34","slug":"celes-sekondar-lavatrice-lg-4","status":"publish","type":"product","link":"https:\/\/ralkont.al\/sq\/sample-product\/celes-sekondar-lavatrice-lg-4\/","title":{"rendered":"CELES SEKONDAR LAVATRICE LG"},"content":{"rendered":"<div class=\"flex flex-col text-sm pb-25\">\n<article class=\"text-token-text-primary w-full focus:outline-none [--shadow-height:45px] has-data-writing-block:pointer-events-none has-data-writing-block:-mt-(--shadow-height) has-data-writing-block:pt-(--shadow-height) [&amp;:has([data-writing-block])&gt;*]:pointer-events-auto scroll-mt-(--header-height)\" dir=\"auto\" tabindex=\"-1\" data-turn-id=\"fc58e7b4-d816-4630-913d-af3f71ba7c80\" data-testid=\"conversation-turn-9\" data-scroll-anchor=\"false\" data-turn=\"user\"><\/article>\n<article class=\"text-token-text-primary w-full focus:outline-none [--shadow-height:45px] has-data-writing-block:pointer-events-none has-data-writing-block:-mt-(--shadow-height) has-data-writing-block:pt-(--shadow-height) [&amp;:has([data-writing-block])&gt;*]:pointer-events-auto scroll-mt-[calc(var(--header-height)+min(200px,max(70px,20svh)))]\" dir=\"auto\" tabindex=\"-1\" data-turn-id=\"request-WEB:916dc6f7-e46d-4690-a037-387f885a8ec8-4\" data-testid=\"conversation-turn-10\" data-scroll-anchor=\"true\" data-turn=\"assistant\">\n<div class=\"text-base my-auto mx-auto pb-10 [--thread-content-margin:--spacing(4)] @w-sm\/main:[--thread-content-margin:--spacing(6)] @w-lg\/main:[--thread-content-margin:--spacing(16)] px-(--thread-content-margin)\">\n<div class=\"[--thread-content-max-width:40rem] @w-lg\/main:[--thread-content-max-width:48rem] mx-auto max-w-(--thread-content-max-width) flex-1 group\/turn-messages focus-visible:outline-hidden relative flex w-full min-w-0 flex-col agent-turn\" tabindex=\"-1\">\n<div class=\"flex max-w-full flex-col grow\">\n<div class=\"min-h-8 text-message relative flex w-full flex-col items-end gap-2 text-start break-words whitespace-normal [.text-message+&amp;]:mt-1\" dir=\"auto\" data-message-author-role=\"assistant\" data-message-id=\"e5c3d774-2621-441e-b717-bca2aefd1cc4\" data-message-model-slug=\"gpt-5-3\">\n<div class=\"flex w-full flex-col gap-1 empty:hidden first:pt-[1px]\">\n<div class=\"markdown prose dark:prose-invert w-full wrap-break-word light markdown-new-styling\">\n<div class=\"flex flex-col text-sm pb-25\">\n<article class=\"text-token-text-primary w-full focus:outline-none [--shadow-height:45px] has-data-writing-block:pointer-events-none has-data-writing-block:-mt-(--shadow-height) has-data-writing-block:pt-(--shadow-height) [&amp;:has([data-writing-block])&gt;*]:pointer-events-auto scroll-mt-[calc(var(--header-height)+min(200px,max(70px,20svh)))]\" dir=\"auto\" tabindex=\"-1\" data-turn-id=\"request-WEB:916dc6f7-e46d-4690-a037-387f885a8ec8-8\" data-testid=\"conversation-turn-18\" data-scroll-anchor=\"true\" data-turn=\"assistant\">\n<div class=\"text-base my-auto mx-auto pb-10 [--thread-content-margin:--spacing(4)] @w-sm\/main:[--thread-content-margin:--spacing(6)] @w-lg\/main:[--thread-content-margin:--spacing(16)] px-(--thread-content-margin)\">\n<div class=\"[--thread-content-max-width:40rem] @w-lg\/main:[--thread-content-max-width:48rem] mx-auto max-w-(--thread-content-max-width) flex-1 group\/turn-messages focus-visible:outline-hidden relative flex w-full min-w-0 flex-col agent-turn\" tabindex=\"-1\">\n<div class=\"flex max-w-full flex-col grow\">\n<div class=\"min-h-8 text-message relative flex w-full flex-col items-end gap-2 text-start break-words whitespace-normal [.text-message+&amp;]:mt-1\" dir=\"auto\" data-message-author-role=\"assistant\" data-message-id=\"cdb99680-a4c1-46d6-bc59-061c1c639ad0\" data-message-model-slug=\"gpt-5-3\">\n<div class=\"flex w-full flex-col gap-1 empty:hidden first:pt-[1px]\">\n<div class=\"markdown prose dark:prose-invert w-full wrap-break-word light markdown-new-styling\">\n<div class=\"flex flex-col text-sm pb-25\">\n<article class=\"text-token-text-primary w-full focus:outline-none [--shadow-height:45px] has-data-writing-block:pointer-events-none has-data-writing-block:-mt-(--shadow-height) has-data-writing-block:pt-(--shadow-height) [&amp;:has([data-writing-block])&gt;*]:pointer-events-auto scroll-mt-(--header-height)\" dir=\"auto\" tabindex=\"-1\" data-turn-id=\"c73e51fc-59f3-4a20-98ea-c645fb51635e\" data-testid=\"conversation-turn-19\" data-scroll-anchor=\"false\" data-turn=\"user\"><\/article>\n<article class=\"text-token-text-primary w-full focus:outline-none [--shadow-height:45px] has-data-writing-block:pointer-events-none has-data-writing-block:-mt-(--shadow-height) has-data-writing-block:pt-(--shadow-height) [&amp;:has([data-writing-block])&gt;*]:pointer-events-auto scroll-mt-[calc(var(--header-height)+min(200px,max(70px,20svh)))]\" dir=\"auto\" tabindex=\"-1\" data-turn-id=\"request-WEB:916dc6f7-e46d-4690-a037-387f885a8ec8-9\" data-testid=\"conversation-turn-20\" data-scroll-anchor=\"true\" data-turn=\"assistant\">\n<div class=\"text-base my-auto mx-auto pb-10 [--thread-content-margin:--spacing(4)] @w-sm\/main:[--thread-content-margin:--spacing(6)] @w-lg\/main:[--thread-content-margin:--spacing(16)] px-(--thread-content-margin)\">\n<div class=\"[--thread-content-max-width:40rem] @w-lg\/main:[--thread-content-max-width:48rem] mx-auto max-w-(--thread-content-max-width) flex-1 group\/turn-messages focus-visible:outline-hidden relative flex w-full min-w-0 flex-col agent-turn\" tabindex=\"-1\">\n<div class=\"flex max-w-full flex-col grow\">\n<div class=\"min-h-8 text-message relative flex w-full flex-col items-end gap-2 text-start break-words whitespace-normal [.text-message+&amp;]:mt-1\" dir=\"auto\" data-message-author-role=\"assistant\" data-message-id=\"61abea6e-d1ab-4b06-bdb8-898b3a324a19\" data-message-model-slug=\"gpt-5-3\">\n<div class=\"flex w-full flex-col gap-1 empty:hidden first:pt-[1px]\">\n<div class=\"markdown prose dark:prose-invert w-full wrap-break-word light markdown-new-styling\">\n<div class=\"flex flex-col text-sm pb-25\">\n<article class=\"text-token-text-primary w-full focus:outline-none [--shadow-height:45px] has-data-writing-block:pointer-events-none has-data-writing-block:-mt-(--shadow-height) has-data-writing-block:pt-(--shadow-height) [&amp;:has([data-writing-block])&gt;*]:pointer-events-auto scroll-mt-[calc(var(--header-height)+min(200px,max(70px,20svh)))]\" dir=\"auto\" tabindex=\"-1\" data-turn-id=\"request-WEB:916dc6f7-e46d-4690-a037-387f885a8ec8-11\" data-testid=\"conversation-turn-24\" data-scroll-anchor=\"true\" data-turn=\"assistant\">\n<div class=\"text-base my-auto mx-auto pb-10 [--thread-content-margin:--spacing(4)] @w-sm\/main:[--thread-content-margin:--spacing(6)] @w-lg\/main:[--thread-content-margin:--spacing(16)] px-(--thread-content-margin)\">\n<div class=\"[--thread-content-max-width:40rem] @w-lg\/main:[--thread-content-max-width:48rem] mx-auto max-w-(--thread-content-max-width) flex-1 group\/turn-messages focus-visible:outline-hidden relative flex w-full min-w-0 flex-col agent-turn\" tabindex=\"-1\">\n<div class=\"flex max-w-full flex-col grow\">\n<div class=\"min-h-8 text-message relative flex w-full flex-col items-end gap-2 text-start break-words whitespace-normal [.text-message+&amp;]:mt-1\" dir=\"auto\" data-message-author-role=\"assistant\" data-message-id=\"ed57089e-b66b-40d1-b2ae-98eff5c45a2f\" data-message-model-slug=\"gpt-5-3\">\n<div class=\"flex w-full flex-col gap-1 empty:hidden first:pt-[1px]\">\n<div class=\"markdown prose dark:prose-invert w-full wrap-break-word light markdown-new-styling\">\n<article class=\"text-token-text-primary w-full focus:outline-none [--shadow-height:45px] has-data-writing-block:pointer-events-none has-data-writing-block:-mt-(--shadow-height) has-data-writing-block:pt-(--shadow-height) [&amp;:has([data-writing-block])&gt;*]:pointer-events-auto scroll-mt-(--header-height)\" dir=\"auto\" tabindex=\"-1\" data-turn-id=\"09abfc35-eb9e-45f8-961d-5af54949a37c\" data-testid=\"conversation-turn-29\" data-scroll-anchor=\"false\" data-turn=\"user\"><\/article>\n<article class=\"text-token-text-primary w-full focus:outline-none [--shadow-height:45px] has-data-writing-block:pointer-events-none has-data-writing-block:-mt-(--shadow-height) has-data-writing-block:pt-(--shadow-height) [&amp;:has([data-writing-block])&gt;*]:pointer-events-auto scroll-mt-[calc(var(--header-height)+min(200px,max(70px,20svh)))]\" dir=\"auto\" tabindex=\"-1\" data-turn-id=\"request-WEB:916dc6f7-e46d-4690-a037-387f885a8ec8-14\" data-testid=\"conversation-turn-30\" data-scroll-anchor=\"true\" data-turn=\"assistant\">\n<div class=\"text-base my-auto mx-auto pb-10 [--thread-content-margin:--spacing(4)] @w-sm\/main:[--thread-content-margin:--spacing(6)] @w-lg\/main:[--thread-content-margin:--spacing(16)] px-(--thread-content-margin)\">\n<div class=\"[--thread-content-max-width:40rem] @w-lg\/main:[--thread-content-max-width:48rem] mx-auto max-w-(--thread-content-max-width) flex-1 group\/turn-messages focus-visible:outline-hidden relative flex w-full min-w-0 flex-col agent-turn\" tabindex=\"-1\">\n<div class=\"flex max-w-full flex-col grow\">\n<div class=\"min-h-8 text-message relative flex w-full flex-col items-end gap-2 text-start break-words whitespace-normal [.text-message+&amp;]:mt-1\" dir=\"auto\" data-message-author-role=\"assistant\" data-message-id=\"467d494f-9224-4b25-aac2-180ab6a0b1a3\" data-message-model-slug=\"gpt-5-3\">\n<div class=\"flex w-full flex-col gap-1 empty:hidden first:pt-[1px]\">\n<div class=\"markdown prose dark:prose-invert w-full wrap-break-word light markdown-new-styling\">\n<p data-start=\"0\" data-end=\"70\"><strong data-start=\"0\" data-end=\"70\">\u00c7el\u00ebs Sekondar p\u00ebr Lavatrice LG \/ Daewoo \u2013 CONCORE \/ ROLD DA047030<\/strong><\/p>\n<p data-start=\"72\" data-end=\"367\">\u00c7el\u00ebs sekondar p\u00ebr lavatrice i prodhuar nga <strong data-start=\"116\" data-end=\"141\">CONCORE (Made in PRC)<\/strong>, i p\u00ebrshtatsh\u00ebm p\u00ebr modele t\u00eb ndryshme t\u00eb markave <strong data-start=\"192\" data-end=\"209\">LG dhe Daewoo<\/strong>. Ky komponent bllokon der\u00ebn e lavatri\u00e7es gjat\u00eb ciklit t\u00eb larjes dhe siguron q\u00eb pajisja t\u00eb filloj\u00eb programin vet\u00ebm kur dera \u00ebsht\u00eb mbyllur n\u00eb m\u00ebnyr\u00eb t\u00eb sigurt.<\/p>\n<p data-start=\"369\" data-end=\"385\"><strong data-start=\"369\" data-end=\"385\">Specifikime:<\/strong><\/p>\n<ul data-start=\"386\" data-end=\"480\">\n<li data-start=\"386\" data-end=\"416\">\n<p data-start=\"388\" data-end=\"416\"><strong data-start=\"388\" data-end=\"406\">Kodi produkti:<\/strong> 148EG04<\/p>\n<\/li>\n<li data-start=\"417\" data-end=\"442\">\n<p data-start=\"419\" data-end=\"442\"><strong data-start=\"419\" data-end=\"432\">Prodhues:<\/strong> CONCORE<\/p>\n<\/li>\n<li data-start=\"443\" data-end=\"480\">\n<p data-start=\"445\" data-end=\"480\"><strong data-start=\"445\" data-end=\"464\">Kodi prodhuesi:<\/strong> ROLD DA047030<\/p>\n<\/li>\n<\/ul>\n<p data-start=\"482\" data-end=\"502\"><strong data-start=\"482\" data-end=\"502\">Kode origjinale:<\/strong><\/p>\n<ul data-start=\"503\" data-end=\"579\">\n<li data-start=\"503\" data-end=\"552\">\n<p data-start=\"505\" data-end=\"552\"><strong data-start=\"505\" data-end=\"512\">LG:<\/strong> 6601EN1003D, 6601ER1005A, 6601ER1005C<\/p>\n<\/li>\n<li data-start=\"553\" data-end=\"579\">\n<p data-start=\"555\" data-end=\"579\"><strong data-start=\"555\" data-end=\"566\">Daewoo:<\/strong> 3619047100<\/p>\n<\/li>\n<\/ul>\n<p data-start=\"581\" data-end=\"617\"><strong data-start=\"581\" data-end=\"604\">I p\u00ebrshtatsh\u00ebm p\u00ebr:<\/strong><br \/>\nLG, Daewoo<\/p>\n<p data-start=\"619\" data-end=\"804\" data-is-last-node=\"\" data-is-only-node=\"\">Ky <strong data-start=\"622\" data-end=\"640\">\u00e7el\u00ebs sekondar<\/strong> p\u00ebrdoret p\u00ebr z\u00ebvend\u00ebsimin e pjes\u00ebs s\u00eb d\u00ebmtuar kur lavatri\u00e7ja nuk nis programin ose dera nuk bllokohet si\u00e7 duhet. Ideal p\u00ebr riparime dhe mir\u00ebmbajtje t\u00eb lavatri\u00e7eve.<\/p>\n<\/div>\n<\/div>\n<\/div>\n<\/div>\n<\/div>\n<\/div>\n<\/article>\n<\/div>\n<\/div>\n<\/div>\n<\/div>\n<div class=\"z-0 flex min-h-[46px] justify-start\"><strong>\u00c7el\u00ebsi sekondar \u00ebsht\u00eb komponent sigurie q\u00eb bllokon der\u00ebn e lavatri\u00e7es gjat\u00eb ciklit t\u00eb larjes dhe d\u00ebrgon sinjal n\u00eb modul p\u00ebr t\u00eb lejuar nisjen e programit.<\/strong><\/div>\n<\/div>\n<\/div>\n<\/article>\n<\/div>\n<\/div>\n<\/div>\n<\/div>\n<\/div>\n<\/div>\n<\/div>\n<\/article>\n<\/div>\n<\/div>\n<\/div>\n<\/div>\n<\/div>\n<\/div>\n<\/div>\n<\/article>\n<\/div>\n<\/div>\n<\/div>\n<\/div>\n<\/div>\n<\/div>\n<\/div>\n<\/article>\n<\/div>\n<p data-start=\"210\" data-end=\"235\"><strong data-start=\"210\" data-end=\"235\">Simptoma kur prishet:<\/strong><\/p>\n<ul data-start=\"236\" data-end=\"391\">\n<li data-start=\"236\" data-end=\"268\">\n<p data-start=\"238\" data-end=\"268\">Lavatri\u00e7ja nuk nis programin<\/p>\n<\/li>\n<li data-start=\"269\" data-end=\"312\">\n<p data-start=\"271\" data-end=\"312\">Jep kod gabimi (Door \/E01 \/ F17, etj.)<\/p>\n<\/li>\n<li data-start=\"313\" data-end=\"360\">\n<p data-start=\"315\" data-end=\"360\">Dera nuk bllokohet ose nuk hapet pas larjes<\/p>\n<\/li>\n<li data-start=\"361\" data-end=\"391\">\n<p data-start=\"363\" data-end=\"391\">Programi nd\u00ebrpritet n\u00eb mes<\/p>\n<\/li>\n<\/ul>\n<p data-start=\"393\" data-end=\"504\">Zgjidhja n\u00eb shumic\u00ebn e rasteve \u00ebsht\u00eb z\u00ebvend\u00ebsimi i bllokuesit me pjes\u00eb t\u00eb re dhe t\u00eb p\u00ebrshtatshme sipas modelit.<\/p>","protected":false},"excerpt":{"rendered":"<p>\u00c7el\u00ebs Sekondar p\u00ebr Lavatrice LG \/ Daewoo \u2013 CONCORE \/ ROLD DA047030 \u00c7el\u00ebs sekondar p\u00ebr lavatrice i prodhuar nga CONCORE (Made in PRC), i p\u00ebrshtatsh\u00ebm p\u00ebr modele t\u00eb ndryshme t\u00eb markave LG dhe Daewoo. Ky komponent bllokon der\u00ebn e lavatri\u00e7es gjat\u00eb ciklit t\u00eb larjes dhe siguron q\u00eb pajisja t\u00eb filloj\u00eb programin vet\u00ebm kur dera \u00ebsht\u00eb<\/p>\n<div class=\"klb-readmore button\"><a class=\"btn link\" href=\"https:\/\/ralkont.al\/sq\/sample-product\/celes-sekondar-lavatrice-lg-4\/\">Read More <i class=\"klbth-icon-right-arrow\"><\/i><\/a><\/div>","protected":false},"featured_media":9491,"template":"","meta":[],"product_brand":[],"product_cat":[348,346],"product_tag":[],"class_list":{"0":"post-9490","1":"product","2":"type-product","3":"status-publish","4":"has-post-thumbnail","6":"product_cat-brava-sekondare","7":"product_cat-larje","9":"first","10":"instock","11":"taxable","12":"shipping-taxable","13":"purchasable","14":"product-type-simple"},"_links":{"self":[{"href":"https:\/\/ralkont.al\/sq\/wp-json\/wp\/v2\/product\/9490","targetHints":{"allow":["GET"]}}],"collection":[{"href":"https:\/\/ralkont.al\/sq\/wp-json\/wp\/v2\/product"}],"about":[{"href":"https:\/\/ralkont.al\/sq\/wp-json\/wp\/v2\/types\/product"}],"wp:featuredmedia":[{"embeddable":true,"href":"https:\/\/ralkont.al\/sq\/wp-json\/wp\/v2\/media\/9491"}],"wp:attachment":[{"href":"https:\/\/ralkont.al\/sq\/wp-json\/wp\/v2\/media?parent=9490"}],"wp:term":[{"taxonomy":"product_brand","embeddable":true,"href":"https:\/\/ralkont.al\/sq\/wp-json\/wp\/v2\/product_brand?post=9490"},{"taxonomy":"product_cat","embeddable":true,"href":"https:\/\/ralkont.al\/sq\/wp-json\/wp\/v2\/product_cat?post=9490"},{"taxonomy":"product_tag","embeddable":true,"href":"https:\/\/ralkont.al\/sq\/wp-json\/wp\/v2\/product_tag?post=9490"}],"curies":[{"name":"wp","href":"https:\/\/api.w.org\/{rel}","templated":true}]}}