{"id":9396,"date":"2026-03-02T16:27:57","date_gmt":"2026-03-02T16:27:57","guid":{"rendered":"https:\/\/ralkont.al\/?post_type=product&#038;p=9396"},"modified":"2026-03-02T16:35:47","modified_gmt":"2026-03-02T16:35:47","slug":"doreze-dere-per-lavatrice-samsung","status":"publish","type":"product","link":"https:\/\/ralkont.al\/sq\/sample-product\/doreze-dere-per-lavatrice-samsung\/","title":{"rendered":"DOREZE DERE PER LAVATRICE SAMSUNG"},"content":{"rendered":"<div class=\"Y3BBE\" data-sfc-cp=\"\" data-hveid=\"CAEIARAA\" data-complete=\"true\" data-processed=\"true\">Pjesa me kodin\u00a0<strong class=\"Yjhzub\" data-complete=\"true\" data-processed=\"true\">DC63-01541A<\/strong>\u00a0\u00ebsht\u00eb\u00a0<strong class=\"Yjhzub\" data-complete=\"true\" data-processed=\"true\">kapaku i dorez\u00ebs<\/strong> (pjesa e jashtme plastike) p\u00ebr makinat lar\u00ebse Samsung me mbushje ballore.<\/div>\n<div class=\"Fsg96\" data-sfc-cp=\"\" data-complete=\"true\" data-processed=\"true\"><\/div>\n<div class=\"otQkpb\" role=\"heading\" aria-level=\"3\" data-animation-nesting=\"\" data-sfc-cp=\"\" data-complete=\"true\" data-processed=\"true\" data-sae=\"\">Karakteristikat kryesore:<\/div>\n<ul class=\"KsbFXc U6u95\" data-complete=\"true\" data-processed=\"true\">\n<li class=\"dF3vjf\" data-hveid=\"CAEIAxAA\" data-complete=\"true\" data-sae=\"\"><span class=\"T286Pc\" data-sfc-cp=\"\" data-complete=\"true\"><strong class=\"Yjhzub\" data-complete=\"true\">Funksioni:<\/strong>\u00a0Sh\u00ebrben si mbules\u00eb dekorative dhe mbrojt\u00ebse p\u00ebr mekanizmin e dorez\u00ebs s\u00eb der\u00ebs.<\/span><\/li>\n<li class=\"dF3vjf\" data-hveid=\"CAEIAxAB\" data-complete=\"true\" data-sae=\"\"><span class=\"T286Pc\" data-sfc-cp=\"\" data-complete=\"true\"><strong class=\"Yjhzub\" data-complete=\"true\">Materiali:<\/strong>\u00a0Plastik\u00eb e fort\u00eb dhe rezistente (zakonisht n\u00eb ngjyr\u00eb t\u00eb bardh\u00eb).<\/span><\/li>\n<li class=\"dF3vjf\" data-hveid=\"CAEIAxAC\" data-complete=\"true\" data-sae=\"\"><span class=\"T286Pc\" data-sfc-cp=\"\" data-complete=\"true\"><strong class=\"Yjhzub\" data-complete=\"true\">P\u00ebrdorimi:<\/strong> Montohet me klikim mbi dorez\u00ebn baz\u00eb p\u00ebr t\u00eb leht\u00ebsuar hapjen dhe mbylljen e der\u00ebs.<\/span><\/li>\n<\/ul>\n<div class=\"Y3BBE\" data-sfc-cp=\"\" data-hveid=\"CAEIBRAA\" data-complete=\"true\" data-processed=\"true\">Ky kapak p\u00ebrshtatet me shum\u00eb modele t\u00eb njohura Samsung, duke p\u00ebrfshir\u00eb serit\u00eb:<\/div>\n<ul class=\"KsbFXc U6u95\" data-complete=\"true\" data-processed=\"true\">\n<li class=\"dF3vjf\" data-hveid=\"CAEIBhAA\" data-complete=\"true\" data-sae=\"\"><span class=\"T286Pc\" data-sfc-cp=\"\" data-complete=\"true\"><strong class=\"Yjhzub\" data-complete=\"true\">WW<\/strong>\u00a0(p.sh., WW70J, WW80K, WW90J)<\/span><\/li>\n<li class=\"dF3vjf\" data-hveid=\"CAEIBhAB\" data-complete=\"true\" data-sae=\"\"><span class=\"T286Pc\" data-sfc-cp=\"\" data-complete=\"true\"><strong class=\"Yjhzub\" data-complete=\"true\">WF<\/strong>\u00a0(p.sh., WF70F5E, WF80F5E)<\/span><\/li>\n<li class=\"dF3vjf\" data-hveid=\"CAEIBhAC\" data-complete=\"true\" data-sae=\"\"><span class=\"T286Pc\" data-sfc-cp=\"\" data-complete=\"true\" aria-owns=\"action-menu-parent-container\"><strong class=\"Yjhzub\" data-complete=\"true\">WD<\/strong>\u00a0(makinat q\u00eb edhe thajn\u00eb)<\/span><\/li>\n<li data-hveid=\"CAEIBhAC\" data-complete=\"true\" data-sae=\"\">139SU10<\/li>\n<\/ul>","protected":false},"excerpt":{"rendered":"<p>Pjesa me kodin\u00a0DC63-01541A\u00a0\u00ebsht\u00eb\u00a0kapaku i dorez\u00ebs (pjesa e jashtme plastike) p\u00ebr makinat lar\u00ebse Samsung me mbushje ballore. Karakteristikat kryesore: Funksioni:\u00a0Sh\u00ebrben si mbules\u00eb dekorative dhe mbrojt\u00ebse p\u00ebr mekanizmin e dorez\u00ebs s\u00eb der\u00ebs. Materiali:\u00a0Plastik\u00eb e fort\u00eb dhe rezistente (zakonisht n\u00eb ngjyr\u00eb t\u00eb bardh\u00eb). P\u00ebrdorimi: Montohet me klikim mbi dorez\u00ebn baz\u00eb p\u00ebr t\u00eb leht\u00ebsuar hapjen dhe mbylljen e der\u00ebs.<\/p>\n<div class=\"klb-readmore button\"><a class=\"btn link\" href=\"https:\/\/ralkont.al\/sq\/sample-product\/doreze-dere-per-lavatrice-samsung\/\">Read More <i class=\"klbth-icon-right-arrow\"><\/i><\/a><\/div>","protected":false},"featured_media":9397,"template":"","meta":[],"product_brand":[],"product_cat":[350,346],"product_tag":[],"class_list":{"0":"post-9396","1":"product","2":"type-product","3":"status-publish","4":"has-post-thumbnail","6":"product_cat-doreza","7":"product_cat-larje","9":"first","10":"instock","11":"purchasable","12":"product-type-simple"},"_links":{"self":[{"href":"https:\/\/ralkont.al\/sq\/wp-json\/wp\/v2\/product\/9396","targetHints":{"allow":["GET"]}}],"collection":[{"href":"https:\/\/ralkont.al\/sq\/wp-json\/wp\/v2\/product"}],"about":[{"href":"https:\/\/ralkont.al\/sq\/wp-json\/wp\/v2\/types\/product"}],"wp:featuredmedia":[{"embeddable":true,"href":"https:\/\/ralkont.al\/sq\/wp-json\/wp\/v2\/media\/9397"}],"wp:attachment":[{"href":"https:\/\/ralkont.al\/sq\/wp-json\/wp\/v2\/media?parent=9396"}],"wp:term":[{"taxonomy":"product_brand","embeddable":true,"href":"https:\/\/ralkont.al\/sq\/wp-json\/wp\/v2\/product_brand?post=9396"},{"taxonomy":"product_cat","embeddable":true,"href":"https:\/\/ralkont.al\/sq\/wp-json\/wp\/v2\/product_cat?post=9396"},{"taxonomy":"product_tag","embeddable":true,"href":"https:\/\/ralkont.al\/sq\/wp-json\/wp\/v2\/product_tag?post=9396"}],"curies":[{"name":"wp","href":"https:\/\/api.w.org\/{rel}","templated":true}]}}