{"id":9383,"date":"2026-02-21T15:00:52","date_gmt":"2026-02-21T15:00:52","guid":{"rendered":"https:\/\/ralkont.al\/?post_type=product&#038;p=9383"},"modified":"2026-04-02T11:48:50","modified_gmt":"2026-04-02T11:48:50","slug":"motorpompe-per-lavastovilje-bosch-siemens-2","status":"publish","type":"product","link":"https:\/\/ralkont.al\/sq\/sample-product\/motorpompe-per-lavastovilje-bosch-siemens-2\/","title":{"rendered":"HELIKE PER LAVASTOVILJE BOSCH SIEMENS"},"content":{"rendered":"<p data-start=\"512\" data-end=\"632\">SPRUCATOR PER LAVASTOVILJE<\/p>\n<p data-start=\"169\" data-end=\"286\"><strong data-start=\"169\" data-end=\"181\">Gjendja:<\/strong> Produkt i ri<br data-start=\"194\" data-end=\"197\" \/><strong data-start=\"197\" data-end=\"206\">Tipi:<\/strong> HELIKE \/ Sprayer i posht\u00ebm<br data-start=\"235\" data-end=\"238\" \/><strong data-start=\"238\" data-end=\"252\">Pozicioni:<\/strong> Pjesa e poshtme e lavastoviljes<\/p>\n<p data-start=\"288\" data-end=\"307\"><strong data-start=\"288\" data-end=\"307\">Kodi Origjinal:<\/strong><\/p>\n<ul data-start=\"308\" data-end=\"415\">\n<li data-start=\"308\" data-end=\"334\">\n<p data-start=\"310\" data-end=\"334\">ELECTROLUX: 1118952108<\/p>\n<\/li>\n<li data-start=\"335\" data-end=\"361\">\n<p data-start=\"337\" data-end=\"361\">ELECTROLUX: 1118136009<\/p>\n<\/li>\n<li data-start=\"362\" data-end=\"388\">\n<p data-start=\"364\" data-end=\"388\">ELECTROLUX: 1118136702<\/p>\n<\/li>\n<li data-start=\"389\" data-end=\"415\">\n<p data-start=\"391\" data-end=\"415\">ELECTROLUX: 1118952009<\/p>\n<\/li>\n<\/ul>\n<p data-start=\"417\" data-end=\"446\"><strong data-start=\"417\" data-end=\"446\">I p\u00ebrshtatsh\u00ebm p\u00ebr marka:<\/strong><\/p>\n<ul data-start=\"447\" data-end=\"481\">\n<li data-start=\"447\" data-end=\"461\">\n<p data-start=\"449\" data-end=\"461\">ELECTROLUX<\/p>\n<\/li>\n<li data-start=\"462\" data-end=\"469\">\n<p data-start=\"464\" data-end=\"469\">REX<\/p>\n<\/li>\n<li data-start=\"470\" data-end=\"481\">\n<p data-start=\"472\" data-end=\"481\">ZANUSSI<\/p>\n<\/li>\n<\/ul>\n<hr data-start=\"483\" data-end=\"486\" \/>\n<h3 data-start=\"488\" data-end=\"518\">\ud83d\udd27 P\u00ebrshkrimi i Produktit:<br \/>\nHELIKE (girante) e poshtme p\u00ebr lavastovilje, e projektuar p\u00ebr t\u00eb shp\u00ebrndar\u00eb ujin me presion gjat\u00eb ciklit t\u00eb larjes, duke siguruar pastrim uniform dhe efikas t\u00eb en\u00ebve.<\/h3>\n<p data-start=\"691\" data-end=\"828\">Prodhuar me material rezistent ndaj temperaturave t\u00eb larta dhe kimikateve t\u00eb detergjentit, garanton jet\u00ebgjat\u00ebsi dhe performanc\u00eb optimale.<\/p>\n<hr data-start=\"830\" data-end=\"833\" \/>\n<h3 data-start=\"835\" data-end=\"851\">\u2705 Funksioni:<\/h3>\n<ul data-start=\"852\" data-end=\"956\">\n<li data-start=\"852\" data-end=\"883\">\n<p data-start=\"854\" data-end=\"883\">Shp\u00ebrndarje uniforme e ujit<\/p>\n<\/li>\n<li data-start=\"884\" data-end=\"914\">\n<p data-start=\"886\" data-end=\"914\">Rrit efikasitetin e larjes<\/p>\n<\/li>\n<li data-start=\"915\" data-end=\"956\">\n<p data-start=\"917\" data-end=\"956\">Z\u00ebvend\u00ebsim direkt i pjes\u00ebs origjinale<\/p>\n<\/li>\n<\/ul>\n<hr data-start=\"634\" data-end=\"637\" \/>\n<p>140ZN62<\/p>","protected":false},"excerpt":{"rendered":"<p>SPRUCATOR PER LAVASTOVILJE Gjendja: Produkt i riTipi: HELIKE \/ Sprayer i posht\u00ebmPozicioni: Pjesa e poshtme e lavastoviljes Kodi Origjinal: ELECTROLUX: 1118952108 ELECTROLUX: 1118136009 ELECTROLUX: 1118136702 ELECTROLUX: 1118952009 I p\u00ebrshtatsh\u00ebm p\u00ebr marka: ELECTROLUX REX ZANUSSI \ud83d\udd27 P\u00ebrshkrimi i Produktit: HELIKE (girante) e poshtme p\u00ebr lavastovilje, e projektuar p\u00ebr t\u00eb shp\u00ebrndar\u00eb ujin me presion gjat\u00eb ciklit t\u00eb<\/p>\n<div class=\"klb-readmore button\"><a class=\"btn link\" href=\"https:\/\/ralkont.al\/sq\/sample-product\/motorpompe-per-lavastovilje-bosch-siemens-2\/\">Read More <i class=\"klbth-icon-right-arrow\"><\/i><\/a><\/div>","protected":false},"featured_media":9384,"template":"","meta":[],"product_brand":[],"product_cat":[346,370],"product_tag":[],"class_list":{"0":"post-9383","1":"product","2":"type-product","3":"status-publish","4":"has-post-thumbnail","6":"product_cat-larje","7":"product_cat-perzieres-kazani","9":"first","10":"instock","11":"taxable","12":"shipping-taxable","13":"purchasable","14":"product-type-simple"},"_links":{"self":[{"href":"https:\/\/ralkont.al\/sq\/wp-json\/wp\/v2\/product\/9383","targetHints":{"allow":["GET"]}}],"collection":[{"href":"https:\/\/ralkont.al\/sq\/wp-json\/wp\/v2\/product"}],"about":[{"href":"https:\/\/ralkont.al\/sq\/wp-json\/wp\/v2\/types\/product"}],"wp:featuredmedia":[{"embeddable":true,"href":"https:\/\/ralkont.al\/sq\/wp-json\/wp\/v2\/media\/9384"}],"wp:attachment":[{"href":"https:\/\/ralkont.al\/sq\/wp-json\/wp\/v2\/media?parent=9383"}],"wp:term":[{"taxonomy":"product_brand","embeddable":true,"href":"https:\/\/ralkont.al\/sq\/wp-json\/wp\/v2\/product_brand?post=9383"},{"taxonomy":"product_cat","embeddable":true,"href":"https:\/\/ralkont.al\/sq\/wp-json\/wp\/v2\/product_cat?post=9383"},{"taxonomy":"product_tag","embeddable":true,"href":"https:\/\/ralkont.al\/sq\/wp-json\/wp\/v2\/product_tag?post=9383"}],"curies":[{"name":"wp","href":"https:\/\/api.w.org\/{rel}","templated":true}]}}