{"id":9355,"date":"2026-02-20T16:55:21","date_gmt":"2026-02-20T16:55:21","guid":{"rendered":"https:\/\/ralkont.al\/?post_type=product&#038;p=9355"},"modified":"2026-02-20T16:58:15","modified_gmt":"2026-02-20T16:58:15","slug":"shkume-per-rrjedhje-gazi-gas-control","status":"publish","type":"product","link":"https:\/\/ralkont.al\/sq\/sample-product\/shkume-per-rrjedhje-gazi-gas-control\/","title":{"rendered":"Shkum\u00eb p\u00ebr rrjedhje gazi gas control"},"content":{"rendered":"<ol>\n<li>\n<p data-start=\"0\" data-end=\"59\"><strong data-start=\"0\" data-end=\"13\">Produkti:<\/strong> Oxy Turbo Gas Control \u2013 Spray sigurie p\u00ebr gaz<\/p>\n<p data-start=\"61\" data-end=\"302\"><strong data-start=\"61\" data-end=\"76\">P\u00ebrshkrimi:<\/strong><br data-start=\"76\" data-end=\"79\" \/>Spray kontrolli p\u00ebr gaz \u201cGas Control\u201d p\u00ebrdoret p\u00ebr zbulimin e rrjedhjeve t\u00eb gazit n\u00eb instalime sht\u00ebpiake dhe profesionale. Formon flluska n\u00eb vendin e rrjedhjes, duke mund\u00ebsuar identifikim t\u00eb shpejt\u00eb dhe t\u00eb sigurt pa rrezik.<\/p>\n<p data-start=\"304\" data-end=\"320\"><strong data-start=\"304\" data-end=\"320\">Specifikime:<\/strong><\/p>\n<ul data-start=\"321\" data-end=\"549\">\n<li data-start=\"321\" data-end=\"362\">\n<p data-start=\"323\" data-end=\"362\"><strong data-start=\"323\" data-end=\"337\">P\u00ebrdorimi:<\/strong> Zbulim rrjedhjesh gazi<\/p>\n<\/li>\n<li data-start=\"363\" data-end=\"401\">\n<p data-start=\"365\" data-end=\"401\"><strong data-start=\"365\" data-end=\"378\">Aplikimi:<\/strong> Me sp\u00ebrkatje direkte<\/p>\n<\/li>\n<li data-start=\"402\" data-end=\"454\">\n<p data-start=\"404\" data-end=\"454\"><strong data-start=\"404\" data-end=\"415\">Efekti:<\/strong> Formon flluska n\u00eb vendin e rrjedhjes<\/p>\n<\/li>\n<li data-start=\"455\" data-end=\"480\">\n<p data-start=\"457\" data-end=\"480\"><strong data-start=\"457\" data-end=\"467\">Seria:<\/strong> Secur Line<\/p>\n<\/li>\n<li data-start=\"481\" data-end=\"512\">\n<p data-start=\"483\" data-end=\"512\"><strong data-start=\"483\" data-end=\"496\">Origjina:<\/strong> Made in Italy<\/p>\n<\/li>\n<li data-start=\"513\" data-end=\"549\">\n<p data-start=\"515\" data-end=\"549\"><strong data-start=\"515\" data-end=\"525\">Marka:<\/strong> Oxy Turbo \/ Gas Control<\/p>\n<\/li>\n<\/ul>\n<p data-start=\"551\" data-end=\"640\"><strong data-start=\"551\" data-end=\"574\">I p\u00ebrshtatsh\u00ebm p\u00ebr:<\/strong><br data-start=\"574\" data-end=\"577\" \/>Instalime gazi, valvula, regulator\u00eb, tubacione dhe lidhje gazi.<\/p>\n<\/li>\n<\/ol>","protected":false},"excerpt":{"rendered":"<p>Produkti: Oxy Turbo Gas Control \u2013 Spray sigurie p\u00ebr gaz P\u00ebrshkrimi:Spray kontrolli p\u00ebr gaz \u201cGas Control\u201d p\u00ebrdoret p\u00ebr zbulimin e rrjedhjeve t\u00eb gazit n\u00eb instalime sht\u00ebpiake dhe profesionale. Formon flluska n\u00eb vendin e rrjedhjes, duke mund\u00ebsuar identifikim t\u00eb shpejt\u00eb dhe t\u00eb sigurt pa rrezik. Specifikime: P\u00ebrdorimi: Zbulim rrjedhjesh gazi Aplikimi: Me sp\u00ebrkatje direkte Efekti: Formon<\/p>\n<div class=\"klb-readmore button\"><a class=\"btn link\" href=\"https:\/\/ralkont.al\/sq\/sample-product\/shkume-per-rrjedhje-gazi-gas-control\/\">Read More <i class=\"klbth-icon-right-arrow\"><\/i><\/a><\/div>","protected":false},"featured_media":9356,"template":"","meta":[],"product_brand":[],"product_cat":[309,342,330],"product_tag":[],"class_list":{"0":"post-9355","1":"product","2":"type-product","3":"status-publish","4":"has-post-thumbnail","6":"product_cat-frigorifer","7":"product_cat-gjurmues-kondicioner","8":"product_cat-kondicioner","10":"first","11":"instock","12":"taxable","13":"shipping-taxable","14":"purchasable","15":"product-type-simple"},"_links":{"self":[{"href":"https:\/\/ralkont.al\/sq\/wp-json\/wp\/v2\/product\/9355","targetHints":{"allow":["GET"]}}],"collection":[{"href":"https:\/\/ralkont.al\/sq\/wp-json\/wp\/v2\/product"}],"about":[{"href":"https:\/\/ralkont.al\/sq\/wp-json\/wp\/v2\/types\/product"}],"wp:featuredmedia":[{"embeddable":true,"href":"https:\/\/ralkont.al\/sq\/wp-json\/wp\/v2\/media\/9356"}],"wp:attachment":[{"href":"https:\/\/ralkont.al\/sq\/wp-json\/wp\/v2\/media?parent=9355"}],"wp:term":[{"taxonomy":"product_brand","embeddable":true,"href":"https:\/\/ralkont.al\/sq\/wp-json\/wp\/v2\/product_brand?post=9355"},{"taxonomy":"product_cat","embeddable":true,"href":"https:\/\/ralkont.al\/sq\/wp-json\/wp\/v2\/product_cat?post=9355"},{"taxonomy":"product_tag","embeddable":true,"href":"https:\/\/ralkont.al\/sq\/wp-json\/wp\/v2\/product_tag?post=9355"}],"curies":[{"name":"wp","href":"https:\/\/api.w.org\/{rel}","templated":true}]}}