{"id":9342,"date":"2026-02-20T15:35:08","date_gmt":"2026-02-20T15:35:08","guid":{"rendered":"https:\/\/ralkont.al\/?post_type=product&#038;p=9342"},"modified":"2026-02-20T15:41:23","modified_gmt":"2026-02-20T15:41:23","slug":"celes-sobe-candy-2","status":"publish","type":"product","link":"https:\/\/ralkont.al\/sq\/sample-product\/celes-sobe-candy-2\/","title":{"rendered":"CELES SOBE CANDY"},"content":{"rendered":"<div class=\"flex flex-col text-sm pb-25\">\n<article class=\"text-token-text-primary w-full focus:outline-none [--shadow-height:45px] has-data-writing-block:pointer-events-none has-data-writing-block:-mt-(--shadow-height) has-data-writing-block:pt-(--shadow-height) [&amp;:has([data-writing-block])&gt;*]:pointer-events-auto scroll-mt-(--header-height)\" dir=\"auto\" tabindex=\"-1\" data-turn-id=\"090df95e-a9c5-486e-9d35-0b26ee24c466\" data-testid=\"conversation-turn-19\" data-scroll-anchor=\"false\" data-turn=\"user\"><\/article>\n<article class=\"text-token-text-primary w-full focus:outline-none [--shadow-height:45px] has-data-writing-block:pointer-events-none has-data-writing-block:-mt-(--shadow-height) has-data-writing-block:pt-(--shadow-height) [&amp;:has([data-writing-block])&gt;*]:pointer-events-auto scroll-mt-[calc(var(--header-height)+min(200px,max(70px,20svh)))]\" dir=\"auto\" tabindex=\"-1\" data-turn-id=\"request-WEB:9abb2f28-7d0c-4611-a438-316acf978845-9\" data-testid=\"conversation-turn-20\" data-scroll-anchor=\"true\" data-turn=\"assistant\">\n<div class=\"text-base my-auto mx-auto pb-10 [--thread-content-margin:--spacing(4)] @w-sm\/main:[--thread-content-margin:--spacing(6)] @w-lg\/main:[--thread-content-margin:--spacing(16)] px-(--thread-content-margin)\">\n<div class=\"[--thread-content-max-width:40rem] @w-lg\/main:[--thread-content-max-width:48rem] mx-auto max-w-(--thread-content-max-width) flex-1 group\/turn-messages focus-visible:outline-hidden relative flex w-full min-w-0 flex-col agent-turn\" tabindex=\"-1\">\n<div class=\"flex max-w-full flex-col grow\">\n<div class=\"min-h-8 text-message relative flex w-full flex-col items-end gap-2 text-start break-words whitespace-normal [.text-message+&amp;]:mt-1\" dir=\"auto\" data-message-author-role=\"assistant\" data-message-id=\"4ecc5f07-7bc8-4891-ac8b-d76b30fb3e97\" data-message-model-slug=\"gpt-5-2\">\n<div class=\"flex w-full flex-col gap-1 empty:hidden first:pt-[1px]\">\n<div class=\"markdown prose dark:prose-invert w-full wrap-break-word light markdown-new-styling\">\n<article class=\"text-token-text-primary w-full focus:outline-none [--shadow-height:45px] has-data-writing-block:pointer-events-none has-data-writing-block:-mt-(--shadow-height) has-data-writing-block:pt-(--shadow-height) [&amp;:has([data-writing-block])&gt;*]:pointer-events-auto scroll-mt-(--header-height)\" dir=\"auto\" tabindex=\"-1\" data-turn-id=\"60e1a20c-1adc-452b-9e51-c8777d6c6030\" data-testid=\"conversation-turn-23\" data-scroll-anchor=\"false\" data-turn=\"user\"><\/article>\n<article class=\"text-token-text-primary w-full focus:outline-none [--shadow-height:45px] has-data-writing-block:pointer-events-none has-data-writing-block:-mt-(--shadow-height) has-data-writing-block:pt-(--shadow-height) [&amp;:has([data-writing-block])&gt;*]:pointer-events-auto scroll-mt-[calc(var(--header-height)+min(200px,max(70px,20svh)))]\" dir=\"auto\" tabindex=\"-1\" data-turn-id=\"request-WEB:9abb2f28-7d0c-4611-a438-316acf978845-11\" data-testid=\"conversation-turn-24\" data-scroll-anchor=\"true\" data-turn=\"assistant\">\n<div class=\"text-base my-auto mx-auto pb-10 [--thread-content-margin:--spacing(4)] @w-sm\/main:[--thread-content-margin:--spacing(6)] @w-lg\/main:[--thread-content-margin:--spacing(16)] px-(--thread-content-margin)\">\n<div class=\"[--thread-content-max-width:40rem] @w-lg\/main:[--thread-content-max-width:48rem] mx-auto max-w-(--thread-content-max-width) flex-1 group\/turn-messages focus-visible:outline-hidden relative flex w-full min-w-0 flex-col agent-turn\" tabindex=\"-1\">\n<div class=\"flex max-w-full flex-col grow\">\n<div class=\"min-h-8 text-message relative flex w-full flex-col items-end gap-2 text-start break-words whitespace-normal [.text-message+&amp;]:mt-1\" dir=\"auto\" data-message-author-role=\"assistant\" data-message-id=\"c6743f68-ca47-4131-be21-f17d0ae5c97c\" data-message-model-slug=\"gpt-5-2\">\n<div class=\"flex w-full flex-col gap-1 empty:hidden first:pt-[1px]\">\n<div class=\"markdown prose dark:prose-invert w-full wrap-break-word light markdown-new-styling\">\n<p data-start=\"0\" data-end=\"45\"><strong data-start=\"0\" data-end=\"9\">Kodi:<\/strong> 307CU24<br data-start=\"17\" data-end=\"20\" \/><strong data-start=\"20\" data-end=\"33\">Produkti:<\/strong> \u00c7el\u00ebs furre<\/p>\n<p data-start=\"47\" data-end=\"162\"><strong data-start=\"47\" data-end=\"62\">P\u00ebrshkrimi:<\/strong><br data-start=\"62\" data-end=\"65\" \/>\u00c7el\u00ebs furre p\u00ebr p\u00ebrzgjedhjen e funksioneve t\u00eb gatimit, me funksionim t\u00eb q\u00ebndruesh\u00ebm dhe t\u00eb sakt\u00eb.<\/p>\n<p data-start=\"164\" data-end=\"180\"><strong data-start=\"164\" data-end=\"180\">Specifikime:<\/strong><\/p>\n<ul data-start=\"181\" data-end=\"369\">\n<li data-start=\"181\" data-end=\"202\">\n<p data-start=\"183\" data-end=\"202\">Pozicionet: 6 + 0<\/p>\n<\/li>\n<li data-start=\"203\" data-end=\"230\">\n<p data-start=\"205\" data-end=\"230\">Prodhues: GOTTAK 870610<\/p>\n<\/li>\n<li data-start=\"231\" data-end=\"299\">\n<p data-start=\"233\" data-end=\"252\">Kodet origjinale:<\/p>\n<ul data-start=\"255\" data-end=\"299\">\n<li data-start=\"255\" data-end=\"288\">\n<p data-start=\"257\" data-end=\"288\">Candy: 42814748 (EX 91201702)<\/p>\n<\/li>\n<li data-start=\"291\" data-end=\"299\">\n<p data-start=\"293\" data-end=\"299\">Gias<\/p>\n<\/li>\n<\/ul>\n<\/li>\n<li data-start=\"300\" data-end=\"317\">\n<p data-start=\"302\" data-end=\"317\">Gjendja: I ri<\/p>\n<\/li>\n<li data-start=\"318\" data-end=\"369\">\n<p data-start=\"320\" data-end=\"369\">P\u00ebrputhshm\u00ebria: Candy, Gias dhe modele kompatib\u00ebl<\/p>\n<\/li>\n<\/ul>\n<p data-start=\"371\" data-end=\"429\" data-is-last-node=\"\" data-is-only-node=\"\">\ud83d\udc49 <strong data-start=\"374\" data-end=\"399\">Zgjidhje kur prishet:<\/strong> Nd\u00ebrrimi i \u00e7el\u00ebsit t\u00eb furr\u00ebs.<\/p>\n<\/div>\n<\/div>\n<\/div>\n<\/div>\n<\/div>\n<\/div>\n<\/article>\n<p data-start=\"403\" data-end=\"461\" data-is-last-node=\"\" data-is-only-node=\"\">\ud83d\udd34<strong> Problemet kur prishet \u00e7el\u00ebsi i furr\u00ebs\/sob\u00ebs<\/strong><\/p>\n<\/div>\n<\/div>\n<\/div>\n<\/div>\n<\/div>\n<\/div>\n<\/article>\n<\/div>\n<ul data-start=\"456\" data-end=\"838\">\n<li style=\"list-style-type: none;\" data-start=\"768\" data-end=\"838\">\n<ul data-start=\"107\" data-end=\"335\">\n<li data-start=\"107\" data-end=\"134\">\n<p data-start=\"109\" data-end=\"134\">\u274c Furra nuk ndizet fare<\/p>\n<\/li>\n<li data-start=\"135\" data-end=\"170\">\n<p data-start=\"137\" data-end=\"170\">\u26a0\ufe0f Punon vet\u00ebm n\u00eb disa programe<\/p>\n<\/li>\n<li data-start=\"171\" data-end=\"212\">\n<p data-start=\"173\" data-end=\"212\">\ud83d\udd25 Rezistencat rrin\u00eb gjithmon\u00eb ndezur<\/p>\n<\/li>\n<li data-start=\"213\" data-end=\"257\">\n<p data-start=\"215\" data-end=\"257\">\ud83d\udd04 Programet nuk p\u00ebrputhen me pozicionin<\/p>\n<\/li>\n<li data-start=\"258\" data-end=\"303\">\n<p data-start=\"260\" data-end=\"303\">\ud83d\udee0\ufe0f \u00c7el\u00ebsi rrotullohet bosh ose bllokohet<\/p>\n<\/li>\n<li data-start=\"304\" data-end=\"335\">\n<p data-start=\"306\" data-end=\"335\">\u26a1 Mund t\u00eb ndihet er\u00eb djegieje<\/p>\n<\/li>\n<\/ul>\n<p data-start=\"337\" data-end=\"432\">\ud83d\udc49 <strong data-start=\"340\" data-end=\"353\">Zgjidhja:<\/strong> Z\u00ebvend\u00ebsimi i komutatorit rikthen funksionimin normal dhe t\u00eb sigurt t\u00eb furr\u00ebs.<\/p>\n<\/li>\n<\/ul>","protected":false},"excerpt":{"rendered":"<p>Kodi: 307CU24Produkti: \u00c7el\u00ebs furre P\u00ebrshkrimi:\u00c7el\u00ebs furre p\u00ebr p\u00ebrzgjedhjen e funksioneve t\u00eb gatimit, me funksionim t\u00eb q\u00ebndruesh\u00ebm dhe t\u00eb sakt\u00eb. Specifikime: Pozicionet: 6 + 0 Prodhues: GOTTAK 870610 Kodet origjinale: Candy: 42814748 (EX 91201702) Gias Gjendja: I ri P\u00ebrputhshm\u00ebria: Candy, Gias dhe modele kompatib\u00ebl \ud83d\udc49 Zgjidhje kur prishet: Nd\u00ebrrimi i \u00e7el\u00ebsit t\u00eb furr\u00ebs. \ud83d\udd34 Problemet kur<\/p>\n<div class=\"klb-readmore button\"><a class=\"btn link\" href=\"https:\/\/ralkont.al\/sq\/sample-product\/celes-sobe-candy-2\/\">Read More <i class=\"klbth-icon-right-arrow\"><\/i><\/a><\/div>","protected":false},"featured_media":9343,"template":"","meta":[],"product_brand":[],"product_cat":[378,373],"product_tag":[],"class_list":{"0":"post-9342","1":"product","2":"type-product","3":"status-publish","4":"has-post-thumbnail","6":"product_cat-celes","7":"product_cat-soba","9":"first","10":"instock","11":"purchasable","12":"product-type-simple"},"_links":{"self":[{"href":"https:\/\/ralkont.al\/sq\/wp-json\/wp\/v2\/product\/9342","targetHints":{"allow":["GET"]}}],"collection":[{"href":"https:\/\/ralkont.al\/sq\/wp-json\/wp\/v2\/product"}],"about":[{"href":"https:\/\/ralkont.al\/sq\/wp-json\/wp\/v2\/types\/product"}],"wp:featuredmedia":[{"embeddable":true,"href":"https:\/\/ralkont.al\/sq\/wp-json\/wp\/v2\/media\/9343"}],"wp:attachment":[{"href":"https:\/\/ralkont.al\/sq\/wp-json\/wp\/v2\/media?parent=9342"}],"wp:term":[{"taxonomy":"product_brand","embeddable":true,"href":"https:\/\/ralkont.al\/sq\/wp-json\/wp\/v2\/product_brand?post=9342"},{"taxonomy":"product_cat","embeddable":true,"href":"https:\/\/ralkont.al\/sq\/wp-json\/wp\/v2\/product_cat?post=9342"},{"taxonomy":"product_tag","embeddable":true,"href":"https:\/\/ralkont.al\/sq\/wp-json\/wp\/v2\/product_tag?post=9342"}],"curies":[{"name":"wp","href":"https:\/\/api.w.org\/{rel}","templated":true}]}}