{"id":9008,"date":"2026-02-19T15:41:52","date_gmt":"2026-02-19T15:41:52","guid":{"rendered":"https:\/\/ralkont.al\/?post_type=product&#038;p=9008"},"modified":"2026-02-19T16:15:16","modified_gmt":"2026-02-19T16:15:16","slug":"celes-sobe-candy","status":"publish","type":"product","link":"https:\/\/ralkont.al\/sq\/sample-product\/celes-sobe-candy\/","title":{"rendered":"CELES SOBE CANDY"},"content":{"rendered":"<p data-start=\"0\" data-end=\"45\"><strong data-start=\"0\" data-end=\"9\">Kodi:<\/strong> 307CU13<br data-start=\"17\" data-end=\"20\" \/><strong data-start=\"20\" data-end=\"33\">Produkti:<\/strong> \u00c7el\u00ebs furre<\/p>\n<p data-start=\"47\" data-end=\"162\"><strong data-start=\"47\" data-end=\"62\">P\u00ebrshkrimi:<\/strong><br data-start=\"62\" data-end=\"65\" \/>\u00c7el\u00ebs furre p\u00ebr p\u00ebrzgjedhjen e funksioneve t\u00eb gatimit, me funksionim t\u00eb q\u00ebndruesh\u00ebm dhe t\u00eb sakt\u00eb.<\/p>\n<p data-start=\"164\" data-end=\"180\"><strong data-start=\"164\" data-end=\"180\">Specifikime:<\/strong><\/p>\n<ul data-start=\"181\" data-end=\"421\">\n<li data-start=\"181\" data-end=\"202\">\n<p data-start=\"183\" data-end=\"202\">Pozicionet: 5 + 0<\/p>\n<\/li>\n<li data-start=\"203\" data-end=\"246\">\n<p data-start=\"205\" data-end=\"246\">Prodhues: EGO 4626866818; GOTTAK 860501<\/p>\n<\/li>\n<li data-start=\"247\" data-end=\"339\">\n<p data-start=\"249\" data-end=\"268\">Kodet origjinale:<\/p>\n<ul data-start=\"271\" data-end=\"339\">\n<li data-start=\"271\" data-end=\"300\">\n<p data-start=\"273\" data-end=\"300\">Candy: 42814660, 91204784<\/p>\n<\/li>\n<li data-start=\"303\" data-end=\"311\">\n<p data-start=\"305\" data-end=\"311\">Gias<\/p>\n<\/li>\n<li data-start=\"314\" data-end=\"324\">\n<p data-start=\"316\" data-end=\"324\">Hoover<\/p>\n<\/li>\n<li data-start=\"327\" data-end=\"339\">\n<p data-start=\"329\" data-end=\"339\">Rosieres<\/p>\n<\/li>\n<\/ul>\n<\/li>\n<li data-start=\"340\" data-end=\"357\">\n<p data-start=\"342\" data-end=\"357\">Gjendja: I ri<\/p>\n<\/li>\n<li data-start=\"358\" data-end=\"421\">\n<p data-start=\"360\" data-end=\"421\">P\u00ebrputhshm\u00ebria: Candy, Hoover, Rosieres dhe modele kompatib\u00ebl<\/p>\n<\/li>\n<\/ul>\n<p data-start=\"423\" data-end=\"481\" data-is-last-node=\"\" data-is-only-node=\"\">\ud83d\udc49 <strong data-start=\"426\" data-end=\"451\">Zgjidhje kur prishet:<\/strong> Nd\u00ebrrimi i \u00e7el\u00ebsit t\u00eb furr\u00ebs.<\/p>\n<h3 data-start=\"429\" data-end=\"455\">\ud83d\udd34 Problemet kur prishet \u00e7el\u00ebsi i furr\u00ebs\/sob\u00ebs<\/h3>\n<ul data-start=\"456\" data-end=\"838\">\n<li style=\"list-style-type: none;\" data-start=\"768\" data-end=\"838\">\n<ul data-start=\"107\" data-end=\"335\">\n<li data-start=\"107\" data-end=\"134\">\n<p data-start=\"109\" data-end=\"134\">\u274c Furra nuk ndizet fare<\/p>\n<\/li>\n<li data-start=\"135\" data-end=\"170\">\n<p data-start=\"137\" data-end=\"170\">\u26a0\ufe0f Punon vet\u00ebm n\u00eb disa programe<\/p>\n<\/li>\n<li data-start=\"171\" data-end=\"212\">\n<p data-start=\"173\" data-end=\"212\">\ud83d\udd25 Rezistencat rrin\u00eb gjithmon\u00eb ndezur<\/p>\n<\/li>\n<li data-start=\"213\" data-end=\"257\">\n<p data-start=\"215\" data-end=\"257\">\ud83d\udd04 Programet nuk p\u00ebrputhen me pozicionin<\/p>\n<\/li>\n<li data-start=\"258\" data-end=\"303\">\n<p data-start=\"260\" data-end=\"303\">\ud83d\udee0\ufe0f \u00c7el\u00ebsi rrotullohet bosh ose bllokohet<\/p>\n<\/li>\n<li data-start=\"304\" data-end=\"335\">\n<p data-start=\"306\" data-end=\"335\">\u26a1 Mund t\u00eb ndihet er\u00eb djegieje<\/p>\n<\/li>\n<\/ul>\n<p data-start=\"337\" data-end=\"432\">\ud83d\udc49 <strong data-start=\"340\" data-end=\"353\">Zgjidhja:<\/strong> Z\u00ebvend\u00ebsimi i komutatorit rikthen funksionimin normal dhe t\u00eb sigurt t\u00eb furr\u00ebs.<\/p>\n<\/li>\n<\/ul>","protected":false},"excerpt":{"rendered":"<p>CELES SOBE<\/p>","protected":false},"featured_media":9025,"template":"","meta":[],"product_brand":[],"product_cat":[378,373],"product_tag":[],"class_list":{"0":"post-9008","1":"product","2":"type-product","3":"status-publish","4":"has-post-thumbnail","6":"product_cat-celes","7":"product_cat-soba","9":"first","10":"instock","11":"purchasable","12":"product-type-simple"},"_links":{"self":[{"href":"https:\/\/ralkont.al\/sq\/wp-json\/wp\/v2\/product\/9008","targetHints":{"allow":["GET"]}}],"collection":[{"href":"https:\/\/ralkont.al\/sq\/wp-json\/wp\/v2\/product"}],"about":[{"href":"https:\/\/ralkont.al\/sq\/wp-json\/wp\/v2\/types\/product"}],"wp:featuredmedia":[{"embeddable":true,"href":"https:\/\/ralkont.al\/sq\/wp-json\/wp\/v2\/media\/9025"}],"wp:attachment":[{"href":"https:\/\/ralkont.al\/sq\/wp-json\/wp\/v2\/media?parent=9008"}],"wp:term":[{"taxonomy":"product_brand","embeddable":true,"href":"https:\/\/ralkont.al\/sq\/wp-json\/wp\/v2\/product_brand?post=9008"},{"taxonomy":"product_cat","embeddable":true,"href":"https:\/\/ralkont.al\/sq\/wp-json\/wp\/v2\/product_cat?post=9008"},{"taxonomy":"product_tag","embeddable":true,"href":"https:\/\/ralkont.al\/sq\/wp-json\/wp\/v2\/product_tag?post=9008"}],"curies":[{"name":"wp","href":"https:\/\/api.w.org\/{rel}","templated":true}]}}