{"id":8966,"date":"2026-02-18T16:49:43","date_gmt":"2026-02-18T16:49:43","guid":{"rendered":"https:\/\/ralkont.al\/?post_type=product&#038;p=8966"},"modified":"2026-02-18T16:51:08","modified_gmt":"2026-02-18T16:51:08","slug":"qese-per-fshese-miele-2","status":"publish","type":"product","link":"https:\/\/ralkont.al\/sq\/sample-product\/qese-per-fshese-miele-2\/","title":{"rendered":"QESE PER FSHESE MIELE"},"content":{"rendered":"<h2 data-start=\"74\" data-end=\"128\"><strong data-start=\"77\" data-end=\"128\">Qese Pluhuri Origjinale Miele GN \u2013 Kodi 003MIGN<\/strong><\/h2>\n<p data-start=\"130\" data-end=\"263\"><strong data-start=\"130\" data-end=\"149\">Kodi Origjinal:<\/strong> MIELE GN \u2013 9917730<br data-start=\"168\" data-end=\"171\" \/><strong data-start=\"171\" data-end=\"185\">Prodhuesi:<\/strong> Miele<br data-start=\"191\" data-end=\"194\" \/><strong data-start=\"194\" data-end=\"206\">Gjendja:<\/strong> Produkt origjinal, i ri<br data-start=\"230\" data-end=\"233\" \/><strong data-start=\"233\" data-end=\"246\">Paketimi:<\/strong> 5 cop\u00eb n\u00eb kuti<\/p>\n<hr data-start=\"265\" data-end=\"268\" \/>\n<h2 data-start=\"270\" data-end=\"299\"><strong data-start=\"273\" data-end=\"299\">P\u00ebrshkrimi i Produktit<\/strong><\/h2>\n<p data-start=\"301\" data-end=\"482\">Qese pluhuri <strong data-start=\"314\" data-end=\"337\">origjinale Miele GN<\/strong>, t\u00eb prodhuara me material fib\u00ebr me densitet t\u00eb lart\u00eb p\u00ebr filtrimin maksimal t\u00eb pluhurit dhe ruajtjen e fuqis\u00eb s\u00eb thithjes s\u00eb fshes\u00ebs me korrent.<\/p>\n<p data-start=\"484\" data-end=\"545\">Sigurojn\u00eb higjien\u00eb optimale dhe mbrojtje t\u00eb plot\u00eb t\u00eb motorit.<\/p>\n<hr data-start=\"547\" data-end=\"550\" \/>\n<h2 data-start=\"552\" data-end=\"574\"><strong data-start=\"555\" data-end=\"574\">Karakteristikat<\/strong><\/h2>\n<p data-start=\"576\" data-end=\"762\">\u2714\ufe0f 5 cop\u00eb qese pluhuri n\u00eb paketim<br data-start=\"609\" data-end=\"612\" \/>\u2714\ufe0f Material fib\u00ebr me filtrimin e lart\u00eb<br data-start=\"650\" data-end=\"653\" \/>\u2714\ufe0f Fuqi thithjeje konstante<br data-start=\"680\" data-end=\"683\" \/>\u2714\ufe0f Mbyllje hermetike p\u00ebr higjien\u00eb maksimale<br data-start=\"726\" data-end=\"729\" \/>\u2714\ufe0f Produkt 100% origjinal Miele<\/p>","protected":false},"excerpt":{"rendered":"<p>Qese Pluhuri Origjinale Miele GN \u2013 Kodi 003MIGN Kodi Origjinal: MIELE GN \u2013 9917730Prodhuesi: MieleGjendja: Produkt origjinal, i riPaketimi: 5 cop\u00eb n\u00eb kuti P\u00ebrshkrimi i Produktit Qese pluhuri origjinale Miele GN, t\u00eb prodhuara me material fib\u00ebr me densitet t\u00eb lart\u00eb p\u00ebr filtrimin maksimal t\u00eb pluhurit dhe ruajtjen e fuqis\u00eb s\u00eb thithjes s\u00eb fshes\u00ebs me korrent.<\/p>\n<div class=\"klb-readmore button\"><a class=\"btn link\" href=\"https:\/\/ralkont.al\/sq\/sample-product\/qese-per-fshese-miele-2\/\">Read More <i class=\"klbth-icon-right-arrow\"><\/i><\/a><\/div>","protected":false},"featured_media":8967,"template":"","meta":[],"product_brand":[],"product_cat":[15],"product_tag":[],"class_list":{"0":"post-8966","1":"product","2":"type-product","3":"status-publish","4":"has-post-thumbnail","6":"product_cat-produkte-te-tjera","8":"first","9":"instock","10":"purchasable","11":"product-type-simple"},"_links":{"self":[{"href":"https:\/\/ralkont.al\/sq\/wp-json\/wp\/v2\/product\/8966","targetHints":{"allow":["GET"]}}],"collection":[{"href":"https:\/\/ralkont.al\/sq\/wp-json\/wp\/v2\/product"}],"about":[{"href":"https:\/\/ralkont.al\/sq\/wp-json\/wp\/v2\/types\/product"}],"wp:featuredmedia":[{"embeddable":true,"href":"https:\/\/ralkont.al\/sq\/wp-json\/wp\/v2\/media\/8967"}],"wp:attachment":[{"href":"https:\/\/ralkont.al\/sq\/wp-json\/wp\/v2\/media?parent=8966"}],"wp:term":[{"taxonomy":"product_brand","embeddable":true,"href":"https:\/\/ralkont.al\/sq\/wp-json\/wp\/v2\/product_brand?post=8966"},{"taxonomy":"product_cat","embeddable":true,"href":"https:\/\/ralkont.al\/sq\/wp-json\/wp\/v2\/product_cat?post=8966"},{"taxonomy":"product_tag","embeddable":true,"href":"https:\/\/ralkont.al\/sq\/wp-json\/wp\/v2\/product_tag?post=8966"}],"curies":[{"name":"wp","href":"https:\/\/api.w.org\/{rel}","templated":true}]}}