{"id":8816,"date":"2026-02-17T15:44:52","date_gmt":"2026-02-17T15:44:52","guid":{"rendered":"https:\/\/ralkont.al\/?post_type=product&#038;p=8816"},"modified":"2026-02-17T15:45:51","modified_gmt":"2026-02-17T15:45:51","slug":"filter-per-tharese-bosch-siemens","status":"publish","type":"product","link":"https:\/\/ralkont.al\/sq\/sample-product\/filter-per-tharese-bosch-siemens\/","title":{"rendered":"FILTER PER THARESE BOSCH-SIEMENS"},"content":{"rendered":"<p data-start=\"0\" data-end=\"42\"><strong data-start=\"0\" data-end=\"9\">Code:<\/strong> 143SI10<br data-start=\"17\" data-end=\"20\" \/><strong data-start=\"20\" data-end=\"40\" data-is-only-node=\"\">FILTRO PER DRYER<\/strong><\/p>\n<p data-start=\"44\" data-end=\"183\">Original kompatib\u00ebl me:<br data-start=\"67\" data-end=\"70\" \/><strong data-start=\"70\" data-end=\"79\">BALAY<\/strong><br data-start=\"79\" data-end=\"82\" data-is-only-node=\"\" \/><strong data-start=\"82\" data-end=\"92\">BOSCH:<\/strong> 00652184 \u2013 00497526 \u2013 00644544 \u2013 00645173 \u2013 00645174<br data-start=\"145\" data-end=\"148\" \/><strong data-start=\"148\" data-end=\"159\">SIEMENS<\/strong><br data-start=\"159\" data-end=\"162\" \/><strong data-start=\"162\" data-end=\"171\">SMEG:<\/strong> 763410725<\/p>\n<p data-start=\"185\" data-end=\"378\" data-is-last-node=\"\" data-is-only-node=\"\">Filt\u00ebr p\u00ebr thar\u00ebse rrobash (filter for dryer).<br data-start=\"231\" data-end=\"234\" \/>Sh\u00ebrben p\u00ebr mbledhjen e pushit gjat\u00eb tharjes dhe p\u00ebr mbrojtjen e sistemit t\u00eb ajrimit, duke siguruar funksionim efikas dhe t\u00eb sigurt t\u00eb pajisjes.<\/p>\n<p data-start=\"15\" data-end=\"63\"><strong>Kur prishet ose bllokohet filtri i thar\u00ebses:<\/strong><\/p>\n<ul data-start=\"65\" data-end=\"223\">\n<li data-start=\"65\" data-end=\"93\">\n<p data-start=\"67\" data-end=\"93\">\u274c Rrobat nuk thahen mir\u00eb<\/p>\n<\/li>\n<li data-start=\"94\" data-end=\"126\">\n<p data-start=\"96\" data-end=\"126\">\u23f3 Zgjat shum\u00eb koha e tharjes<\/p>\n<\/li>\n<li data-start=\"127\" data-end=\"155\">\n<p data-start=\"129\" data-end=\"155\">\ud83d\udd25 Thar\u00ebsja nxehet shum\u00eb<\/p>\n<\/li>\n<li data-start=\"156\" data-end=\"189\">\n<p data-start=\"158\" data-end=\"189\">\ud83d\udcb8 Rritet konsumi i energjis\u00eb<\/p>\n<\/li>\n<li data-start=\"190\" data-end=\"223\">\n<p data-start=\"192\" data-end=\"223\">\u26a0\ufe0f Mund t\u00eb jap\u00eb er\u00eb t\u00eb djegur<\/p>\n<\/li>\n<\/ul>\n<p data-start=\"225\" data-end=\"306\">\ud83d\udc49 Zgjidhja: Pastro filtrin pas \u00e7do p\u00ebrdorimi dhe kontrollo tubin e ajrit mbrapa.<\/p>","protected":false},"excerpt":{"rendered":"<p>Code: 143SI10FILTRO PER DRYER Original kompatib\u00ebl me:BALAYBOSCH: 00652184 \u2013 00497526 \u2013 00644544 \u2013 00645173 \u2013 00645174SIEMENSSMEG: 763410725 Filt\u00ebr p\u00ebr thar\u00ebse rrobash (filter for dryer).Sh\u00ebrben p\u00ebr mbledhjen e pushit gjat\u00eb tharjes dhe p\u00ebr mbrojtjen e sistemit t\u00eb ajrimit, duke siguruar funksionim efikas dhe t\u00eb sigurt t\u00eb pajisjes. Kur prishet ose bllokohet filtri i thar\u00ebses: \u274c Rrobat<\/p>\n<div class=\"klb-readmore button\"><a class=\"btn link\" href=\"https:\/\/ralkont.al\/sq\/sample-product\/filter-per-tharese-bosch-siemens\/\">Read More <i class=\"klbth-icon-right-arrow\"><\/i><\/a><\/div>","protected":false},"featured_media":8814,"template":"","meta":[],"product_brand":[],"product_cat":[360,346],"product_tag":[],"class_list":{"0":"post-8816","1":"product","2":"type-product","3":"status-publish","4":"has-post-thumbnail","6":"product_cat-filter","7":"product_cat-larje","9":"first","10":"instock","11":"taxable","12":"shipping-taxable","13":"purchasable","14":"product-type-simple"},"_links":{"self":[{"href":"https:\/\/ralkont.al\/sq\/wp-json\/wp\/v2\/product\/8816","targetHints":{"allow":["GET"]}}],"collection":[{"href":"https:\/\/ralkont.al\/sq\/wp-json\/wp\/v2\/product"}],"about":[{"href":"https:\/\/ralkont.al\/sq\/wp-json\/wp\/v2\/types\/product"}],"wp:featuredmedia":[{"embeddable":true,"href":"https:\/\/ralkont.al\/sq\/wp-json\/wp\/v2\/media\/8814"}],"wp:attachment":[{"href":"https:\/\/ralkont.al\/sq\/wp-json\/wp\/v2\/media?parent=8816"}],"wp:term":[{"taxonomy":"product_brand","embeddable":true,"href":"https:\/\/ralkont.al\/sq\/wp-json\/wp\/v2\/product_brand?post=8816"},{"taxonomy":"product_cat","embeddable":true,"href":"https:\/\/ralkont.al\/sq\/wp-json\/wp\/v2\/product_cat?post=8816"},{"taxonomy":"product_tag","embeddable":true,"href":"https:\/\/ralkont.al\/sq\/wp-json\/wp\/v2\/product_tag?post=8816"}],"curies":[{"name":"wp","href":"https:\/\/api.w.org\/{rel}","templated":true}]}}