{"id":8043,"date":"2026-02-04T16:36:29","date_gmt":"2026-02-04T16:36:29","guid":{"rendered":"https:\/\/ralkont.al\/?post_type=product&#038;p=8043"},"modified":"2026-02-09T15:54:51","modified_gmt":"2026-02-09T15:54:51","slug":"gaz-freon-r410a","status":"publish","type":"product","link":"https:\/\/ralkont.al\/sq\/sample-product\/gaz-freon-r410a\/","title":{"rendered":"GAZ FREON R410A"},"content":{"rendered":"<div class=\"flex flex-col text-sm pb-25\">\n<article class=\"text-token-text-primary w-full focus:outline-none [--shadow-height:45px] has-data-writing-block:pointer-events-none has-data-writing-block:-mt-(--shadow-height) has-data-writing-block:pt-(--shadow-height) [&amp;:has([data-writing-block])&gt;*]:pointer-events-auto scroll-mt-[calc(var(--header-height)+min(200px,max(70px,20svh)))]\" dir=\"auto\" tabindex=\"-1\" data-turn-id=\"79ce0a45-81df-4bd4-a47c-364dc2ed4d24\" data-testid=\"conversation-turn-75\" data-scroll-anchor=\"true\" data-turn=\"assistant\">\n<div class=\"text-base my-auto mx-auto pb-10 [--thread-content-margin:--spacing(4)] @w-sm\/main:[--thread-content-margin:--spacing(6)] @w-lg\/main:[--thread-content-margin:--spacing(16)] px-(--thread-content-margin)\">\n<div class=\"[--thread-content-max-width:40rem] @w-lg\/main:[--thread-content-max-width:48rem] mx-auto max-w-(--thread-content-max-width) flex-1 group\/turn-messages focus-visible:outline-hidden relative flex w-full min-w-0 flex-col agent-turn\" tabindex=\"-1\">\n<div class=\"flex max-w-full flex-col grow\">\n<div class=\"min-h-8 text-message relative flex w-full flex-col items-end gap-2 text-start break-words whitespace-normal [.text-message+&amp;]:mt-1\" dir=\"auto\" data-message-author-role=\"assistant\" data-message-id=\"8c1316ad-f30d-47ac-b3e6-db3a0413bbbf\" data-message-model-slug=\"gpt-5-2\">\n<div class=\"flex w-full flex-col gap-1 empty:hidden first:pt-[1px]\">\n<div class=\"markdown prose dark:prose-invert w-full wrap-break-word light markdown-new-styling\"><\/div>\n<\/div>\n<\/div>\n<\/div>\n<div class=\"mt-3 w-full empty:hidden\">\n<div class=\"text-center\">\n<h2 data-start=\"107\" data-end=\"149\"><strong data-start=\"110\" data-end=\"149\">Gaz Ftoh\u00ebs SUPERFRIO R-410A \u2013 750 g<\/strong><\/h2>\n<p data-start=\"151\" data-end=\"425\"><strong data-start=\"151\" data-end=\"171\">SUPERFRIO R-410A<\/strong> \u00ebsht\u00eb nj\u00eb gaz ftoh\u00ebs me performanc\u00eb t\u00eb lart\u00eb, i p\u00ebrdorur gjer\u00ebsisht n\u00eb sistemet moderne t\u00eb kondicionimit dhe ftohjes. Ky refrigerant \u00ebsht\u00eb projektuar p\u00ebr t\u00eb garantuar <strong data-start=\"339\" data-end=\"371\">efikasitet maksimal ftohjeje<\/strong>, funksionim t\u00eb q\u00ebndruesh\u00ebm dhe besueshm\u00ebri afatgjat\u00eb.<\/p>\n<h3 data-start=\"427\" data-end=\"459\"><strong data-start=\"431\" data-end=\"459\">Karakteristikat kryesore<\/strong><\/h3>\n<ul data-start=\"460\" data-end=\"695\">\n<li data-start=\"460\" data-end=\"488\">\n<p data-start=\"462\" data-end=\"488\"><strong data-start=\"462\" data-end=\"479\">Tipi i gazit:<\/strong> R-410A<\/p>\n<\/li>\n<li data-start=\"489\" data-end=\"560\">\n<p data-start=\"491\" data-end=\"560\"><strong data-start=\"491\" data-end=\"504\">P\u00ebrb\u00ebrja:<\/strong> Difluoroethane (HFC-32) &amp; Pentafluoroethane (HFC-125)<\/p>\n<\/li>\n<li data-start=\"561\" data-end=\"586\">\n<p data-start=\"563\" data-end=\"586\"><strong data-start=\"563\" data-end=\"578\">Pesha neto:<\/strong> 750 g<\/p>\n<\/li>\n<li data-start=\"646\" data-end=\"675\">\n<p data-start=\"648\" data-end=\"675\"><strong data-start=\"648\" data-end=\"659\">Cil\u00ebsi:<\/strong> 100% e past\u00ebr<\/p>\n<\/li>\n<li data-start=\"676\" data-end=\"695\">\n<p data-start=\"678\" data-end=\"695\"><strong data-start=\"678\" data-end=\"688\">UN No:<\/strong> 1078<\/p>\n<\/li>\n<\/ul>\n<h3 data-start=\"697\" data-end=\"714\"><strong data-start=\"701\" data-end=\"714\">P\u00ebrdorimi<\/strong><\/h3>\n<ul data-start=\"715\" data-end=\"850\">\n<li data-start=\"715\" data-end=\"759\">\n<p data-start=\"717\" data-end=\"759\">Kondicioner\u00eb rezidencial\u00eb dhe komercial\u00eb<\/p>\n<\/li>\n<li data-start=\"760\" data-end=\"784\">\n<p data-start=\"762\" data-end=\"784\">Sisteme HVAC moderne<\/p>\n<\/li>\n<li data-start=\"785\" data-end=\"850\">\n<p data-start=\"787\" data-end=\"850\">Pajisje ftohjeje me presion t\u00eb lart\u00eb t\u00eb projektuar p\u00ebr R-410A<\/p>\n<\/li>\n<\/ul>\n<h3 data-start=\"852\" data-end=\"869\"><strong data-start=\"856\" data-end=\"869\">P\u00ebrfitime<\/strong><\/h3>\n<ul data-start=\"870\" data-end=\"1043\">\n<li data-start=\"870\" data-end=\"903\">\n<p data-start=\"872\" data-end=\"903\">Ftohje e fuqishme dhe efikase<\/p>\n<\/li>\n<li data-start=\"904\" data-end=\"963\">\n<p data-start=\"906\" data-end=\"963\">Performanc\u00eb e q\u00ebndrueshme edhe n\u00eb kushte pune intensive<\/p>\n<\/li>\n<li data-start=\"964\" data-end=\"1006\">\n<p data-start=\"966\" data-end=\"1006\">Ideale p\u00ebr pajisje t\u00eb gjenerat\u00ebs s\u00eb re<\/p>\n<\/li>\n<li data-start=\"1007\" data-end=\"1043\">\n<p data-start=\"1009\" data-end=\"1043\">Paketim i sigurt dhe profesional<\/p>\n<\/li>\n<\/ul>\n<h3 data-start=\"1045\" data-end=\"1066\"><strong data-start=\"1049\" data-end=\"1066\">Sh\u00ebnim teknik<\/strong><\/h3>\n<p data-start=\"1067\" data-end=\"1220\">R-410A punon me <strong data-start=\"1083\" data-end=\"1106\">presion m\u00eb t\u00eb lart\u00eb<\/strong> krahasuar me gazrat tradicional\u00eb dhe duhet t\u00eb p\u00ebrdoret <strong data-start=\"1162\" data-end=\"1219\">vet\u00ebm n\u00eb sisteme t\u00eb dizajnuara posa\u00e7\u00ebrisht p\u00ebr R-410A<\/strong>.<\/p>\n<\/div>\n<\/div>\n<\/div>\n<\/div>\n<\/article>\n<\/div>\n<p>&nbsp;<\/p>","protected":false},"excerpt":{"rendered":"<p>Gaz Ftoh\u00ebs SUPERFRIO R-410A \u2013 750 g SUPERFRIO R-410A \u00ebsht\u00eb nj\u00eb gaz ftoh\u00ebs me performanc\u00eb t\u00eb lart\u00eb, i p\u00ebrdorur gjer\u00ebsisht n\u00eb sistemet moderne t\u00eb kondicionimit dhe ftohjes. Ky refrigerant \u00ebsht\u00eb projektuar p\u00ebr t\u00eb garantuar efikasitet maksimal ftohjeje, funksionim t\u00eb q\u00ebndruesh\u00ebm dhe besueshm\u00ebri afatgjat\u00eb. Karakteristikat kryesore Tipi i gazit: R-410A P\u00ebrb\u00ebrja: Difluoroethane (HFC-32) &amp; Pentafluoroethane (HFC-125)<\/p>\n<div class=\"klb-readmore button\"><a class=\"btn link\" href=\"https:\/\/ralkont.al\/sq\/sample-product\/gaz-freon-r410a\/\">Read More <i class=\"klbth-icon-right-arrow\"><\/i><\/a><\/div>","protected":false},"featured_media":8044,"template":"","meta":[],"product_brand":[],"product_cat":[319,330],"product_tag":[],"class_list":{"0":"post-8043","1":"product","2":"type-product","3":"status-publish","4":"has-post-thumbnail","6":"product_cat-gaz-freon","7":"product_cat-kondicioner","9":"first","10":"instock","11":"taxable","12":"shipping-taxable","13":"purchasable","14":"product-type-simple"},"_links":{"self":[{"href":"https:\/\/ralkont.al\/sq\/wp-json\/wp\/v2\/product\/8043","targetHints":{"allow":["GET"]}}],"collection":[{"href":"https:\/\/ralkont.al\/sq\/wp-json\/wp\/v2\/product"}],"about":[{"href":"https:\/\/ralkont.al\/sq\/wp-json\/wp\/v2\/types\/product"}],"wp:featuredmedia":[{"embeddable":true,"href":"https:\/\/ralkont.al\/sq\/wp-json\/wp\/v2\/media\/8044"}],"wp:attachment":[{"href":"https:\/\/ralkont.al\/sq\/wp-json\/wp\/v2\/media?parent=8043"}],"wp:term":[{"taxonomy":"product_brand","embeddable":true,"href":"https:\/\/ralkont.al\/sq\/wp-json\/wp\/v2\/product_brand?post=8043"},{"taxonomy":"product_cat","embeddable":true,"href":"https:\/\/ralkont.al\/sq\/wp-json\/wp\/v2\/product_cat?post=8043"},{"taxonomy":"product_tag","embeddable":true,"href":"https:\/\/ralkont.al\/sq\/wp-json\/wp\/v2\/product_tag?post=8043"}],"curies":[{"name":"wp","href":"https:\/\/api.w.org\/{rel}","templated":true}]}}