{"id":8036,"date":"2026-02-04T16:31:48","date_gmt":"2026-02-04T16:31:48","guid":{"rendered":"https:\/\/ralkont.al\/?post_type=product&#038;p=8036"},"modified":"2026-02-04T16:33:58","modified_gmt":"2026-02-04T16:33:58","slug":"rezistence-per-tharese-beko","status":"publish","type":"product","link":"https:\/\/ralkont.al\/sq\/sample-product\/rezistence-per-tharese-beko\/","title":{"rendered":"Rezistence per tharese Beko"},"content":{"rendered":"<h2 data-start=\"133\" data-end=\"175\"><strong data-start=\"136\" data-end=\"175\">Rezistenc\u00eb p\u00ebr Thar\u00ebse Rrobash BEKO<\/strong><\/h2>\n<p data-start=\"177\" data-end=\"427\"><strong data-start=\"177\" data-end=\"208\">Rezistenca p\u00ebr thar\u00ebse BEKO<\/strong> \u00ebsht\u00eb nj\u00eb komponent ngroh\u00ebs cil\u00ebsor, i projektuar p\u00ebr t\u00eb siguruar tharje efikase dhe t\u00eb q\u00ebndrueshme t\u00eb rrobave. Prodhuar nga <strong data-start=\"334\" data-end=\"342\">IRCA<\/strong>, garanton performanc\u00eb t\u00eb lart\u00eb dhe jet\u00ebgjat\u00ebsi n\u00eb p\u00ebrdorim profesional dhe sht\u00ebpiak.<\/p>\n<h3 data-start=\"429\" data-end=\"448\"><strong data-start=\"433\" data-end=\"448\">Specifikime<\/strong><\/h3>\n<ul data-start=\"449\" data-end=\"548\">\n<li data-start=\"449\" data-end=\"493\">\n<p data-start=\"451\" data-end=\"493\"><strong data-start=\"451\" data-end=\"460\">Tipi:<\/strong> Rezistenc\u00eb p\u00ebr thar\u00ebse rrobash<\/p>\n<\/li>\n<li data-start=\"494\" data-end=\"525\">\n<p data-start=\"496\" data-end=\"525\"><strong data-start=\"496\" data-end=\"506\">Fuqia:<\/strong> <strong data-start=\"507\" data-end=\"523\">1600 + 700 W<\/strong><\/p>\n<\/li>\n<li data-start=\"526\" data-end=\"548\">\n<p data-start=\"528\" data-end=\"548\"><strong data-start=\"528\" data-end=\"541\">Prodhues:<\/strong> IRCA<\/p>\n<\/li>\n<\/ul>\n<h3 data-start=\"550\" data-end=\"587\"><strong data-start=\"554\" data-end=\"587\">Kodet alternative (Cod. Alt.)<\/strong><\/h3>\n<ul data-start=\"588\" data-end=\"655\">\n<li data-start=\"588\" data-end=\"603\">\n<p data-start=\"590\" data-end=\"603\"><strong data-start=\"590\" data-end=\"601\">ARCELIK<\/strong><\/p>\n<\/li>\n<li data-start=\"604\" data-end=\"628\">\n<p data-start=\"606\" data-end=\"628\"><strong data-start=\"606\" data-end=\"615\">BEKO:<\/strong> 2970101500<\/p>\n<\/li>\n<li data-start=\"629\" data-end=\"655\">\n<p data-start=\"631\" data-end=\"655\"><strong data-start=\"631\" data-end=\"643\">INDESIT:<\/strong> C00915768<\/p>\n<\/li>\n<\/ul>\n<h3 data-start=\"657\" data-end=\"674\"><strong data-start=\"661\" data-end=\"674\">P\u00ebrdorimi<\/strong><\/h3>\n<ul data-start=\"675\" data-end=\"767\">\n<li data-start=\"675\" data-end=\"716\">\n<p data-start=\"677\" data-end=\"716\">Ngrohja e ajrit n\u00eb thar\u00ebsen e rrobave<\/p>\n<\/li>\n<li data-start=\"717\" data-end=\"767\">\n<p data-start=\"719\" data-end=\"767\">Z\u00ebvend\u00ebsim i rezistenc\u00ebs origjinale t\u00eb d\u00ebmtuar<\/p>\n<\/li>\n<\/ul>\n<h3 data-start=\"769\" data-end=\"786\"><strong data-start=\"773\" data-end=\"786\">P\u00ebrfitime<\/strong><\/h3>\n<ul data-start=\"787\" data-end=\"962\">\n<li data-start=\"787\" data-end=\"819\">\n<p data-start=\"789\" data-end=\"819\">Tharje e shpejt\u00eb dhe efikase<\/p>\n<\/li>\n<li data-start=\"820\" data-end=\"866\">\n<p data-start=\"822\" data-end=\"866\">P\u00ebrputhshm\u00ebri e sakt\u00eb me modelet p\u00ebrkat\u00ebse<\/p>\n<\/li>\n<li data-start=\"867\" data-end=\"914\">\n<p data-start=\"869\" data-end=\"914\">Materiale rezistente dhe cil\u00ebsi e garantuar<\/p>\n<\/li>\n<li data-start=\"915\" data-end=\"962\">\n<p data-start=\"917\" data-end=\"962\">Montim i leht\u00eb dhe funksionim i q\u00ebndruesh\u00ebm<\/p>\n<\/li>\n<\/ul>\n<p>&nbsp;<\/p>\n<p>159ac10<\/p>","protected":false},"excerpt":{"rendered":"<p>Rezistenc\u00eb p\u00ebr Thar\u00ebse Rrobash BEKO Rezistenca p\u00ebr thar\u00ebse BEKO \u00ebsht\u00eb nj\u00eb komponent ngroh\u00ebs cil\u00ebsor, i projektuar p\u00ebr t\u00eb siguruar tharje efikase dhe t\u00eb q\u00ebndrueshme t\u00eb rrobave. Prodhuar nga IRCA, garanton performanc\u00eb t\u00eb lart\u00eb dhe jet\u00ebgjat\u00ebsi n\u00eb p\u00ebrdorim profesional dhe sht\u00ebpiak. Specifikime Tipi: Rezistenc\u00eb p\u00ebr thar\u00ebse rrobash Fuqia: 1600 + 700 W Prodhues: IRCA Kodet alternative<\/p>\n<div class=\"klb-readmore button\"><a class=\"btn link\" href=\"https:\/\/ralkont.al\/sq\/sample-product\/rezistence-per-tharese-beko\/\">Read More <i class=\"klbth-icon-right-arrow\"><\/i><\/a><\/div>","protected":false},"featured_media":8038,"template":"","meta":[],"product_brand":[],"product_cat":[346,353],"product_tag":[],"class_list":{"0":"post-8036","1":"product","2":"type-product","3":"status-publish","4":"has-post-thumbnail","6":"product_cat-larje","7":"product_cat-rezistenca","9":"first","10":"instock","11":"taxable","12":"shipping-taxable","13":"purchasable","14":"product-type-simple"},"_links":{"self":[{"href":"https:\/\/ralkont.al\/sq\/wp-json\/wp\/v2\/product\/8036","targetHints":{"allow":["GET"]}}],"collection":[{"href":"https:\/\/ralkont.al\/sq\/wp-json\/wp\/v2\/product"}],"about":[{"href":"https:\/\/ralkont.al\/sq\/wp-json\/wp\/v2\/types\/product"}],"wp:featuredmedia":[{"embeddable":true,"href":"https:\/\/ralkont.al\/sq\/wp-json\/wp\/v2\/media\/8038"}],"wp:attachment":[{"href":"https:\/\/ralkont.al\/sq\/wp-json\/wp\/v2\/media?parent=8036"}],"wp:term":[{"taxonomy":"product_brand","embeddable":true,"href":"https:\/\/ralkont.al\/sq\/wp-json\/wp\/v2\/product_brand?post=8036"},{"taxonomy":"product_cat","embeddable":true,"href":"https:\/\/ralkont.al\/sq\/wp-json\/wp\/v2\/product_cat?post=8036"},{"taxonomy":"product_tag","embeddable":true,"href":"https:\/\/ralkont.al\/sq\/wp-json\/wp\/v2\/product_tag?post=8036"}],"curies":[{"name":"wp","href":"https:\/\/api.w.org\/{rel}","templated":true}]}}