{"id":7945,"date":"2026-02-02T15:41:55","date_gmt":"2026-02-02T15:41:55","guid":{"rendered":"https:\/\/ralkont.al\/?post_type=product&#038;p=7945"},"modified":"2026-02-02T15:43:08","modified_gmt":"2026-02-02T15:43:08","slug":"r404a","status":"publish","type":"product","link":"https:\/\/ralkont.al\/sq\/sample-product\/r404a\/","title":{"rendered":"R404A"},"content":{"rendered":"<div class=\"flex flex-col text-sm pb-25\">\n<article class=\"text-token-text-primary w-full focus:outline-none [--shadow-height:45px] has-data-writing-block:pointer-events-none has-data-writing-block:-mt-(--shadow-height) has-data-writing-block:pt-(--shadow-height) [&amp;:has([data-writing-block])&gt;*]:pointer-events-auto scroll-mt-[calc(var(--header-height)+min(200px,max(70px,20svh)))]\" dir=\"auto\" tabindex=\"-1\" data-turn-id=\"79ce0a45-81df-4bd4-a47c-364dc2ed4d24\" data-testid=\"conversation-turn-75\" data-scroll-anchor=\"true\" data-turn=\"assistant\">\n<div class=\"text-base my-auto mx-auto pb-10 [--thread-content-margin:--spacing(4)] @w-sm\/main:[--thread-content-margin:--spacing(6)] @w-lg\/main:[--thread-content-margin:--spacing(16)] px-(--thread-content-margin)\">\n<div class=\"[--thread-content-max-width:40rem] @w-lg\/main:[--thread-content-max-width:48rem] mx-auto max-w-(--thread-content-max-width) flex-1 group\/turn-messages focus-visible:outline-hidden relative flex w-full min-w-0 flex-col agent-turn\" tabindex=\"-1\">\n<div class=\"flex max-w-full flex-col grow\">\n<div class=\"min-h-8 text-message relative flex w-full flex-col items-end gap-2 text-start break-words whitespace-normal [.text-message+&amp;]:mt-1\" dir=\"auto\" data-message-author-role=\"assistant\" data-message-id=\"8c1316ad-f30d-47ac-b3e6-db3a0413bbbf\" data-message-model-slug=\"gpt-5-2\">\n<div class=\"flex w-full flex-col gap-1 empty:hidden first:pt-[1px]\">\n<div class=\"markdown prose dark:prose-invert w-full wrap-break-word light markdown-new-styling\"><\/div>\n<\/div>\n<\/div>\n<\/div>\n<div class=\"mt-3 w-full empty:hidden\">\n<div class=\"text-center\">\n<p data-start=\"197\" data-end=\"235\"><strong data-start=\"197\" data-end=\"235\">Refrigerant SUPERFRIO R404A \u2013 700g<\/strong><\/p>\n<p data-start=\"237\" data-end=\"537\">SUPERFRIO R404A \u00ebsht\u00eb gaz ftoh\u00ebs profesional, i projektuar p\u00ebr sisteme frigoriferike komerciale dhe industriale q\u00eb k\u00ebrkojn\u00eb performanc\u00eb t\u00eb q\u00ebndrueshme dhe efikasitet t\u00eb lart\u00eb ftohjeje. P\u00ebrputhet me standardet nd\u00ebrkomb\u00ebtare dhe garanton funksionim t\u00eb sigurt n\u00eb temperatura t\u00eb ul\u00ebta dhe shum\u00eb t\u00eb ul\u00ebta.<\/p>\n<h3 data-start=\"539\" data-end=\"568\">Karakteristikat kryesore:<\/h3>\n<ul data-start=\"569\" data-end=\"777\">\n<li data-start=\"569\" data-end=\"594\">\n<p data-start=\"571\" data-end=\"594\">Tipi i gazit: <strong data-start=\"585\" data-end=\"594\">R404A<\/strong><\/p>\n<\/li>\n<li data-start=\"595\" data-end=\"652\">\n<p data-start=\"597\" data-end=\"652\">P\u00ebrb\u00ebrje: P\u00ebrzierje HFC (HFC-125 \/ HFC-143a \/ HFC-134a)<\/p>\n<\/li>\n<li data-start=\"653\" data-end=\"676\">\n<p data-start=\"655\" data-end=\"676\">Pesha neto: <strong data-start=\"667\" data-end=\"676\">700 g<\/strong><\/p>\n<\/li>\n<li data-start=\"717\" data-end=\"742\">\n<p data-start=\"719\" data-end=\"742\">Cil\u00ebsi e garantuar 100%<\/p>\n<\/li>\n<li data-start=\"743\" data-end=\"777\">\n<p data-start=\"745\" data-end=\"777\">Paketim i sigurt dhe profesional<\/p>\n<\/li>\n<\/ul>\n<h3 data-start=\"779\" data-end=\"793\">P\u00ebrdorimi:<\/h3>\n<ul data-start=\"794\" data-end=\"908\">\n<li data-start=\"794\" data-end=\"815\">\n<p data-start=\"796\" data-end=\"815\">Dhoma frigoriferike<\/p>\n<\/li>\n<li data-start=\"816\" data-end=\"853\">\n<p data-start=\"818\" data-end=\"853\">Frigorifer\u00eb dhe ngrir\u00ebse komerciale<\/p>\n<\/li>\n<li data-start=\"854\" data-end=\"877\">\n<p data-start=\"856\" data-end=\"877\">Vitrina frigoriferike<\/p>\n<\/li>\n<li data-start=\"878\" data-end=\"908\">\n<p data-start=\"880\" data-end=\"908\">Sisteme ftohjeje industriale<\/p>\n<\/li>\n<\/ul>\n<h3 data-start=\"910\" data-end=\"924\">P\u00ebrfitime:<\/h3>\n<ul data-start=\"925\" data-end=\"1114\">\n<li data-start=\"925\" data-end=\"962\">\n<p data-start=\"927\" data-end=\"962\">Ftohje e fuqishme dhe e q\u00ebndrueshme<\/p>\n<\/li>\n<li data-start=\"963\" data-end=\"1006\">\n<p data-start=\"965\" data-end=\"1006\">Besueshm\u00ebri e lart\u00eb n\u00eb p\u00ebrdorim afatgjat\u00eb<\/p>\n<\/li>\n<li data-start=\"1007\" data-end=\"1060\">\n<p data-start=\"1009\" data-end=\"1060\">I p\u00ebrshtatsh\u00ebm p\u00ebr servise profesionale dhe teknike<\/p>\n<\/li>\n<li data-start=\"1061\" data-end=\"1114\">\n<p data-start=\"1063\" data-end=\"1114\">Performanc\u00eb e q\u00ebndrueshme edhe n\u00eb ngarkes\u00eb t\u00eb lart\u00eb<\/p>\n<\/li>\n<\/ul>\n<\/div>\n<\/div>\n<\/div>\n<\/div>\n<\/article>\n<\/div>\n<div class=\"pointer-events-none h-px w-px absolute bottom-0\" aria-hidden=\"true\" data-edge=\"true\"><\/div>\n<p>&nbsp;<\/p>","protected":false},"excerpt":{"rendered":"<p>Refrigerant SUPERFRIO R404A \u2013 700g SUPERFRIO R404A \u00ebsht\u00eb gaz ftoh\u00ebs profesional, i projektuar p\u00ebr sisteme frigoriferike komerciale dhe industriale q\u00eb k\u00ebrkojn\u00eb performanc\u00eb t\u00eb q\u00ebndrueshme dhe efikasitet t\u00eb lart\u00eb ftohjeje. P\u00ebrputhet me standardet nd\u00ebrkomb\u00ebtare dhe garanton funksionim t\u00eb sigurt n\u00eb temperatura t\u00eb ul\u00ebta dhe shum\u00eb t\u00eb ul\u00ebta. Karakteristikat kryesore: Tipi i gazit: R404A P\u00ebrb\u00ebrje: P\u00ebrzierje HFC<\/p>\n<div class=\"klb-readmore button\"><a class=\"btn link\" href=\"https:\/\/ralkont.al\/sq\/sample-product\/r404a\/\">Read More <i class=\"klbth-icon-right-arrow\"><\/i><\/a><\/div>","protected":false},"featured_media":7946,"template":"","meta":[],"product_brand":[],"product_cat":[309,319],"product_tag":[],"class_list":{"0":"post-7945","1":"product","2":"type-product","3":"status-publish","4":"has-post-thumbnail","6":"product_cat-frigorifer","7":"product_cat-gaz-freon","9":"first","10":"instock","11":"taxable","12":"shipping-taxable","13":"purchasable","14":"product-type-simple"},"_links":{"self":[{"href":"https:\/\/ralkont.al\/sq\/wp-json\/wp\/v2\/product\/7945","targetHints":{"allow":["GET"]}}],"collection":[{"href":"https:\/\/ralkont.al\/sq\/wp-json\/wp\/v2\/product"}],"about":[{"href":"https:\/\/ralkont.al\/sq\/wp-json\/wp\/v2\/types\/product"}],"wp:featuredmedia":[{"embeddable":true,"href":"https:\/\/ralkont.al\/sq\/wp-json\/wp\/v2\/media\/7946"}],"wp:attachment":[{"href":"https:\/\/ralkont.al\/sq\/wp-json\/wp\/v2\/media?parent=7945"}],"wp:term":[{"taxonomy":"product_brand","embeddable":true,"href":"https:\/\/ralkont.al\/sq\/wp-json\/wp\/v2\/product_brand?post=7945"},{"taxonomy":"product_cat","embeddable":true,"href":"https:\/\/ralkont.al\/sq\/wp-json\/wp\/v2\/product_cat?post=7945"},{"taxonomy":"product_tag","embeddable":true,"href":"https:\/\/ralkont.al\/sq\/wp-json\/wp\/v2\/product_tag?post=7945"}],"curies":[{"name":"wp","href":"https:\/\/api.w.org\/{rel}","templated":true}]}}