{"id":7924,"date":"2026-02-02T10:15:05","date_gmt":"2026-02-02T10:15:05","guid":{"rendered":"https:\/\/ralkont.al\/?post_type=product&#038;p=7924"},"modified":"2026-02-02T13:56:26","modified_gmt":"2026-02-02T13:56:26","slug":"r32a","status":"publish","type":"product","link":"https:\/\/ralkont.al\/sq\/sample-product\/r32a\/","title":{"rendered":"R32A"},"content":{"rendered":"<div class=\"flex flex-col text-sm pb-25\">\n<article class=\"text-token-text-primary w-full focus:outline-none [--shadow-height:45px] has-data-writing-block:pointer-events-none has-data-writing-block:-mt-(--shadow-height) has-data-writing-block:pt-(--shadow-height) [&amp;:has([data-writing-block])&gt;*]:pointer-events-auto scroll-mt-[calc(var(--header-height)+min(200px,max(70px,20svh)))]\" dir=\"auto\" tabindex=\"-1\" data-turn-id=\"79ce0a45-81df-4bd4-a47c-364dc2ed4d24\" data-testid=\"conversation-turn-75\" data-scroll-anchor=\"true\" data-turn=\"assistant\">\n<div class=\"text-base my-auto mx-auto pb-10 [--thread-content-margin:--spacing(4)] @w-sm\/main:[--thread-content-margin:--spacing(6)] @w-lg\/main:[--thread-content-margin:--spacing(16)] px-(--thread-content-margin)\">\n<div class=\"[--thread-content-max-width:40rem] @w-lg\/main:[--thread-content-max-width:48rem] mx-auto max-w-(--thread-content-max-width) flex-1 group\/turn-messages focus-visible:outline-hidden relative flex w-full min-w-0 flex-col agent-turn\" tabindex=\"-1\">\n<div class=\"flex max-w-full flex-col grow\">\n<div class=\"min-h-8 text-message relative flex w-full flex-col items-end gap-2 text-start break-words whitespace-normal [.text-message+&amp;]:mt-1\" dir=\"auto\" data-message-author-role=\"assistant\" data-message-id=\"8c1316ad-f30d-47ac-b3e6-db3a0413bbbf\" data-message-model-slug=\"gpt-5-2\">\n<div class=\"flex w-full flex-col gap-1 empty:hidden first:pt-[1px]\">\n<div class=\"markdown prose dark:prose-invert w-full wrap-break-word light markdown-new-styling\">\n<p data-start=\"91\" data-end=\"405\" data-is-last-node=\"\" data-is-only-node=\"\"><strong data-start=\"91\" data-end=\"130\">Gaz ftoh\u00ebs R-32 (Difluorometan) 99%<\/strong>, i p\u00ebrshtatsh\u00ebm p\u00ebr sisteme moderne kondicionimi. Ofron efikasitet t\u00eb lart\u00eb energjetik, performanc\u00eb t\u00eb q\u00ebndrueshme dhe <strong data-start=\"250\" data-end=\"280\" data-is-only-node=\"\">ndikim m\u00eb t\u00eb ul\u00ebt mjedisor<\/strong>, fal\u00eb <strong data-start=\"287\" data-end=\"343\">GWP m\u00eb t\u00eb reduktuar krahasuar me gazrat tradicional\u00eb<\/strong>. Paketim <strong data-start=\"353\" data-end=\"362\">700 g<\/strong>, n\u00eb p\u00ebrputhje me standardet nd\u00ebrkomb\u00ebtare.<\/p>\n<\/div>\n<\/div>\n<\/div>\n<\/div>\n<div class=\"z-0 flex min-h-[46px] justify-start\"><\/div>\n<div class=\"mt-3 w-full empty:hidden\">\n<div class=\"text-center\"><\/div>\n<\/div>\n<\/div>\n<\/div>\n<\/article>\n<\/div>\n<div class=\"pointer-events-none h-px w-px absolute bottom-0\" aria-hidden=\"true\" data-edge=\"true\"><\/div>\n<p>&nbsp;<\/p>","protected":false},"excerpt":{"rendered":"<p>Gaz ftoh\u00ebs R-32 (Difluorometan) 99%, i p\u00ebrshtatsh\u00ebm p\u00ebr sisteme moderne kondicionimi. Ofron efikasitet t\u00eb lart\u00eb energjetik, performanc\u00eb t\u00eb q\u00ebndrueshme dhe ndikim m\u00eb t\u00eb ul\u00ebt mjedisor, fal\u00eb GWP m\u00eb t\u00eb reduktuar krahasuar me gazrat tradicional\u00eb. Paketim 700 g, n\u00eb p\u00ebrputhje me standardet nd\u00ebrkomb\u00ebtare. &nbsp;<\/p>","protected":false},"featured_media":7925,"template":"","meta":[],"product_brand":[],"product_cat":[319,330],"product_tag":[],"class_list":{"0":"post-7924","1":"product","2":"type-product","3":"status-publish","4":"has-post-thumbnail","6":"product_cat-gaz-freon","7":"product_cat-kondicioner","9":"first","10":"instock","11":"taxable","12":"shipping-taxable","13":"purchasable","14":"product-type-simple"},"_links":{"self":[{"href":"https:\/\/ralkont.al\/sq\/wp-json\/wp\/v2\/product\/7924","targetHints":{"allow":["GET"]}}],"collection":[{"href":"https:\/\/ralkont.al\/sq\/wp-json\/wp\/v2\/product"}],"about":[{"href":"https:\/\/ralkont.al\/sq\/wp-json\/wp\/v2\/types\/product"}],"wp:featuredmedia":[{"embeddable":true,"href":"https:\/\/ralkont.al\/sq\/wp-json\/wp\/v2\/media\/7925"}],"wp:attachment":[{"href":"https:\/\/ralkont.al\/sq\/wp-json\/wp\/v2\/media?parent=7924"}],"wp:term":[{"taxonomy":"product_brand","embeddable":true,"href":"https:\/\/ralkont.al\/sq\/wp-json\/wp\/v2\/product_brand?post=7924"},{"taxonomy":"product_cat","embeddable":true,"href":"https:\/\/ralkont.al\/sq\/wp-json\/wp\/v2\/product_cat?post=7924"},{"taxonomy":"product_tag","embeddable":true,"href":"https:\/\/ralkont.al\/sq\/wp-json\/wp\/v2\/product_tag?post=7924"}],"curies":[{"name":"wp","href":"https:\/\/api.w.org\/{rel}","templated":true}]}}