{"id":7920,"date":"2026-01-31T16:17:31","date_gmt":"2026-01-31T16:17:31","guid":{"rendered":"https:\/\/ralkont.al\/?post_type=product&#038;p=7920"},"modified":"2026-01-31T16:19:20","modified_gmt":"2026-01-31T16:19:20","slug":"pompe-per-produktor-akulli-5","status":"publish","type":"product","link":"https:\/\/ralkont.al\/sq\/sample-product\/pompe-per-produktor-akulli-5\/","title":{"rendered":"Pompe per produktor akulli"},"content":{"rendered":"<h3 data-start=\"165\" data-end=\"211\">Pomp\u00eb p\u00ebr Prodhues Akulli (Ice Maker Pump)<\/h3>\n<p data-start=\"158\" data-end=\"395\">Pomp\u00eb elektrike p\u00ebr prodhues akulli, e projektuar p\u00ebr qarkullimin dhe furnizimin e ujit gjat\u00eb procesit t\u00eb prodhimit t\u00eb akullit. E nd\u00ebrtuar p\u00ebr p\u00ebrdorim profesional, garanton funksionim t\u00eb q\u00ebndruesh\u00ebm, efikasitet dhe jet\u00ebgjat\u00ebsi t\u00eb lart\u00eb.<\/p>\n<hr data-start=\"397\" data-end=\"400\" \/>\n<p data-start=\"402\" data-end=\"444\"><strong data-start=\"402\" data-end=\"414\">Em\u00ebrtim:<\/strong><br data-start=\"414\" data-end=\"417\" \/>Pompa Fabbricatore Ghiaccio<\/p>\n<p data-start=\"446\" data-end=\"469\"><strong data-start=\"446\" data-end=\"467\">Kode alternative:<\/strong><\/p>\n<ul data-start=\"470\" data-end=\"498\">\n<li data-start=\"470\" data-end=\"498\">\n<p data-start=\"472\" data-end=\"498\"><strong data-start=\"472\" data-end=\"485\">SCOTSMAN:<\/strong> CM19550109\/0<\/p>\n<\/li>\n<\/ul>\n<p data-start=\"500\" data-end=\"519\"><strong data-start=\"500\" data-end=\"513\">Prodhues:<\/strong><br data-start=\"513\" data-end=\"516\" \/>GRE<\/p>\n<hr data-start=\"521\" data-end=\"524\" \/>\n<h3 data-start=\"526\" data-end=\"547\">T\u00eb dh\u00ebna teknike:<\/h3>\n<ul data-start=\"548\" data-end=\"813\">\n<li data-start=\"548\" data-end=\"600\">\n<p data-start=\"550\" data-end=\"600\">Tipi: Pomp\u00eb p\u00ebr prodhues akulli (Ice Maker Pump)<\/p>\n<\/li>\n<li data-start=\"601\" data-end=\"636\">\n<p data-start=\"603\" data-end=\"636\">Mandata ujit (dalja): <strong data-start=\"625\" data-end=\"634\">35 mm<\/strong><\/p>\n<\/li>\n<li data-start=\"637\" data-end=\"678\">\n<p data-start=\"639\" data-end=\"678\">Shkarkimi i ujit (hyrja): <strong data-start=\"665\" data-end=\"676\">21,2 mm<\/strong><\/p>\n<\/li>\n<li data-start=\"679\" data-end=\"703\">\n<p data-start=\"681\" data-end=\"703\">Gjat\u00ebsia: <strong data-start=\"691\" data-end=\"701\">110 mm<\/strong><\/p>\n<\/li>\n<li data-start=\"704\" data-end=\"722\">\n<p data-start=\"706\" data-end=\"722\">Fuqia: <strong data-start=\"713\" data-end=\"720\">60W<\/strong><\/p>\n<\/li>\n<li data-start=\"723\" data-end=\"748\">\n<p data-start=\"725\" data-end=\"748\">Tensioni: <strong data-start=\"735\" data-end=\"746\">AC 230V<\/strong><\/p>\n<\/li>\n<li data-start=\"749\" data-end=\"772\">\n<p data-start=\"751\" data-end=\"772\">Frekuenca: <strong data-start=\"762\" data-end=\"770\">50Hz<\/strong><\/p>\n<\/li>\n<li data-start=\"773\" data-end=\"813\">\n<p data-start=\"775\" data-end=\"813\">Sensi i rrotullimit: <strong data-start=\"796\" data-end=\"813\">djathtas (DX)<\/strong><\/p>\n<\/li>\n<\/ul>\n<p data-start=\"1120\" data-end=\"1173\">208fr59<\/p>\n<hr data-start=\"1076\" data-end=\"1079\" \/>\n<p data-start=\"1081\" data-end=\"1138\"><strong data-start=\"1081\" data-end=\"1093\">Aplikim:<\/strong><br data-start=\"1093\" data-end=\"1096\" \/>Prodhues akulli industrial\u00eb dhe komercial\u00eb<\/p>","protected":false},"excerpt":{"rendered":"<p>Pomp\u00eb p\u00ebr Prodhues Akulli (Ice Maker Pump) Pomp\u00eb elektrike p\u00ebr prodhues akulli, e projektuar p\u00ebr qarkullimin dhe furnizimin e ujit gjat\u00eb procesit t\u00eb prodhimit t\u00eb akullit. E nd\u00ebrtuar p\u00ebr p\u00ebrdorim profesional, garanton funksionim t\u00eb q\u00ebndruesh\u00ebm, efikasitet dhe jet\u00ebgjat\u00ebsi t\u00eb lart\u00eb. Em\u00ebrtim:Pompa Fabbricatore Ghiaccio Kode alternative: SCOTSMAN: CM19550109\/0 Prodhues:GRE T\u00eb dh\u00ebna teknike: Tipi: Pomp\u00eb p\u00ebr prodhues<\/p>\n<div class=\"klb-readmore button\"><a class=\"btn link\" href=\"https:\/\/ralkont.al\/sq\/sample-product\/pompe-per-produktor-akulli-5\/\">Read More <i class=\"klbth-icon-right-arrow\"><\/i><\/a><\/div>","protected":false},"featured_media":7921,"template":"","meta":[],"product_brand":[],"product_cat":[309,317],"product_tag":[],"class_list":{"0":"post-7920","1":"product","2":"type-product","3":"status-publish","4":"has-post-thumbnail","6":"product_cat-frigorifer","7":"product_cat-pompe-produktori","9":"first","10":"instock","11":"taxable","12":"shipping-taxable","13":"purchasable","14":"product-type-simple"},"_links":{"self":[{"href":"https:\/\/ralkont.al\/sq\/wp-json\/wp\/v2\/product\/7920","targetHints":{"allow":["GET"]}}],"collection":[{"href":"https:\/\/ralkont.al\/sq\/wp-json\/wp\/v2\/product"}],"about":[{"href":"https:\/\/ralkont.al\/sq\/wp-json\/wp\/v2\/types\/product"}],"wp:featuredmedia":[{"embeddable":true,"href":"https:\/\/ralkont.al\/sq\/wp-json\/wp\/v2\/media\/7921"}],"wp:attachment":[{"href":"https:\/\/ralkont.al\/sq\/wp-json\/wp\/v2\/media?parent=7920"}],"wp:term":[{"taxonomy":"product_brand","embeddable":true,"href":"https:\/\/ralkont.al\/sq\/wp-json\/wp\/v2\/product_brand?post=7920"},{"taxonomy":"product_cat","embeddable":true,"href":"https:\/\/ralkont.al\/sq\/wp-json\/wp\/v2\/product_cat?post=7920"},{"taxonomy":"product_tag","embeddable":true,"href":"https:\/\/ralkont.al\/sq\/wp-json\/wp\/v2\/product_tag?post=7920"}],"curies":[{"name":"wp","href":"https:\/\/api.w.org\/{rel}","templated":true}]}}