{"id":7918,"date":"2026-01-31T16:13:01","date_gmt":"2026-01-31T16:13:01","guid":{"rendered":"https:\/\/ralkont.al\/?post_type=product&#038;p=7918"},"modified":"2026-01-31T16:16:48","modified_gmt":"2026-01-31T16:16:48","slug":"pompe-per-produktor-akulli-4","status":"publish","type":"product","link":"https:\/\/ralkont.al\/sq\/sample-product\/pompe-per-produktor-akulli-4\/","title":{"rendered":"Pompe per produktor akulli"},"content":{"rendered":"<h3 data-start=\"165\" data-end=\"211\">Pomp\u00eb p\u00ebr Prodhues Akulli (Ice Maker Pump)<\/h3>\n<p data-start=\"638\" data-end=\"661\"><strong data-start=\"638\" data-end=\"659\">Kode alternative:<\/strong><\/p>\n<ul data-start=\"662\" data-end=\"743\">\n<li data-start=\"662\" data-end=\"683\">\n<p data-start=\"664\" data-end=\"683\"><strong data-start=\"664\" data-end=\"674\">BREMA:<\/strong> R23073<\/p>\n<\/li>\n<li data-start=\"684\" data-end=\"714\">\n<p data-start=\"686\" data-end=\"714\"><strong data-start=\"686\" data-end=\"699\">SCOTSMAN:<\/strong> CM81454637\/0<\/p>\n<\/li>\n<li data-start=\"715\" data-end=\"731\">\n<p data-start=\"717\" data-end=\"731\"><strong data-start=\"717\" data-end=\"729\">ICEMATIC<\/strong><\/p>\n<\/li>\n<li data-start=\"732\" data-end=\"743\">\n<p data-start=\"734\" data-end=\"743\"><strong data-start=\"734\" data-end=\"743\">SIMAG<\/strong><\/p>\n<\/li>\n<\/ul>\n<p data-start=\"745\" data-end=\"764\"><strong data-start=\"745\" data-end=\"758\">Prodhues:<\/strong><br data-start=\"758\" data-end=\"761\" \/>GRE<\/p>\n<hr data-start=\"766\" data-end=\"769\" \/>\n<h3 data-start=\"771\" data-end=\"792\">T\u00eb dh\u00ebna teknike:<\/h3>\n<ul data-start=\"793\" data-end=\"909\">\n<li data-start=\"793\" data-end=\"845\">\n<p data-start=\"795\" data-end=\"845\">Tipi: Pomp\u00eb p\u00ebr prodhues akulli (Ice Maker Pump)<\/p>\n<\/li>\n<li data-start=\"846\" data-end=\"868\">\n<p data-start=\"848\" data-end=\"868\">Tensioni: <strong data-start=\"858\" data-end=\"866\">230V<\/strong><\/p>\n<\/li>\n<li data-start=\"869\" data-end=\"892\">\n<p data-start=\"871\" data-end=\"892\">Frekuenca: <strong data-start=\"882\" data-end=\"890\">50Hz<\/strong><\/p>\n<\/li>\n<li data-start=\"893\" data-end=\"909\">\n<p data-start=\"895\" data-end=\"909\">Fuqia: <strong data-start=\"902\" data-end=\"909\">40W<\/strong><\/p>\n<\/li>\n<\/ul>\n<hr data-start=\"911\" data-end=\"914\" \/>\n<h3 data-start=\"916\" data-end=\"942\">Modele t\u00eb p\u00ebrputhshme:<\/h3>\n<p data-start=\"943\" data-end=\"1072\"><strong data-start=\"943\" data-end=\"956\">SCOTSMAN:<\/strong><br data-start=\"956\" data-end=\"959\" \/>MV1006, MV306, MV426, MV456, MV460, MV606, MV806,<br data-start=\"1008\" data-end=\"1011\" \/>MVSPS1000, MVSPS1800,<br data-start=\"1032\" data-end=\"1035\" \/>P-MV1006, P-MV456, P-MV606, P-MV806<\/p>\n<p data-start=\"1074\" data-end=\"1118\"><strong data-start=\"1074\" data-end=\"1087\">ICEMATIC:<\/strong><br data-start=\"1087\" data-end=\"1090\" \/>N202M, N302M, N501M, N502M<\/p>\n<p data-start=\"1120\" data-end=\"1173\"><strong data-start=\"1120\" data-end=\"1130\">SIMAG:<\/strong><br data-start=\"1130\" data-end=\"1133\" \/>SV145, SV205, SV225, SV325, SV395, SV545<\/p>\n<hr data-start=\"1076\" data-end=\"1079\" \/>\n<p data-start=\"1081\" data-end=\"1138\"><strong data-start=\"1081\" data-end=\"1093\">Aplikim:<\/strong><br data-start=\"1093\" data-end=\"1096\" \/>Prodhues akulli industrial\u00eb dhe komercial\u00eb<\/p>","protected":false},"excerpt":{"rendered":"<p>Pomp\u00eb p\u00ebr Prodhues Akulli (Ice Maker Pump) Kode alternative: BREMA: R23073 SCOTSMAN: CM81454637\/0 ICEMATIC SIMAG Prodhues:GRE T\u00eb dh\u00ebna teknike: Tipi: Pomp\u00eb p\u00ebr prodhues akulli (Ice Maker Pump) Tensioni: 230V Frekuenca: 50Hz Fuqia: 40W Modele t\u00eb p\u00ebrputhshme: SCOTSMAN:MV1006, MV306, MV426, MV456, MV460, MV606, MV806,MVSPS1000, MVSPS1800,P-MV1006, P-MV456, P-MV606, P-MV806 ICEMATIC:N202M, N302M, N501M, N502M SIMAG:SV145, SV205, SV225, SV325,<\/p>\n<div class=\"klb-readmore button\"><a class=\"btn link\" href=\"https:\/\/ralkont.al\/sq\/sample-product\/pompe-per-produktor-akulli-4\/\">Read More <i class=\"klbth-icon-right-arrow\"><\/i><\/a><\/div>","protected":false},"featured_media":7919,"template":"","meta":[],"product_brand":[],"product_cat":[309,317],"product_tag":[],"class_list":{"0":"post-7918","1":"product","2":"type-product","3":"status-publish","4":"has-post-thumbnail","6":"product_cat-frigorifer","7":"product_cat-pompe-produktori","9":"first","10":"instock","11":"taxable","12":"shipping-taxable","13":"purchasable","14":"product-type-simple"},"_links":{"self":[{"href":"https:\/\/ralkont.al\/sq\/wp-json\/wp\/v2\/product\/7918","targetHints":{"allow":["GET"]}}],"collection":[{"href":"https:\/\/ralkont.al\/sq\/wp-json\/wp\/v2\/product"}],"about":[{"href":"https:\/\/ralkont.al\/sq\/wp-json\/wp\/v2\/types\/product"}],"wp:featuredmedia":[{"embeddable":true,"href":"https:\/\/ralkont.al\/sq\/wp-json\/wp\/v2\/media\/7919"}],"wp:attachment":[{"href":"https:\/\/ralkont.al\/sq\/wp-json\/wp\/v2\/media?parent=7918"}],"wp:term":[{"taxonomy":"product_brand","embeddable":true,"href":"https:\/\/ralkont.al\/sq\/wp-json\/wp\/v2\/product_brand?post=7918"},{"taxonomy":"product_cat","embeddable":true,"href":"https:\/\/ralkont.al\/sq\/wp-json\/wp\/v2\/product_cat?post=7918"},{"taxonomy":"product_tag","embeddable":true,"href":"https:\/\/ralkont.al\/sq\/wp-json\/wp\/v2\/product_tag?post=7918"}],"curies":[{"name":"wp","href":"https:\/\/api.w.org\/{rel}","templated":true}]}}