{"id":7916,"date":"2026-01-31T16:12:33","date_gmt":"2026-01-31T16:12:33","guid":{"rendered":"https:\/\/ralkont.al\/?post_type=product&#038;p=7916"},"modified":"2026-01-31T16:12:33","modified_gmt":"2026-01-31T16:12:33","slug":"pompe-per-produktor-akulli-3","status":"publish","type":"product","link":"https:\/\/ralkont.al\/sq\/sample-product\/pompe-per-produktor-akulli-3\/","title":{"rendered":"Pompe per produktor akulli"},"content":{"rendered":"<h3 data-start=\"165\" data-end=\"211\">Pomp\u00eb p\u00ebr Prodhues Akulli (Ice Maker Pump)<\/h3>\n<p data-start=\"213\" data-end=\"518\">Pomp\u00eb elektrike p\u00ebr prodhues akulli, e projektuar p\u00ebr qarkullimin dhe furnizimin e ujit gjat\u00eb procesit t\u00eb prodhimit t\u00eb akullit. E nd\u00ebrtuar me komponent\u00eb cil\u00ebsor\u00eb dhe motor t\u00eb fuqish\u00ebm, kjo pomp\u00eb garanton funksionim t\u00eb q\u00ebndruesh\u00ebm, efikasitet t\u00eb lart\u00eb dhe jet\u00ebgjat\u00ebsi edhe n\u00eb p\u00ebrdorim intensiv profesional.<\/p>\n<p data-start=\"520\" data-end=\"642\">E p\u00ebrshtatshme p\u00ebr p\u00ebrdorim n\u00eb ambiente komerciale dhe industriale, si restorante, bare, hotele dhe servise frigoriferike.<\/p>\n<hr data-start=\"644\" data-end=\"647\" \/>\n<p data-start=\"649\" data-end=\"672\"><strong data-start=\"649\" data-end=\"670\">Kode alternative:<\/strong><\/p>\n<ul data-start=\"673\" data-end=\"692\">\n<li data-start=\"673\" data-end=\"692\">\n<p data-start=\"675\" data-end=\"692\"><strong data-start=\"675\" data-end=\"685\">BREMA:<\/strong> C23858<\/p>\n<\/li>\n<\/ul>\n<p data-start=\"694\" data-end=\"713\"><strong data-start=\"694\" data-end=\"707\">Prodhues:<\/strong><br data-start=\"707\" data-end=\"710\" \/>GRE<\/p>\n<hr data-start=\"715\" data-end=\"718\" \/>\n<h3 data-start=\"720\" data-end=\"741\">T\u00eb dh\u00ebna teknike:<\/h3>\n<ul data-start=\"742\" data-end=\"914\">\n<li data-start=\"742\" data-end=\"794\">\n<p data-start=\"744\" data-end=\"794\">Tipi: Pomp\u00eb p\u00ebr prodhues akulli (Ice Maker Pump)<\/p>\n<\/li>\n<li data-start=\"795\" data-end=\"813\">\n<p data-start=\"797\" data-end=\"813\">Fuqia: <strong data-start=\"804\" data-end=\"811\">60W<\/strong><\/p>\n<\/li>\n<li data-start=\"814\" data-end=\"836\">\n<p data-start=\"816\" data-end=\"836\">Tensioni: <strong data-start=\"826\" data-end=\"834\">230V<\/strong><\/p>\n<\/li>\n<li data-start=\"837\" data-end=\"860\">\n<p data-start=\"839\" data-end=\"860\">Frekuenca: <strong data-start=\"850\" data-end=\"858\">50Hz<\/strong><\/p>\n<\/li>\n<li data-start=\"861\" data-end=\"880\">\n<p data-start=\"863\" data-end=\"880\">Rryma: <strong data-start=\"870\" data-end=\"878\">0,8A<\/strong><\/p>\n<\/li>\n<li data-start=\"881\" data-end=\"914\">\n<p data-start=\"883\" data-end=\"914\">Klasa e izolimit: <strong data-start=\"901\" data-end=\"912\">Class B<\/strong><\/p>\n<\/li>\n<\/ul>\n<hr data-start=\"916\" data-end=\"919\" \/>\n<h3 data-start=\"921\" data-end=\"947\">Modele t\u00eb p\u00ebrputhshme:<\/h3>\n<ul data-start=\"948\" data-end=\"1074\">\n<li data-start=\"948\" data-end=\"975\">\n<p data-start=\"950\" data-end=\"975\"><strong data-start=\"950\" data-end=\"960\">BREMA:<\/strong> CB134, CB184<\/p>\n<\/li>\n<li data-start=\"976\" data-end=\"999\">\n<p data-start=\"978\" data-end=\"999\"><strong data-start=\"978\" data-end=\"985\">FM:<\/strong> FRESH-MAKER<\/p>\n<\/li>\n<li data-start=\"1000\" data-end=\"1020\">\n<p data-start=\"1002\" data-end=\"1020\"><strong data-start=\"1002\" data-end=\"1011\">HIKU:<\/strong> HIKU26<\/p>\n<\/li>\n<li data-start=\"1021\" data-end=\"1036\">\n<p data-start=\"1023\" data-end=\"1036\"><strong data-start=\"1023\" data-end=\"1030\">IC:<\/strong> IC1<\/p>\n<\/li>\n<li data-start=\"1037\" data-end=\"1056\">\n<p data-start=\"1039\" data-end=\"1056\"><strong data-start=\"1039\" data-end=\"1049\">LUXIA:<\/strong> FC19<\/p>\n<\/li>\n<li data-start=\"1057\" data-end=\"1074\">\n<p data-start=\"1059\" data-end=\"1074\"><strong data-start=\"1059\" data-end=\"1067\">NTF:<\/strong> SL35<\/p>\n<\/li>\n<\/ul>\n<hr data-start=\"1076\" data-end=\"1079\" \/>\n<p data-start=\"1081\" data-end=\"1138\"><strong data-start=\"1081\" data-end=\"1093\">Aplikim:<\/strong><br data-start=\"1093\" data-end=\"1096\" \/>Prodhues akulli industrial\u00eb dhe komercial\u00eb<\/p>","protected":false},"excerpt":{"rendered":"<p>Pomp\u00eb p\u00ebr Prodhues Akulli (Ice Maker Pump) Pomp\u00eb elektrike p\u00ebr prodhues akulli, e projektuar p\u00ebr qarkullimin dhe furnizimin e ujit gjat\u00eb procesit t\u00eb prodhimit t\u00eb akullit. E nd\u00ebrtuar me komponent\u00eb cil\u00ebsor\u00eb dhe motor t\u00eb fuqish\u00ebm, kjo pomp\u00eb garanton funksionim t\u00eb q\u00ebndruesh\u00ebm, efikasitet t\u00eb lart\u00eb dhe jet\u00ebgjat\u00ebsi edhe n\u00eb p\u00ebrdorim intensiv profesional. E p\u00ebrshtatshme p\u00ebr p\u00ebrdorim<\/p>\n<div class=\"klb-readmore button\"><a class=\"btn link\" href=\"https:\/\/ralkont.al\/sq\/sample-product\/pompe-per-produktor-akulli-3\/\">Read More <i class=\"klbth-icon-right-arrow\"><\/i><\/a><\/div>","protected":false},"featured_media":7917,"template":"","meta":[],"product_brand":[],"product_cat":[309,317],"product_tag":[],"class_list":{"0":"post-7916","1":"product","2":"type-product","3":"status-publish","4":"has-post-thumbnail","6":"product_cat-frigorifer","7":"product_cat-pompe-produktori","9":"first","10":"instock","11":"taxable","12":"shipping-taxable","13":"purchasable","14":"product-type-simple"},"_links":{"self":[{"href":"https:\/\/ralkont.al\/sq\/wp-json\/wp\/v2\/product\/7916","targetHints":{"allow":["GET"]}}],"collection":[{"href":"https:\/\/ralkont.al\/sq\/wp-json\/wp\/v2\/product"}],"about":[{"href":"https:\/\/ralkont.al\/sq\/wp-json\/wp\/v2\/types\/product"}],"wp:featuredmedia":[{"embeddable":true,"href":"https:\/\/ralkont.al\/sq\/wp-json\/wp\/v2\/media\/7917"}],"wp:attachment":[{"href":"https:\/\/ralkont.al\/sq\/wp-json\/wp\/v2\/media?parent=7916"}],"wp:term":[{"taxonomy":"product_brand","embeddable":true,"href":"https:\/\/ralkont.al\/sq\/wp-json\/wp\/v2\/product_brand?post=7916"},{"taxonomy":"product_cat","embeddable":true,"href":"https:\/\/ralkont.al\/sq\/wp-json\/wp\/v2\/product_cat?post=7916"},{"taxonomy":"product_tag","embeddable":true,"href":"https:\/\/ralkont.al\/sq\/wp-json\/wp\/v2\/product_tag?post=7916"}],"curies":[{"name":"wp","href":"https:\/\/api.w.org\/{rel}","templated":true}]}}