{"id":7740,"date":"2025-11-03T13:59:22","date_gmt":"2025-11-03T13:59:22","guid":{"rendered":"https:\/\/ralkont.al\/?post_type=product&#038;p=7740"},"modified":"2025-11-03T14:08:47","modified_gmt":"2025-11-03T14:08:47","slug":"celes-sekondar-per-lavatrice-beko-6","status":"publish","type":"product","link":"https:\/\/ralkont.al\/sq\/sample-product\/celes-sekondar-per-lavatrice-beko-6\/","title":{"rendered":"CELES SEKONDAR PER LAVATRICE BEKO"},"content":{"rendered":"<article class=\"text-token-text-primary w-full focus:outline-none [--shadow-height:45px] has-data-writing-block:pointer-events-none has-data-writing-block:-mt-(--shadow-height) has-data-writing-block:pt-(--shadow-height) [&amp;:has([data-writing-block])&gt;*]:pointer-events-auto [content-visibility:auto] supports-[content-visibility:auto]:[contain-intrinsic-size:auto_100lvh] scroll-mt-[calc(var(--header-height)+min(200px,max(70px,20svh)))]\" dir=\"auto\" tabindex=\"-1\" data-turn-id=\"request-WEB:d1c12c3d-3329-4790-8876-5785239369d7-29\" data-testid=\"conversation-turn-60\" data-scroll-anchor=\"true\" data-turn=\"assistant\">\n<div class=\"text-base my-auto mx-auto pb-10 [--thread-content-margin:--spacing(4)] thread-sm:[--thread-content-margin:--spacing(6)] thread-lg:[--thread-content-margin:--spacing(16)] px-(--thread-content-margin)\">\n<div class=\"[--thread-content-max-width:40rem] thread-lg:[--thread-content-max-width:48rem] mx-auto max-w-(--thread-content-max-width) flex-1 group\/turn-messages focus-visible:outline-hidden relative flex w-full min-w-0 flex-col agent-turn\" tabindex=\"-1\">\n<div class=\"flex max-w-full flex-col grow\">\n<div class=\"min-h-8 text-message relative flex w-full flex-col items-end gap-2 text-start break-words whitespace-normal [.text-message+&amp;]:mt-1\" dir=\"auto\" data-message-author-role=\"assistant\" data-message-id=\"d7b4224b-637f-4ad4-9629-e40b4e788d50\" data-message-model-slug=\"gpt-5\">\n<div class=\"flex w-full flex-col gap-1 empty:hidden first:pt-[1px]\">\n<div class=\"markdown prose dark:prose-invert w-full break-words light markdown-new-styling\">\n<p data-start=\"0\" data-end=\"72\"><strong data-start=\"0\" data-end=\"20\">Sh\u00ebnime teknike:<\/strong><br data-start=\"20\" data-end=\"23\" \/>Lloji: <strong data-start=\"30\" data-end=\"40\">ZV-447<\/strong>. 4-5 16(6)A 250V. 3 kontakte.<\/p>\n<p data-start=\"74\" data-end=\"95\"><strong data-start=\"74\" data-end=\"84\">Marka:<\/strong><br data-start=\"84\" data-end=\"87\" \/>VESTEL<\/p>\n<p data-start=\"97\" data-end=\"125\"><strong data-start=\"97\" data-end=\"111\">Prodhuesi:<\/strong><br data-start=\"111\" data-end=\"114\" \/>METALFLEX<\/p>\n<p data-start=\"127\" data-end=\"161\"><strong data-start=\"127\" data-end=\"149\">Vendi i origjin\u00ebs:<\/strong><br data-start=\"149\" data-end=\"152\" \/>SLOVENI<\/p>\n<p data-start=\"186\" data-end=\"249\" data-is-last-node=\"\" data-is-only-node=\"\"><strong data-start=\"186\" data-end=\"207\">Kodet origjinale:<\/strong><br data-start=\"207\" data-end=\"210\" \/>32024045, 32035212, 32040575, ZV447A1<\/p>\n<p data-start=\"0\" data-end=\"85\"><b>148ac12<\/b><\/p>\n<\/div>\n<\/div>\n<\/div>\n<\/div>\n<div class=\"z-0 flex min-h-[46px] justify-start\"><\/div>\n<div class=\"mt-3 w-full empty:hidden\">\n<div class=\"text-center\"><\/div>\n<\/div>\n<\/div>\n<\/div>\n<\/article>\n<div class=\"pointer-events-none h-px w-px\" aria-hidden=\"true\" data-edge=\"true\"><\/div>\n<p>&nbsp;<\/p>\n<p>Pjes\u00ebt e k\u00ebmbimit p\u00ebr pajisjet si frigorifer\u00ebt, lavatricet, pajisjet e vogla dhe veglat e pun\u00ebs jan\u00eb thelb\u00ebsore p\u00ebr riparimin dhe mir\u00ebmbajtjen e tyre. Ato p\u00ebrfshijn\u00eb komponente si kompresor\u00eb, termostate, rezistenca, pompa uji, motor\u00eb, filtra, kabllo, mekanizma dhe aksesor\u00eb t\u00eb tjer\u00eb. K\u00ebto pjes\u00eb sigurojn\u00eb funksionimin optimal t\u00eb pajisjeve dhe zgjasin jet\u00ebgjat\u00ebsin\u00eb e tyre. P\u00ebrdorimi i pjes\u00ebve t\u00eb kualitetit t\u00eb lart\u00eb rrit efikasitetin dhe p\u00ebrformanc\u00ebn e pajisjeve, duke ulur kostot e mir\u00ebmbajtjes dhe p\u00ebrmir\u00ebsuar p\u00ebrvoj\u00ebn e p\u00ebrdoruesit.<\/p>\n<p>&nbsp;<\/p>","protected":false},"excerpt":{"rendered":"<p>Sh\u00ebnime teknike:Lloji: ZV-447. 4-5 16(6)A 250V. 3 kontakte. Marka:VESTEL Prodhuesi:METALFLEX Vendi i origjin\u00ebs:SLOVENI Kodet origjinale:32024045, 32035212, 32040575, ZV447A1 148ac12 &nbsp; Pjes\u00ebt e k\u00ebmbimit p\u00ebr pajisjet si frigorifer\u00ebt, lavatricet, pajisjet e vogla dhe veglat e pun\u00ebs jan\u00eb thelb\u00ebsore p\u00ebr riparimin dhe mir\u00ebmbajtjen e tyre. Ato p\u00ebrfshijn\u00eb komponente si kompresor\u00eb, termostate, rezistenca, pompa uji, motor\u00eb, filtra, kabllo,<\/p>\n<div class=\"klb-readmore button\"><a class=\"btn link\" href=\"https:\/\/ralkont.al\/sq\/sample-product\/celes-sekondar-per-lavatrice-beko-6\/\">Read More <i class=\"klbth-icon-right-arrow\"><\/i><\/a><\/div>","protected":false},"featured_media":7741,"template":"","meta":[],"product_brand":[],"product_cat":[348,346],"product_tag":[],"class_list":{"0":"post-7740","1":"product","2":"type-product","3":"status-publish","4":"has-post-thumbnail","6":"product_cat-brava-sekondare","7":"product_cat-larje","9":"first","10":"instock","11":"purchasable","12":"product-type-simple"},"_links":{"self":[{"href":"https:\/\/ralkont.al\/sq\/wp-json\/wp\/v2\/product\/7740","targetHints":{"allow":["GET"]}}],"collection":[{"href":"https:\/\/ralkont.al\/sq\/wp-json\/wp\/v2\/product"}],"about":[{"href":"https:\/\/ralkont.al\/sq\/wp-json\/wp\/v2\/types\/product"}],"wp:featuredmedia":[{"embeddable":true,"href":"https:\/\/ralkont.al\/sq\/wp-json\/wp\/v2\/media\/7741"}],"wp:attachment":[{"href":"https:\/\/ralkont.al\/sq\/wp-json\/wp\/v2\/media?parent=7740"}],"wp:term":[{"taxonomy":"product_brand","embeddable":true,"href":"https:\/\/ralkont.al\/sq\/wp-json\/wp\/v2\/product_brand?post=7740"},{"taxonomy":"product_cat","embeddable":true,"href":"https:\/\/ralkont.al\/sq\/wp-json\/wp\/v2\/product_cat?post=7740"},{"taxonomy":"product_tag","embeddable":true,"href":"https:\/\/ralkont.al\/sq\/wp-json\/wp\/v2\/product_tag?post=7740"}],"curies":[{"name":"wp","href":"https:\/\/api.w.org\/{rel}","templated":true}]}}