{"id":7738,"date":"2025-11-03T13:53:59","date_gmt":"2025-11-03T13:53:59","guid":{"rendered":"https:\/\/ralkont.al\/?post_type=product&#038;p=7738"},"modified":"2025-11-03T14:09:03","modified_gmt":"2025-11-03T14:09:03","slug":"celes-sekondar-per-lavatrice-beko-5","status":"publish","type":"product","link":"https:\/\/ralkont.al\/sq\/sample-product\/celes-sekondar-per-lavatrice-beko-5\/","title":{"rendered":"CELES SEKONDAR PER LAVATRICE BEKO"},"content":{"rendered":"<article class=\"text-token-text-primary w-full focus:outline-none [--shadow-height:45px] has-data-writing-block:pointer-events-none has-data-writing-block:-mt-(--shadow-height) has-data-writing-block:pt-(--shadow-height) [&amp;:has([data-writing-block])&gt;*]:pointer-events-auto [content-visibility:auto] supports-[content-visibility:auto]:[contain-intrinsic-size:auto_100lvh] scroll-mt-[calc(var(--header-height)+min(200px,max(70px,20svh)))]\" dir=\"auto\" tabindex=\"-1\" data-turn-id=\"request-WEB:d1c12c3d-3329-4790-8876-5785239369d7-29\" data-testid=\"conversation-turn-60\" data-scroll-anchor=\"true\" data-turn=\"assistant\">\n<div class=\"text-base my-auto mx-auto pb-10 [--thread-content-margin:--spacing(4)] thread-sm:[--thread-content-margin:--spacing(6)] thread-lg:[--thread-content-margin:--spacing(16)] px-(--thread-content-margin)\">\n<div class=\"[--thread-content-max-width:40rem] thread-lg:[--thread-content-max-width:48rem] mx-auto max-w-(--thread-content-max-width) flex-1 group\/turn-messages focus-visible:outline-hidden relative flex w-full min-w-0 flex-col agent-turn\" tabindex=\"-1\">\n<div class=\"flex max-w-full flex-col grow\">\n<div class=\"min-h-8 text-message relative flex w-full flex-col items-end gap-2 text-start break-words whitespace-normal [.text-message+&amp;]:mt-1\" dir=\"auto\" data-message-author-role=\"assistant\" data-message-id=\"d7b4224b-637f-4ad4-9629-e40b4e788d50\" data-message-model-slug=\"gpt-5\">\n<div class=\"flex w-full flex-col gap-1 empty:hidden first:pt-[1px]\">\n<div class=\"markdown prose dark:prose-invert w-full break-words light markdown-new-styling\">\n<p data-start=\"0\" data-end=\"85\"><strong data-start=\"0\" data-end=\"20\">Sh\u00ebnime teknike:<\/strong><br data-start=\"20\" data-end=\"23\" \/>Lloji: <strong data-start=\"30\" data-end=\"40\">ZV-447<\/strong>. T85 4-5 16(6)A 250V &#8211; \u00b5 10E3. 3 kontakte.<\/p>\n<p data-start=\"87\" data-end=\"116\"><strong data-start=\"87\" data-end=\"97\">Marka:<\/strong><br data-start=\"97\" data-end=\"100\" \/>ARCELIK \u2013 BEKO<\/p>\n<p data-start=\"118\" data-end=\"146\"><strong data-start=\"118\" data-end=\"132\">Prodhuesi:<\/strong><br data-start=\"132\" data-end=\"135\" \/>METALFLEX<\/p>\n<p data-start=\"148\" data-end=\"182\"><strong data-start=\"148\" data-end=\"170\">Vendi i origjin\u00ebs:<\/strong><br data-start=\"170\" data-end=\"173\" \/>SLOVENI<\/p>\n<p data-start=\"207\" data-end=\"309\" data-is-last-node=\"\" data-is-only-node=\"\"><strong data-start=\"207\" data-end=\"228\">Kodet origjinale:<\/strong><br data-start=\"228\" data-end=\"231\" \/>2849660200, 2849660500, 2849660600, C00864812, C00864815, C00869872, ZV447C3<\/p>\n<\/div>\n<\/div>\n<\/div>\n<\/div>\n<div class=\"z-0 flex min-h-[46px] justify-start\"><\/div>\n<div class=\"mt-3 w-full empty:hidden\">\n<div class=\"text-center\"><\/div>\n<\/div>\n<\/div>\n<\/div>\n<\/article>\n<div class=\"pointer-events-none h-px w-px\" aria-hidden=\"true\" data-edge=\"true\"><\/div>\n<p>&nbsp;<\/p>\n<p>Pjes\u00ebt e k\u00ebmbimit p\u00ebr pajisjet si frigorifer\u00ebt, lavatricet, pajisjet e vogla dhe veglat e pun\u00ebs jan\u00eb thelb\u00ebsore p\u00ebr riparimin dhe mir\u00ebmbajtjen e tyre. Ato p\u00ebrfshijn\u00eb komponente si kompresor\u00eb, termostate, rezistenca, pompa uji, motor\u00eb, filtra, kabllo, mekanizma dhe aksesor\u00eb t\u00eb tjer\u00eb. K\u00ebto pjes\u00eb sigurojn\u00eb funksionimin optimal t\u00eb pajisjeve dhe zgjasin jet\u00ebgjat\u00ebsin\u00eb e tyre. P\u00ebrdorimi i pjes\u00ebve t\u00eb kualitetit t\u00eb lart\u00eb rrit efikasitetin dhe p\u00ebrformanc\u00ebn e pajisjeve, duke ulur kostot e mir\u00ebmbajtjes dhe p\u00ebrmir\u00ebsuar p\u00ebrvoj\u00ebn e p\u00ebrdoruesit.<\/p>\n<p>&nbsp;<\/p>","protected":false},"excerpt":{"rendered":"<p>Sh\u00ebnime teknike:Lloji: ZV-447. T85 4-5 16(6)A 250V &#8211; \u00b5 10E3. 3 kontakte. Marka:ARCELIK \u2013 BEKO Prodhuesi:METALFLEX Vendi i origjin\u00ebs:SLOVENI Kodet origjinale:2849660200, 2849660500, 2849660600, C00864812, C00864815, C00869872, ZV447C3 &nbsp; Pjes\u00ebt e k\u00ebmbimit p\u00ebr pajisjet si frigorifer\u00ebt, lavatricet, pajisjet e vogla dhe veglat e pun\u00ebs jan\u00eb thelb\u00ebsore p\u00ebr riparimin dhe mir\u00ebmbajtjen e tyre. Ato p\u00ebrfshijn\u00eb komponente si<\/p>\n<div class=\"klb-readmore button\"><a class=\"btn link\" href=\"https:\/\/ralkont.al\/sq\/sample-product\/celes-sekondar-per-lavatrice-beko-5\/\">Read More <i class=\"klbth-icon-right-arrow\"><\/i><\/a><\/div>","protected":false},"featured_media":7739,"template":"","meta":[],"product_brand":[],"product_cat":[348,346],"product_tag":[],"class_list":{"0":"post-7738","1":"product","2":"type-product","3":"status-publish","4":"has-post-thumbnail","6":"product_cat-brava-sekondare","7":"product_cat-larje","9":"first","10":"instock","11":"purchasable","12":"product-type-simple"},"_links":{"self":[{"href":"https:\/\/ralkont.al\/sq\/wp-json\/wp\/v2\/product\/7738","targetHints":{"allow":["GET"]}}],"collection":[{"href":"https:\/\/ralkont.al\/sq\/wp-json\/wp\/v2\/product"}],"about":[{"href":"https:\/\/ralkont.al\/sq\/wp-json\/wp\/v2\/types\/product"}],"wp:featuredmedia":[{"embeddable":true,"href":"https:\/\/ralkont.al\/sq\/wp-json\/wp\/v2\/media\/7739"}],"wp:attachment":[{"href":"https:\/\/ralkont.al\/sq\/wp-json\/wp\/v2\/media?parent=7738"}],"wp:term":[{"taxonomy":"product_brand","embeddable":true,"href":"https:\/\/ralkont.al\/sq\/wp-json\/wp\/v2\/product_brand?post=7738"},{"taxonomy":"product_cat","embeddable":true,"href":"https:\/\/ralkont.al\/sq\/wp-json\/wp\/v2\/product_cat?post=7738"},{"taxonomy":"product_tag","embeddable":true,"href":"https:\/\/ralkont.al\/sq\/wp-json\/wp\/v2\/product_tag?post=7738"}],"curies":[{"name":"wp","href":"https:\/\/api.w.org\/{rel}","templated":true}]}}