{"id":7731,"date":"2025-11-03T10:31:36","date_gmt":"2025-11-03T10:31:36","guid":{"rendered":"https:\/\/ralkont.al\/?post_type=product&#038;p=7731"},"modified":"2025-11-03T13:03:00","modified_gmt":"2025-11-03T13:03:00","slug":"celes-sekondar-per-lavatrice-ariston-3","status":"publish","type":"product","link":"https:\/\/ralkont.al\/sq\/sample-product\/celes-sekondar-per-lavatrice-ariston-3\/","title":{"rendered":"CELES SEKONDAR PER LAVATRICE ARISTON"},"content":{"rendered":"<p data-start=\"0\" data-end=\"83\"><strong data-start=\"0\" data-end=\"20\">Sh\u00ebnime teknike:<\/strong><br data-start=\"20\" data-end=\"23\" \/>250V, 16(6)A mbyllje, 1(1)A hapje. 3 kontakte. Cil\u00ebsi OEM.<\/p>\n<p data-start=\"85\" data-end=\"117\"><strong data-start=\"85\" data-end=\"95\">Marka:<\/strong><br data-start=\"95\" data-end=\"98\" \/>ARISTON \u2013 INDESIT<\/p>\n<p data-start=\"119\" data-end=\"147\"><strong data-start=\"119\" data-end=\"133\">Prodhuesi:<\/strong><br data-start=\"133\" data-end=\"136\" \/>METALFLEX<\/p>\n<p data-start=\"149\" data-end=\"183\"><strong data-start=\"149\" data-end=\"171\">Vendi i origjin\u00ebs:<\/strong><br data-start=\"171\" data-end=\"174\" \/>SLOVENI<\/p>\n<p data-start=\"208\" data-end=\"238\"><strong data-start=\"208\" data-end=\"223\">Cil\u00ebsi OEM:<\/strong><br data-start=\"223\" data-end=\"226\" \/>CIL\u00cbSI OEM<\/p>\n<p data-start=\"240\" data-end=\"298\" data-is-last-node=\"\" data-is-only-node=\"\"><strong data-start=\"240\" data-end=\"261\">Kodet origjinale:<\/strong><br data-start=\"261\" data-end=\"264\" \/>482000022732, C00085194, ZV446E1<\/p>\n<h3><span class=\"ProductLabel\">Produttore:<\/span>ROLD DA003041<\/h3>\n<p class=\"ProductNotes ProductTitle\"><span class=\"ProductLabel\">Note :<\/span>EX CODE ROLD DA000041<\/p>\n<p>148ar12<\/p>\n<p>Pjes\u00ebt e k\u00ebmbimit p\u00ebr pajisjet si frigorifer\u00ebt, lavatricet, pajisjet e vogla dhe veglat e pun\u00ebs jan\u00eb thelb\u00ebsore p\u00ebr riparimin dhe mir\u00ebmbajtjen e tyre. Ato p\u00ebrfshijn\u00eb komponente si kompresor\u00eb, termostate, rezistenca, pompa uji, motor\u00eb, filtra, kabllo, mekanizma dhe aksesor\u00eb t\u00eb tjer\u00eb. K\u00ebto pjes\u00eb sigurojn\u00eb funksionimin optimal t\u00eb pajisjeve dhe zgjasin jet\u00ebgjat\u00ebsin\u00eb e tyre. P\u00ebrdorimi i pjes\u00ebve t\u00eb kualitetit t\u00eb lart\u00eb rrit efikasitetin dhe p\u00ebrformanc\u00ebn e pajisjeve, duke ulur kostot e mir\u00ebmbajtjes dhe p\u00ebrmir\u00ebsuar p\u00ebrvoj\u00ebn e p\u00ebrdoruesit.<\/p>","protected":false},"excerpt":{"rendered":"<p>Sh\u00ebnime teknike:250V, 16(6)A mbyllje, 1(1)A hapje. 3 kontakte. Cil\u00ebsi OEM. Marka:ARISTON \u2013 INDESIT Prodhuesi:METALFLEX Vendi i origjin\u00ebs:SLOVENI Cil\u00ebsi OEM:CIL\u00cbSI OEM Kodet origjinale:482000022732, C00085194, ZV446E1 Produttore:ROLD DA003041 Note :EX CODE ROLD DA000041 148ar12 Pjes\u00ebt e k\u00ebmbimit p\u00ebr pajisjet si frigorifer\u00ebt, lavatricet, pajisjet e vogla dhe veglat e pun\u00ebs jan\u00eb thelb\u00ebsore p\u00ebr riparimin dhe mir\u00ebmbajtjen e tyre.<\/p>\n<div class=\"klb-readmore button\"><a class=\"btn link\" href=\"https:\/\/ralkont.al\/sq\/sample-product\/celes-sekondar-per-lavatrice-ariston-3\/\">Read More <i class=\"klbth-icon-right-arrow\"><\/i><\/a><\/div>","protected":false},"featured_media":7732,"template":"","meta":[],"product_brand":[],"product_cat":[348,346],"product_tag":[],"class_list":{"0":"post-7731","1":"product","2":"type-product","3":"status-publish","4":"has-post-thumbnail","6":"product_cat-brava-sekondare","7":"product_cat-larje","9":"first","10":"instock","11":"purchasable","12":"product-type-simple"},"_links":{"self":[{"href":"https:\/\/ralkont.al\/sq\/wp-json\/wp\/v2\/product\/7731","targetHints":{"allow":["GET"]}}],"collection":[{"href":"https:\/\/ralkont.al\/sq\/wp-json\/wp\/v2\/product"}],"about":[{"href":"https:\/\/ralkont.al\/sq\/wp-json\/wp\/v2\/types\/product"}],"wp:featuredmedia":[{"embeddable":true,"href":"https:\/\/ralkont.al\/sq\/wp-json\/wp\/v2\/media\/7732"}],"wp:attachment":[{"href":"https:\/\/ralkont.al\/sq\/wp-json\/wp\/v2\/media?parent=7731"}],"wp:term":[{"taxonomy":"product_brand","embeddable":true,"href":"https:\/\/ralkont.al\/sq\/wp-json\/wp\/v2\/product_brand?post=7731"},{"taxonomy":"product_cat","embeddable":true,"href":"https:\/\/ralkont.al\/sq\/wp-json\/wp\/v2\/product_cat?post=7731"},{"taxonomy":"product_tag","embeddable":true,"href":"https:\/\/ralkont.al\/sq\/wp-json\/wp\/v2\/product_tag?post=7731"}],"curies":[{"name":"wp","href":"https:\/\/api.w.org\/{rel}","templated":true}]}}