{"id":7673,"date":"2025-10-30T16:00:09","date_gmt":"2025-10-30T16:00:09","guid":{"rendered":"https:\/\/ralkont.al\/?post_type=product&#038;p=7673"},"modified":"2025-10-30T16:00:49","modified_gmt":"2025-10-30T16:00:49","slug":"filter-gazi-30-gr","status":"publish","type":"product","link":"https:\/\/ralkont.al\/sq\/sample-product\/filter-gazi-30-gr\/","title":{"rendered":"FILTER GAZI 30 GR"},"content":{"rendered":"<div class=\"product-info__description\">\n<article class=\"text-token-text-primary w-full focus:outline-none [--shadow-height:45px] has-data-writing-block:pointer-events-none has-data-writing-block:-mt-(--shadow-height) has-data-writing-block:pt-(--shadow-height) [&amp;:has([data-writing-block])&gt;*]:pointer-events-auto [content-visibility:auto] supports-[content-visibility:auto]:[contain-intrinsic-size:auto_100lvh] scroll-mt-[calc(var(--header-height)+min(200px,max(70px,20svh)))]\" dir=\"auto\" tabindex=\"-1\" data-turn-id=\"request-WEB:d1c12c3d-3329-4790-8876-5785239369d7-1\" data-testid=\"conversation-turn-4\" data-scroll-anchor=\"true\" data-turn=\"assistant\">\n<div class=\"text-base my-auto mx-auto pb-10 [--thread-content-margin:--spacing(4)] thread-sm:[--thread-content-margin:--spacing(6)] thread-lg:[--thread-content-margin:--spacing(16)] px-(--thread-content-margin)\">\n<div class=\"[--thread-content-max-width:40rem] thread-lg:[--thread-content-max-width:48rem] mx-auto max-w-(--thread-content-max-width) flex-1 group\/turn-messages focus-visible:outline-hidden relative flex w-full min-w-0 flex-col agent-turn\" tabindex=\"-1\">\n<div class=\"flex max-w-full flex-col grow\">\n<div class=\"min-h-8 text-message relative flex w-full flex-col items-end gap-2 text-start break-words whitespace-normal [.text-message+&amp;]:mt-1\" dir=\"auto\" data-message-author-role=\"assistant\" data-message-id=\"2ecce745-4b7d-4c5f-b5a3-56e8d1bdca12\" data-message-model-slug=\"gpt-5\">\n<div class=\"flex w-full flex-col gap-1 empty:hidden first:pt-[1px]\">\n<div class=\"markdown prose dark:prose-invert w-full break-words light markdown-new-styling\">\n<p data-start=\"0\" data-end=\"20\"><strong data-start=\"0\" data-end=\"20\">FILTRI MOLEKULAR<\/strong><\/p>\n<p data-start=\"22\" data-end=\"52\"><strong data-start=\"22\" data-end=\"50\">Karakteristikat teknike:<\/strong><\/p>\n<ul data-start=\"53\" data-end=\"121\">\n<li data-start=\"53\" data-end=\"79\">\n<p data-start=\"55\" data-end=\"79\">Diametri: 6.5 \u2013 6.5 mm<\/p>\n<\/li>\n<li data-start=\"80\" data-end=\"99\">\n<p data-start=\"82\" data-end=\"99\">Pesha: 30 gram\u00eb<\/p>\n<\/li>\n<li data-start=\"100\" data-end=\"121\">\n<p data-start=\"102\" data-end=\"121\">Rrjedhje: 2 dalje<\/p>\n<\/li>\n<\/ul>\n<p data-start=\"123\" data-end=\"156\"><strong data-start=\"123\" data-end=\"154\">Marka dhe kodet origjinale:<\/strong><\/p>\n<ul data-start=\"157\" data-end=\"182\">\n<li data-start=\"157\" data-end=\"170\">\n<p data-start=\"159\" data-end=\"170\">UNIVERSAL<\/p>\n<\/li>\n<li data-start=\"171\" data-end=\"182\">\n<p data-start=\"173\" data-end=\"182\">ALL GAS<\/p>\n<\/li>\n<\/ul>\n<p data-start=\"184\" data-end=\"198\"><strong data-start=\"184\" data-end=\"196\">Modelet:<\/strong><\/p>\n<ul data-start=\"199\" data-end=\"258\" data-is-last-node=\"\" data-is-only-node=\"\">\n<li data-start=\"199\" data-end=\"258\" data-is-last-node=\"\">\n<p data-start=\"201\" data-end=\"258\" data-is-last-node=\"\">UNIVERSAL \u2013 i p\u00ebrshtatsh\u00ebm p\u00ebr t\u00eb gjitha llojet e gazrave<\/p>\n<\/li>\n<\/ul>\n<\/div>\n<\/div>\n<\/div>\n<\/div>\n<div class=\"z-0 flex min-h-[46px] justify-start\">FR2726<\/div>\n<div class=\"mt-3 w-full empty:hidden\">\n<div class=\"text-center\"><\/div>\n<\/div>\n<\/div>\n<\/div>\n<\/article>\n<div class=\"pointer-events-none h-px w-px\" aria-hidden=\"true\" data-edge=\"true\"><\/div>\n<\/div>","protected":false},"excerpt":{"rendered":"<p>FILTER GAZI<\/p>","protected":false},"featured_media":7672,"template":"","meta":[],"product_brand":[],"product_cat":[311,309],"product_tag":[],"class_list":{"0":"post-7673","1":"product","2":"type-product","3":"status-publish","4":"has-post-thumbnail","6":"product_cat-filter-gazi","7":"product_cat-frigorifer","9":"first","10":"instock","11":"purchasable","12":"product-type-simple"},"_links":{"self":[{"href":"https:\/\/ralkont.al\/sq\/wp-json\/wp\/v2\/product\/7673","targetHints":{"allow":["GET"]}}],"collection":[{"href":"https:\/\/ralkont.al\/sq\/wp-json\/wp\/v2\/product"}],"about":[{"href":"https:\/\/ralkont.al\/sq\/wp-json\/wp\/v2\/types\/product"}],"wp:featuredmedia":[{"embeddable":true,"href":"https:\/\/ralkont.al\/sq\/wp-json\/wp\/v2\/media\/7672"}],"wp:attachment":[{"href":"https:\/\/ralkont.al\/sq\/wp-json\/wp\/v2\/media?parent=7673"}],"wp:term":[{"taxonomy":"product_brand","embeddable":true,"href":"https:\/\/ralkont.al\/sq\/wp-json\/wp\/v2\/product_brand?post=7673"},{"taxonomy":"product_cat","embeddable":true,"href":"https:\/\/ralkont.al\/sq\/wp-json\/wp\/v2\/product_cat?post=7673"},{"taxonomy":"product_tag","embeddable":true,"href":"https:\/\/ralkont.al\/sq\/wp-json\/wp\/v2\/product_tag?post=7673"}],"curies":[{"name":"wp","href":"https:\/\/api.w.org\/{rel}","templated":true}]}}