{"id":7654,"date":"2025-10-28T11:18:38","date_gmt":"2025-10-28T11:18:38","guid":{"rendered":"https:\/\/ralkont.al\/?post_type=product&#038;p=7654"},"modified":"2025-10-28T11:19:13","modified_gmt":"2025-10-28T11:19:13","slug":"t-bashkues-bakri-me-saldim-%cf%8642mm","status":"publish","type":"product","link":"https:\/\/ralkont.al\/sq\/sample-product\/t-bashkues-bakri-me-saldim-%cf%8642mm\/","title":{"rendered":"T bashkues bakri me saldim \u03a642mm"},"content":{"rendered":"<h3 data-start=\"151\" data-end=\"213\"><strong data-start=\"155\" data-end=\"213\">T- Bashkues Bakri me saldim \u2013 Madh\u00ebsi t\u00eb Ndryshme<\/strong><\/h3>\n<p data-start=\"215\" data-end=\"736\"><strong data-start=\"215\" data-end=\"241\">P\u00ebrshkrim i produktit:<\/strong><br data-start=\"241\" data-end=\"244\" \/>Bashkuesit e bakrit p\u00ebrdoren p\u00ebr t\u00eb lidhur dy tuba bakri t\u00eb drejt\u00eb n\u00eb vij\u00eb t\u00eb drejt\u00eb, duke siguruar rrjedhje hermetike dhe t\u00eb q\u00ebndrueshme t\u00eb ftoh\u00ebsit ose ujit.<br data-start=\"415\" data-end=\"418\" \/>Ky aksesor \u00ebsht\u00eb thelb\u00ebsor n\u00eb \u00e7do instalim HVAC, frigoriferik ose hidraulik, duke ofruar lidhje t\u00eb fort\u00eb, rezistente ndaj presionit dhe korrozionit.<br data-start=\"574\" data-end=\"577\" \/>RALKONT ofron bashkues bakri t\u00eb cil\u00ebsis\u00eb m\u00eb t\u00eb lart\u00eb, n\u00eb t\u00eb gjitha madh\u00ebsit\u00eb standarde europiane dhe amerikane, t\u00eb p\u00ebrshtatshme p\u00ebr saldim\u00a0profesional.<\/p>","protected":false},"excerpt":{"rendered":"<p>T- Bashkues Bakri me saldim \u2013 Madh\u00ebsi t\u00eb Ndryshme P\u00ebrshkrim i produktit:Bashkuesit e bakrit p\u00ebrdoren p\u00ebr t\u00eb lidhur dy tuba bakri t\u00eb drejt\u00eb n\u00eb vij\u00eb t\u00eb drejt\u00eb, duke siguruar rrjedhje hermetike dhe t\u00eb q\u00ebndrueshme t\u00eb ftoh\u00ebsit ose ujit.Ky aksesor \u00ebsht\u00eb thelb\u00ebsor n\u00eb \u00e7do instalim HVAC, frigoriferik ose hidraulik, duke ofruar lidhje t\u00eb fort\u00eb, rezistente ndaj<\/p>\n<div class=\"klb-readmore button\"><a class=\"btn link\" href=\"https:\/\/ralkont.al\/sq\/sample-product\/t-bashkues-bakri-me-saldim-%cf%8642mm\/\">Read More <i class=\"klbth-icon-right-arrow\"><\/i><\/a><\/div>","protected":false},"featured_media":7650,"template":"","meta":[],"product_brand":[],"product_cat":[330,339,332],"product_tag":[],"class_list":{"0":"post-7654","1":"product","2":"type-product","3":"status-publish","4":"has-post-thumbnail","6":"product_cat-kondicioner","7":"product_cat-rakorderi","8":"product_cat-tub-bakri","10":"first","11":"instock","12":"taxable","13":"shipping-taxable","14":"purchasable","15":"product-type-simple"},"_links":{"self":[{"href":"https:\/\/ralkont.al\/sq\/wp-json\/wp\/v2\/product\/7654","targetHints":{"allow":["GET"]}}],"collection":[{"href":"https:\/\/ralkont.al\/sq\/wp-json\/wp\/v2\/product"}],"about":[{"href":"https:\/\/ralkont.al\/sq\/wp-json\/wp\/v2\/types\/product"}],"wp:featuredmedia":[{"embeddable":true,"href":"https:\/\/ralkont.al\/sq\/wp-json\/wp\/v2\/media\/7650"}],"wp:attachment":[{"href":"https:\/\/ralkont.al\/sq\/wp-json\/wp\/v2\/media?parent=7654"}],"wp:term":[{"taxonomy":"product_brand","embeddable":true,"href":"https:\/\/ralkont.al\/sq\/wp-json\/wp\/v2\/product_brand?post=7654"},{"taxonomy":"product_cat","embeddable":true,"href":"https:\/\/ralkont.al\/sq\/wp-json\/wp\/v2\/product_cat?post=7654"},{"taxonomy":"product_tag","embeddable":true,"href":"https:\/\/ralkont.al\/sq\/wp-json\/wp\/v2\/product_tag?post=7654"}],"curies":[{"name":"wp","href":"https:\/\/api.w.org\/{rel}","templated":true}]}}