{"id":7599,"date":"2025-10-20T13:18:51","date_gmt":"2025-10-20T13:18:51","guid":{"rendered":"https:\/\/ralkont.al\/?post_type=product&#038;p=7599"},"modified":"2025-10-20T13:19:57","modified_gmt":"2025-10-20T13:19:57","slug":"amortizator-miele-w1-2","status":"publish","type":"product","link":"https:\/\/ralkont.al\/sq\/sample-product\/amortizator-miele-w1-2\/","title":{"rendered":"Amortizator Miele W1"},"content":{"rendered":"<h3 data-start=\"45\" data-end=\"72\"><strong data-start=\"49\" data-end=\"70\">T\u00eb dh\u00ebna teknike:<\/strong><\/h3>\n<p data-start=\"73\" data-end=\"211\">Forca: <strong data-start=\"80\" data-end=\"88\">120N<\/strong><br data-start=\"88\" data-end=\"91\" \/>Vrima montimi: <strong data-start=\"106\" data-end=\"121\">\u00d89 + \u00d811 mm<\/strong><br data-start=\"121\" data-end=\"124\" \/>Gjat\u00ebsia: <strong data-start=\"134\" data-end=\"163\">min. 173 mm \u2013 max. 273 mm<\/strong><br data-start=\"163\" data-end=\"166\" \/>Me <strong data-start=\"169\" data-end=\"189\">kllap\u00eb (bracket)<\/strong> p\u00ebr montim t\u00eb leht\u00eb<\/p>\n<h3 data-start=\"213\" data-end=\"229\"><strong data-start=\"217\" data-end=\"227\">Marka:<\/strong><\/h3>\n<p data-start=\"230\" data-end=\"239\"><strong data-start=\"230\" data-end=\"239\">MIELE<\/strong><\/p>\n<h3 data-start=\"241\" data-end=\"261\"><strong data-start=\"245\" data-end=\"259\">Prodhuesi:<\/strong><\/h3>\n<p data-start=\"262\" data-end=\"269\"><strong data-start=\"262\" data-end=\"269\">AKS<\/strong><\/p>\n<h3 data-start=\"271\" data-end=\"290\"><strong data-start=\"275\" data-end=\"288\">Origjina:<\/strong><\/h3>\n<p data-start=\"291\" data-end=\"300\"><strong data-start=\"291\" data-end=\"300\">Turqi<\/strong><\/p>\n<h3 data-start=\"331\" data-end=\"356\"><strong data-start=\"335\" data-end=\"354\">Kodi origjinal:<\/strong><\/h3>\n<p data-start=\"357\" data-end=\"369\"><strong data-start=\"357\" data-end=\"369\">10555580<\/strong><\/p>\n<h5 class=\"detail-product-code ng-binding\">SAR007MI<\/h5>","protected":false},"excerpt":{"rendered":"<p>T\u00eb dh\u00ebna teknike: Forca: 120NVrima montimi: \u00d89 + \u00d811 mmGjat\u00ebsia: min. 173 mm \u2013 max. 273 mmMe kllap\u00eb (bracket) p\u00ebr montim t\u00eb leht\u00eb Marka: MIELE Prodhuesi: AKS Origjina: Turqi Kodi origjinal: 10555580 SAR007MI<\/p>","protected":false},"featured_media":7600,"template":"","meta":[],"product_brand":[],"product_cat":[347,346],"product_tag":[],"class_list":{"0":"post-7599","1":"product","2":"type-product","3":"status-publish","4":"has-post-thumbnail","6":"product_cat-amortizator","7":"product_cat-larje","9":"first","10":"instock","11":"taxable","12":"shipping-taxable","13":"purchasable","14":"product-type-simple"},"_links":{"self":[{"href":"https:\/\/ralkont.al\/sq\/wp-json\/wp\/v2\/product\/7599","targetHints":{"allow":["GET"]}}],"collection":[{"href":"https:\/\/ralkont.al\/sq\/wp-json\/wp\/v2\/product"}],"about":[{"href":"https:\/\/ralkont.al\/sq\/wp-json\/wp\/v2\/types\/product"}],"wp:featuredmedia":[{"embeddable":true,"href":"https:\/\/ralkont.al\/sq\/wp-json\/wp\/v2\/media\/7600"}],"wp:attachment":[{"href":"https:\/\/ralkont.al\/sq\/wp-json\/wp\/v2\/media?parent=7599"}],"wp:term":[{"taxonomy":"product_brand","embeddable":true,"href":"https:\/\/ralkont.al\/sq\/wp-json\/wp\/v2\/product_brand?post=7599"},{"taxonomy":"product_cat","embeddable":true,"href":"https:\/\/ralkont.al\/sq\/wp-json\/wp\/v2\/product_cat?post=7599"},{"taxonomy":"product_tag","embeddable":true,"href":"https:\/\/ralkont.al\/sq\/wp-json\/wp\/v2\/product_tag?post=7599"}],"curies":[{"name":"wp","href":"https:\/\/api.w.org\/{rel}","templated":true}]}}