{"id":7591,"date":"2025-10-20T12:59:58","date_gmt":"2025-10-20T12:59:58","guid":{"rendered":"https:\/\/ralkont.al\/?post_type=product&#038;p=7591"},"modified":"2025-10-20T13:08:14","modified_gmt":"2025-10-20T13:08:14","slug":"termostat-boileri-3","status":"publish","type":"product","link":"https:\/\/ralkont.al\/sq\/sample-product\/termostat-boileri-3\/","title":{"rendered":"Amortizator Miele set"},"content":{"rendered":"<h3 data-start=\"45\" data-end=\"72\"><strong data-start=\"49\" data-end=\"70\">T\u00eb dh\u00ebna teknike:<\/strong><\/h3>\n<p data-start=\"73\" data-end=\"103\"><strong data-start=\"73\" data-end=\"101\">Set (Kit) prej 3 cop\u00ebsh:<\/strong><\/p>\n<ul data-start=\"104\" data-end=\"296\">\n<li data-start=\"104\" data-end=\"199\">\n<p data-start=\"106\" data-end=\"199\"><strong data-start=\"106\" data-end=\"116\">2 cop\u00eb<\/strong> me kod <strong data-start=\"124\" data-end=\"136\">10095440<\/strong>, forc\u00eb <strong data-start=\"144\" data-end=\"151\">75N<\/strong>, gjat\u00ebsi <strong data-start=\"161\" data-end=\"184\">min\/max: 165\/255 mm<\/strong>, vrima \u00d88 mm<\/p>\n<\/li>\n<li data-start=\"200\" data-end=\"296\">\n<p data-start=\"202\" data-end=\"296\"><strong data-start=\"202\" data-end=\"212\">1 cop\u00eb<\/strong> me kod <strong data-start=\"220\" data-end=\"232\">04151285<\/strong>, forc\u00eb <strong data-start=\"240\" data-end=\"248\">120N<\/strong>, gjat\u00ebsi <strong data-start=\"258\" data-end=\"281\">min\/max: 175\/245 mm<\/strong>, vrima \u00d88 mm<\/p>\n<\/li>\n<\/ul>\n<h3 data-start=\"298\" data-end=\"314\"><strong data-start=\"302\" data-end=\"312\">Marka:<\/strong><\/h3>\n<p data-start=\"315\" data-end=\"324\"><strong data-start=\"315\" data-end=\"324\">MIELE<\/strong><\/p>\n<h3 data-start=\"326\" data-end=\"346\"><strong data-start=\"330\" data-end=\"344\">Prodhuesi:<\/strong><\/h3>\n<p data-start=\"347\" data-end=\"356\"><strong data-start=\"347\" data-end=\"356\">SUSPA<\/strong><\/p>\n<h3 data-start=\"358\" data-end=\"377\"><strong data-start=\"362\" data-end=\"375\">Origjina:<\/strong><\/h3>\n<p data-start=\"378\" data-end=\"396\"><strong data-start=\"378\" data-end=\"396\">Republika \u00c7eke<\/strong><\/p>\n<p data-start=\"419\" data-end=\"425\">\n<h3 data-start=\"427\" data-end=\"452\"><strong data-start=\"431\" data-end=\"450\">Kodi origjinal:<\/strong><\/h3>\n<p data-start=\"453\" data-end=\"465\"><strong data-start=\"453\" data-end=\"465\">10076244<\/strong><\/p>","protected":false},"excerpt":{"rendered":"<p>T\u00eb dh\u00ebna teknike: Set (Kit) prej 3 cop\u00ebsh: 2 cop\u00eb me kod 10095440, forc\u00eb 75N, gjat\u00ebsi min\/max: 165\/255 mm, vrima \u00d88 mm 1 cop\u00eb me kod 04151285, forc\u00eb 120N, gjat\u00ebsi min\/max: 175\/245 mm, vrima \u00d88 mm Marka: MIELE Prodhuesi: SUSPA Origjina: Republika \u00c7eke Kodi origjinal: 10076244<\/p>","protected":false},"featured_media":7594,"template":"","meta":[],"product_brand":[],"product_cat":[347,346],"product_tag":[],"class_list":{"0":"post-7591","1":"product","2":"type-product","3":"status-publish","4":"has-post-thumbnail","6":"product_cat-amortizator","7":"product_cat-larje","9":"first","10":"instock","11":"taxable","12":"shipping-taxable","13":"purchasable","14":"product-type-simple"},"_links":{"self":[{"href":"https:\/\/ralkont.al\/sq\/wp-json\/wp\/v2\/product\/7591","targetHints":{"allow":["GET"]}}],"collection":[{"href":"https:\/\/ralkont.al\/sq\/wp-json\/wp\/v2\/product"}],"about":[{"href":"https:\/\/ralkont.al\/sq\/wp-json\/wp\/v2\/types\/product"}],"wp:featuredmedia":[{"embeddable":true,"href":"https:\/\/ralkont.al\/sq\/wp-json\/wp\/v2\/media\/7594"}],"wp:attachment":[{"href":"https:\/\/ralkont.al\/sq\/wp-json\/wp\/v2\/media?parent=7591"}],"wp:term":[{"taxonomy":"product_brand","embeddable":true,"href":"https:\/\/ralkont.al\/sq\/wp-json\/wp\/v2\/product_brand?post=7591"},{"taxonomy":"product_cat","embeddable":true,"href":"https:\/\/ralkont.al\/sq\/wp-json\/wp\/v2\/product_cat?post=7591"},{"taxonomy":"product_tag","embeddable":true,"href":"https:\/\/ralkont.al\/sq\/wp-json\/wp\/v2\/product_tag?post=7591"}],"curies":[{"name":"wp","href":"https:\/\/api.w.org\/{rel}","templated":true}]}}