{"id":7589,"date":"2025-10-20T12:56:12","date_gmt":"2025-10-20T12:56:12","guid":{"rendered":"https:\/\/ralkont.al\/?post_type=product&#038;p=7589"},"modified":"2025-10-20T12:57:54","modified_gmt":"2025-10-20T12:57:54","slug":"termostat-boileri-2","status":"publish","type":"product","link":"https:\/\/ralkont.al\/sq\/sample-product\/termostat-boileri-2\/","title":{"rendered":"Termostat Boileri"},"content":{"rendered":"<h3 data-start=\"117\" data-end=\"183\">\u26a1 <strong data-start=\"123\" data-end=\"183\">Termostat Bipolar Sigurie RTS3 \u2013 Thermowatt \/ Universal<\/strong><\/h3>\n<p data-start=\"185\" data-end=\"535\">Termostat sigurie <strong data-start=\"203\" data-end=\"219\">bipolar RTS3<\/strong>, projektuar p\u00ebr <strong data-start=\"236\" data-end=\"257\">bojler\u00eb elektrik\u00eb<\/strong> me funksion t\u00eb dyfisht\u00eb: kontroll t\u00eb sakt\u00eb t\u00eb temperatur\u00ebs dhe <strong data-start=\"321\" data-end=\"347\">mbrojtje nga mbinxehja<\/strong>.<br data-start=\"348\" data-end=\"351\" \/>Ky model i prodhuesit <strong data-start=\"373\" data-end=\"395\">Thermowatt (Itali)<\/strong> siguron <strong data-start=\"404\" data-end=\"423\">cil\u00ebsi t\u00eb lart\u00eb<\/strong>, <strong data-start=\"425\" data-end=\"440\">jet\u00ebgjat\u00ebsi<\/strong> dhe <strong data-start=\"445\" data-end=\"474\">p\u00ebrshtatshm\u00ebri universale<\/strong> p\u00ebr nj\u00eb gam\u00eb t\u00eb gjer\u00eb bojler\u00ebsh sht\u00ebpiak\u00eb apo industrial\u00eb.<\/p>\n<p data-start=\"537\" data-end=\"569\">\u2705 <strong data-start=\"539\" data-end=\"567\">Karakteristika kryesore:<\/strong><\/p>\n<ul data-start=\"570\" data-end=\"840\">\n<li data-start=\"570\" data-end=\"605\">\n<p data-start=\"572\" data-end=\"605\">Lloj: <strong data-start=\"578\" data-end=\"603\">RTS3 \u2013 Bipolar Safety<\/strong><\/p>\n<\/li>\n<li data-start=\"606\" data-end=\"643\">\n<p data-start=\"608\" data-end=\"643\">Rrym\u00eb: <strong data-start=\"615\" data-end=\"622\">16A<\/strong>, Tension: <strong data-start=\"633\" data-end=\"641\">250V<\/strong><\/p>\n<\/li>\n<li data-start=\"644\" data-end=\"685\">\n<p data-start=\"646\" data-end=\"685\">Diapazoni i temperatur\u00ebs: <strong data-start=\"672\" data-end=\"683\">70\u201383\u00b0C<\/strong><\/p>\n<\/li>\n<li data-start=\"686\" data-end=\"709\">\n<p data-start=\"688\" data-end=\"709\">Kapilar: <strong data-start=\"697\" data-end=\"707\">270 mm<\/strong><\/p>\n<\/li>\n<li data-start=\"710\" data-end=\"748\">\n<p data-start=\"712\" data-end=\"748\">Gjat\u00ebsia e termostatit: <strong data-start=\"736\" data-end=\"746\">300 mm<\/strong><\/p>\n<\/li>\n<li data-start=\"749\" data-end=\"789\">\n<p data-start=\"751\" data-end=\"789\">Materiale rezistente ndaj nxeht\u00ebsis\u00eb<\/p>\n<\/li>\n<li data-start=\"790\" data-end=\"840\">\n<p data-start=\"792\" data-end=\"840\"><strong data-start=\"792\" data-end=\"840\">Cil\u00ebsi origjinale Thermowatt \u2013 Made in Italy<\/strong><\/p>\n<\/li>\n<\/ul>\n<h3 data-start=\"842\" data-end=\"858\"><strong data-start=\"846\" data-end=\"856\">Marka:<\/strong><\/h3>\n<p data-start=\"859\" data-end=\"873\"><strong data-start=\"859\" data-end=\"873\">Universale<\/strong><\/p>\n<h3 data-start=\"875\" data-end=\"895\"><strong data-start=\"879\" data-end=\"893\">Prodhuesi:<\/strong><\/h3>\n<p data-start=\"896\" data-end=\"910\"><strong data-start=\"896\" data-end=\"910\">THERMOWATT<\/strong><\/p>\n<h3 data-start=\"912\" data-end=\"931\"><strong data-start=\"916\" data-end=\"929\">Origjina:<\/strong><\/h3>\n<p data-start=\"932\" data-end=\"941\"><strong data-start=\"932\" data-end=\"941\">Itali<\/strong><\/p>\n<h3 data-start=\"943\" data-end=\"963\"><strong data-start=\"947\" data-end=\"961\">Origjinal:<\/strong><\/h3>\n<p data-start=\"964\" data-end=\"970\"><strong data-start=\"964\" data-end=\"970\">Jo<\/strong><\/p>\n<h3 data-start=\"972\" data-end=\"999\"><strong data-start=\"976\" data-end=\"997\">Kodet origjinale:<\/strong><\/h3>\n<p data-start=\"1000\" data-end=\"1031\"><strong data-start=\"1000\" data-end=\"1031\">60073066, 691219, C00013641<\/strong><\/p>\n<h5 class=\"detail-product-code ng-binding\">wth412un<\/h5>","protected":false},"excerpt":{"rendered":"<p>\u26a1 Termostat Bipolar Sigurie RTS3 \u2013 Thermowatt \/ Universal Termostat sigurie bipolar RTS3, projektuar p\u00ebr bojler\u00eb elektrik\u00eb me funksion t\u00eb dyfisht\u00eb: kontroll t\u00eb sakt\u00eb t\u00eb temperatur\u00ebs dhe mbrojtje nga mbinxehja.Ky model i prodhuesit Thermowatt (Itali) siguron cil\u00ebsi t\u00eb lart\u00eb, jet\u00ebgjat\u00ebsi dhe p\u00ebrshtatshm\u00ebri universale p\u00ebr nj\u00eb gam\u00eb t\u00eb gjer\u00eb bojler\u00ebsh sht\u00ebpiak\u00eb apo industrial\u00eb. \u2705 Karakteristika kryesore:<\/p>\n<div class=\"klb-readmore button\"><a class=\"btn link\" href=\"https:\/\/ralkont.al\/sq\/sample-product\/termostat-boileri-2\/\">Read More <i class=\"klbth-icon-right-arrow\"><\/i><\/a><\/div>","protected":false},"featured_media":7590,"template":"","meta":[],"product_brand":[],"product_cat":[388,15,353],"product_tag":[],"class_list":{"0":"post-7589","1":"product","2":"type-product","3":"status-publish","4":"has-post-thumbnail","6":"product_cat-paisje-te-vogla","7":"product_cat-produkte-te-tjera","8":"product_cat-rezistenca","10":"first","11":"instock","12":"taxable","13":"shipping-taxable","14":"purchasable","15":"product-type-simple"},"_links":{"self":[{"href":"https:\/\/ralkont.al\/sq\/wp-json\/wp\/v2\/product\/7589","targetHints":{"allow":["GET"]}}],"collection":[{"href":"https:\/\/ralkont.al\/sq\/wp-json\/wp\/v2\/product"}],"about":[{"href":"https:\/\/ralkont.al\/sq\/wp-json\/wp\/v2\/types\/product"}],"wp:featuredmedia":[{"embeddable":true,"href":"https:\/\/ralkont.al\/sq\/wp-json\/wp\/v2\/media\/7590"}],"wp:attachment":[{"href":"https:\/\/ralkont.al\/sq\/wp-json\/wp\/v2\/media?parent=7589"}],"wp:term":[{"taxonomy":"product_brand","embeddable":true,"href":"https:\/\/ralkont.al\/sq\/wp-json\/wp\/v2\/product_brand?post=7589"},{"taxonomy":"product_cat","embeddable":true,"href":"https:\/\/ralkont.al\/sq\/wp-json\/wp\/v2\/product_cat?post=7589"},{"taxonomy":"product_tag","embeddable":true,"href":"https:\/\/ralkont.al\/sq\/wp-json\/wp\/v2\/product_tag?post=7589"}],"curies":[{"name":"wp","href":"https:\/\/api.w.org\/{rel}","templated":true}]}}