{"id":7578,"date":"2025-10-20T12:36:47","date_gmt":"2025-10-20T12:36:47","guid":{"rendered":"https:\/\/ralkont.al\/?post_type=product&#038;p=7578"},"modified":"2025-10-20T12:39:37","modified_gmt":"2025-10-20T12:39:37","slug":"rezistence-bolieri-2000w","status":"publish","type":"product","link":"https:\/\/ralkont.al\/sq\/sample-product\/rezistence-bolieri-2000w\/","title":{"rendered":"REZISTENCE BOLIERI 2000W"},"content":{"rendered":"<h3 data-start=\"45\" data-end=\"72\"><strong data-start=\"49\" data-end=\"70\">T\u00eb dh\u00ebna teknike:<\/strong><\/h3>\n<p data-start=\"73\" data-end=\"205\"><strong data-start=\"73\" data-end=\"137\">Rezistenc\u00eb e harkuar bojleri me flanxh\u00eb dhe mbajt\u00ebs anod\u00eb M6<\/strong>,<br data-start=\"138\" data-end=\"141\" \/>fuqi <strong data-start=\"146\" data-end=\"155\">2000W<\/strong>, tension <strong data-start=\"165\" data-end=\"173\">230V<\/strong>.<br data-start=\"174\" data-end=\"177\" \/><strong data-start=\"177\" data-end=\"190\">Gjat\u00ebsia:<\/strong> 265 + 150 mm<\/p>\n<h3 data-start=\"207\" data-end=\"223\"><strong data-start=\"211\" data-end=\"221\">Marka:<\/strong><\/h3>\n<p data-start=\"224\" data-end=\"238\"><strong data-start=\"224\" data-end=\"238\">Universale<\/strong><\/p>\n<h3 data-start=\"240\" data-end=\"260\"><strong data-start=\"244\" data-end=\"258\">Prodhuesi:<\/strong><\/h3>\n<p data-start=\"261\" data-end=\"269\"><strong data-start=\"261\" data-end=\"269\">RECO<\/strong><\/p>\n<h3 data-start=\"300\" data-end=\"339\"><strong data-start=\"304\" data-end=\"337\">Origjina \/ Vendi i prodhimit:<\/strong><\/h3>\n<p data-start=\"340\" data-end=\"377\"><strong data-start=\"340\" data-end=\"377\">Prodhuar n\u00eb Itali (Made in Italy)<\/strong><\/p>\n<p>&nbsp;<\/p>\n<p>&nbsp;<\/p>\n<h5 class=\"detail-product-code ng-binding\">WTH102UN<\/h5>\n<p data-start=\"270\" data-end=\"279\">","protected":false},"excerpt":{"rendered":"<p>T\u00eb dh\u00ebna teknike: Rezistenc\u00eb e harkuar bojleri me flanxh\u00eb dhe mbajt\u00ebs anod\u00eb M6,fuqi 2000W, tension 230V.Gjat\u00ebsia: 265 + 150 mm Marka: Universale Prodhuesi: RECO Origjina \/ Vendi i prodhimit: Prodhuar n\u00eb Itali (Made in Italy) &nbsp; &nbsp; WTH102UN<\/p>","protected":false},"featured_media":7579,"template":"","meta":[],"product_brand":[],"product_cat":[388,15,353],"product_tag":[],"class_list":{"0":"post-7578","1":"product","2":"type-product","3":"status-publish","4":"has-post-thumbnail","6":"product_cat-paisje-te-vogla","7":"product_cat-produkte-te-tjera","8":"product_cat-rezistenca","10":"first","11":"instock","12":"taxable","13":"shipping-taxable","14":"purchasable","15":"product-type-simple"},"_links":{"self":[{"href":"https:\/\/ralkont.al\/sq\/wp-json\/wp\/v2\/product\/7578","targetHints":{"allow":["GET"]}}],"collection":[{"href":"https:\/\/ralkont.al\/sq\/wp-json\/wp\/v2\/product"}],"about":[{"href":"https:\/\/ralkont.al\/sq\/wp-json\/wp\/v2\/types\/product"}],"wp:featuredmedia":[{"embeddable":true,"href":"https:\/\/ralkont.al\/sq\/wp-json\/wp\/v2\/media\/7579"}],"wp:attachment":[{"href":"https:\/\/ralkont.al\/sq\/wp-json\/wp\/v2\/media?parent=7578"}],"wp:term":[{"taxonomy":"product_brand","embeddable":true,"href":"https:\/\/ralkont.al\/sq\/wp-json\/wp\/v2\/product_brand?post=7578"},{"taxonomy":"product_cat","embeddable":true,"href":"https:\/\/ralkont.al\/sq\/wp-json\/wp\/v2\/product_cat?post=7578"},{"taxonomy":"product_tag","embeddable":true,"href":"https:\/\/ralkont.al\/sq\/wp-json\/wp\/v2\/product_tag?post=7578"}],"curies":[{"name":"wp","href":"https:\/\/api.w.org\/{rel}","templated":true}]}}