{"id":7574,"date":"2025-10-20T12:27:34","date_gmt":"2025-10-20T12:27:34","guid":{"rendered":"https:\/\/ralkont.al\/?post_type=product&#038;p=7574"},"modified":"2025-10-20T12:29:58","modified_gmt":"2025-10-20T12:29:58","slug":"termostat-bolieri-2","status":"publish","type":"product","link":"https:\/\/ralkont.al\/sq\/sample-product\/termostat-bolieri-2\/","title":{"rendered":"Termostat  bolieri"},"content":{"rendered":"<h3 data-start=\"45\" data-end=\"72\"><strong data-start=\"49\" data-end=\"70\">T\u00eb dh\u00ebna teknike:<\/strong><\/h3>\n<p data-start=\"73\" data-end=\"179\">Temperatura: <strong data-start=\"86\" data-end=\"95\">110\u00b0C<\/strong><br data-start=\"95\" data-end=\"98\" \/>Sond\u00eb: <strong data-start=\"105\" data-end=\"114\">83 mm<\/strong>, \u00d86 mm<br data-start=\"121\" data-end=\"124\" \/>Kapilar: <strong data-start=\"133\" data-end=\"143\">840 mm<\/strong><br data-start=\"143\" data-end=\"146\" \/>Bosht: <strong data-start=\"153\" data-end=\"162\">23 mm<\/strong><br data-start=\"162\" data-end=\"165\" \/><strong data-start=\"165\" data-end=\"179\">2 kontakte<\/strong><\/p>\n<h3 data-start=\"181\" data-end=\"197\"><strong data-start=\"185\" data-end=\"195\">Marka:<\/strong><\/h3>\n<p data-start=\"198\" data-end=\"212\"><strong data-start=\"198\" data-end=\"212\">Universale<\/strong><\/p>\n<h3 data-start=\"214\" data-end=\"234\"><strong data-start=\"218\" data-end=\"232\">Prodhuesi:<\/strong><\/h3>\n<p data-start=\"235\" data-end=\"242\"><strong data-start=\"235\" data-end=\"242\">EGO<\/strong><\/p>\n<h3 data-start=\"244\" data-end=\"272\"><strong data-start=\"248\" data-end=\"270\">Vendi i origjin\u00ebs:<\/strong><\/h3>\n<p data-start=\"273\" data-end=\"285\"><strong data-start=\"273\" data-end=\"285\">Slloveni<\/strong><\/p>\n<h3 data-start=\"316\" data-end=\"341\"><strong data-start=\"320\" data-end=\"339\">Kodi origjinal:<\/strong><\/h3>\n<p data-start=\"342\" data-end=\"358\"><strong data-start=\"342\" data-end=\"358\">55.17022.030<\/strong><\/p>\n<p>&nbsp;<\/p>\n<p>&nbsp;<\/p>\n<p>&nbsp;<\/p>\n<h5 class=\"detail-product-code ng-binding\">WTH440UN<\/h5>\n<p data-start=\"270\" data-end=\"279\">","protected":false},"excerpt":{"rendered":"<p>T\u00eb dh\u00ebna teknike: Temperatura: 110\u00b0CSond\u00eb: 83 mm, \u00d86 mmKapilar: 840 mmBosht: 23 mm2 kontakte Marka: Universale Prodhuesi: EGO Vendi i origjin\u00ebs: Slloveni Kodi origjinal: 55.17022.030 &nbsp; &nbsp; &nbsp; WTH440UN<\/p>","protected":false},"featured_media":7575,"template":"","meta":[],"product_brand":[],"product_cat":[388,15,353],"product_tag":[],"class_list":{"0":"post-7574","1":"product","2":"type-product","3":"status-publish","4":"has-post-thumbnail","6":"product_cat-paisje-te-vogla","7":"product_cat-produkte-te-tjera","8":"product_cat-rezistenca","10":"first","11":"instock","12":"taxable","13":"shipping-taxable","14":"purchasable","15":"product-type-simple"},"_links":{"self":[{"href":"https:\/\/ralkont.al\/sq\/wp-json\/wp\/v2\/product\/7574","targetHints":{"allow":["GET"]}}],"collection":[{"href":"https:\/\/ralkont.al\/sq\/wp-json\/wp\/v2\/product"}],"about":[{"href":"https:\/\/ralkont.al\/sq\/wp-json\/wp\/v2\/types\/product"}],"wp:featuredmedia":[{"embeddable":true,"href":"https:\/\/ralkont.al\/sq\/wp-json\/wp\/v2\/media\/7575"}],"wp:attachment":[{"href":"https:\/\/ralkont.al\/sq\/wp-json\/wp\/v2\/media?parent=7574"}],"wp:term":[{"taxonomy":"product_brand","embeddable":true,"href":"https:\/\/ralkont.al\/sq\/wp-json\/wp\/v2\/product_brand?post=7574"},{"taxonomy":"product_cat","embeddable":true,"href":"https:\/\/ralkont.al\/sq\/wp-json\/wp\/v2\/product_cat?post=7574"},{"taxonomy":"product_tag","embeddable":true,"href":"https:\/\/ralkont.al\/sq\/wp-json\/wp\/v2\/product_tag?post=7574"}],"curies":[{"name":"wp","href":"https:\/\/api.w.org\/{rel}","templated":true}]}}