{"id":7572,"date":"2025-10-20T12:22:37","date_gmt":"2025-10-20T12:22:37","guid":{"rendered":"https:\/\/ralkont.al\/?post_type=product&#038;p=7572"},"modified":"2025-10-20T12:40:22","modified_gmt":"2025-10-20T12:40:22","slug":"termostat-bolieri","status":"publish","type":"product","link":"https:\/\/ralkont.al\/sq\/sample-product\/termostat-bolieri\/","title":{"rendered":"Rezistence  bolieri"},"content":{"rendered":"<h3 data-start=\"45\" data-end=\"72\"><strong data-start=\"49\" data-end=\"70\">T\u00eb dh\u00ebna teknike:<\/strong><\/h3>\n<p data-start=\"73\" data-end=\"195\"><strong data-start=\"73\" data-end=\"133\">Rezistenc\u00eb e drejt\u00eb bojleri me flanxh\u00eb dhe mbajt\u00ebs anod\u00eb<\/strong>,<br data-start=\"134\" data-end=\"137\" \/>fuqi <strong data-start=\"142\" data-end=\"151\">2000W<\/strong>, tension <strong data-start=\"161\" data-end=\"169\">230V<\/strong>.<br data-start=\"170\" data-end=\"173\" \/><strong data-start=\"173\" data-end=\"186\">Gjat\u00ebsia:<\/strong> 280 mm<\/p>\n<h3 data-start=\"197\" data-end=\"213\"><strong data-start=\"201\" data-end=\"211\">Marka:<\/strong><\/h3>\n<p data-start=\"214\" data-end=\"228\"><strong data-start=\"214\" data-end=\"228\">Universale<\/strong><\/p>\n<h3 data-start=\"230\" data-end=\"250\"><strong data-start=\"234\" data-end=\"248\">Prodhuesi:<\/strong><\/h3>\n<p data-start=\"251\" data-end=\"259\"><strong data-start=\"251\" data-end=\"259\">RECO<\/strong><\/p>\n<h3 data-start=\"261\" data-end=\"289\"><strong data-start=\"265\" data-end=\"287\">Vendi i origjin\u00ebs:<\/strong><\/h3>\n<p data-start=\"290\" data-end=\"299\"><strong data-start=\"290\" data-end=\"299\">Itali<\/strong><\/p>\n<p>&nbsp;<\/p>\n<p>&nbsp;<\/p>\n<p>&nbsp;<\/p>\n<h5 class=\"detail-product-code ng-binding\">WTH132UN<\/h5>\n<p data-start=\"270\" data-end=\"279\">","protected":false},"excerpt":{"rendered":"<p>T\u00eb dh\u00ebna teknike: Rezistenc\u00eb e drejt\u00eb bojleri me flanxh\u00eb dhe mbajt\u00ebs anod\u00eb,fuqi 2000W, tension 230V.Gjat\u00ebsia: 280 mm Marka: Universale Prodhuesi: RECO Vendi i origjin\u00ebs: Itali &nbsp; &nbsp; &nbsp; WTH132UN<\/p>","protected":false},"featured_media":7573,"template":"","meta":[],"product_brand":[],"product_cat":[388,15,353],"product_tag":[],"class_list":{"0":"post-7572","1":"product","2":"type-product","3":"status-publish","4":"has-post-thumbnail","6":"product_cat-paisje-te-vogla","7":"product_cat-produkte-te-tjera","8":"product_cat-rezistenca","10":"first","11":"instock","12":"taxable","13":"shipping-taxable","14":"purchasable","15":"product-type-simple"},"_links":{"self":[{"href":"https:\/\/ralkont.al\/sq\/wp-json\/wp\/v2\/product\/7572","targetHints":{"allow":["GET"]}}],"collection":[{"href":"https:\/\/ralkont.al\/sq\/wp-json\/wp\/v2\/product"}],"about":[{"href":"https:\/\/ralkont.al\/sq\/wp-json\/wp\/v2\/types\/product"}],"wp:featuredmedia":[{"embeddable":true,"href":"https:\/\/ralkont.al\/sq\/wp-json\/wp\/v2\/media\/7573"}],"wp:attachment":[{"href":"https:\/\/ralkont.al\/sq\/wp-json\/wp\/v2\/media?parent=7572"}],"wp:term":[{"taxonomy":"product_brand","embeddable":true,"href":"https:\/\/ralkont.al\/sq\/wp-json\/wp\/v2\/product_brand?post=7572"},{"taxonomy":"product_cat","embeddable":true,"href":"https:\/\/ralkont.al\/sq\/wp-json\/wp\/v2\/product_cat?post=7572"},{"taxonomy":"product_tag","embeddable":true,"href":"https:\/\/ralkont.al\/sq\/wp-json\/wp\/v2\/product_tag?post=7572"}],"curies":[{"name":"wp","href":"https:\/\/api.w.org\/{rel}","templated":true}]}}