{"id":7557,"date":"2025-10-20T11:53:48","date_gmt":"2025-10-20T11:53:48","guid":{"rendered":"https:\/\/ralkont.al\/?post_type=product&#038;p=7557"},"modified":"2025-10-20T11:53:48","modified_gmt":"2025-10-20T11:53:48","slug":"termostat-bolieri-liliput","status":"publish","type":"product","link":"https:\/\/ralkont.al\/sq\/sample-product\/termostat-bolieri-liliput\/","title":{"rendered":"Termostat bolieri liliput"},"content":{"rendered":"<h3 data-start=\"230\" data-end=\"280\">\ud83d\udd25 <strong data-start=\"237\" data-end=\"280\">Termostat p\u00ebr Bojler \u2013 Posht\u00eb Lavamanit<\/strong><\/h3>\n<p data-start=\"282\" data-end=\"598\">Ky termostat kontrollon automatikisht temperatur\u00ebn e ujit n\u00eb bojler\u00ebt e vendosur posht\u00eb lavamanit, duke garantuar ngrohje t\u00eb sigurt, efikase dhe me konsum t\u00eb ul\u00ebt energjie.<br data-start=\"454\" data-end=\"457\" \/>Projektuar p\u00ebr t\u00eb siguruar <strong data-start=\"484\" data-end=\"505\">stabilitet termik<\/strong> dhe <strong data-start=\"510\" data-end=\"536\">mbrojtje nga mbinxehja<\/strong>, \u00ebsht\u00eb komponent i domosdosh\u00ebm p\u00ebr \u00e7do sistem uji t\u00eb ngroht\u00eb.<\/p>\n<p data-start=\"600\" data-end=\"630\">\u2705 <strong data-start=\"602\" data-end=\"630\">Karakteristika kryesore:<\/strong><\/p>\n<ul data-start=\"631\" data-end=\"894\">\n<li data-start=\"631\" data-end=\"673\">\n<p data-start=\"633\" data-end=\"673\">Kontroll preciz i temperatur\u00ebs s\u00eb ujit<\/p>\n<\/li>\n<li data-start=\"674\" data-end=\"728\">\n<p data-start=\"676\" data-end=\"728\">Funksion automatik p\u00ebr fikje\/ndezje t\u00eb rezistenc\u00ebs<\/p>\n<\/li>\n<li data-start=\"729\" data-end=\"776\">\n<p data-start=\"731\" data-end=\"776\">Kapilar metalik rezistent ndaj temperatur\u00ebs<\/p>\n<\/li>\n<li data-start=\"777\" data-end=\"829\">\n<p data-start=\"779\" data-end=\"829\">Instalimi i leht\u00eb n\u00eb pozicionin posht\u00eb lavamanit<\/p>\n<\/li>\n<li data-start=\"830\" data-end=\"894\">\n<p data-start=\"832\" data-end=\"894\">Komponent origjinal dhe i q\u00ebndruesh\u00ebm p\u00ebr p\u00ebrdorim afatgjat\u00eb<\/p>\n<\/li>\n<\/ul>\n<p data-start=\"896\" data-end=\"998\">\ud83d\udce6 <strong data-start=\"899\" data-end=\"912\">P\u00ebrdorim:<\/strong> Bojler\u00eb vertikal\u00eb ose horizontal\u00eb, n\u00ebn lavaman, p\u00ebr sht\u00ebpi dhe ambiente komerciale.<\/p>\n<p data-start=\"896\" data-end=\"998\">wth420un<\/p>","protected":false},"excerpt":{"rendered":"<p>\ud83d\udd25 Termostat p\u00ebr Bojler \u2013 Posht\u00eb Lavamanit Ky termostat kontrollon automatikisht temperatur\u00ebn e ujit n\u00eb bojler\u00ebt e vendosur posht\u00eb lavamanit, duke garantuar ngrohje t\u00eb sigurt, efikase dhe me konsum t\u00eb ul\u00ebt energjie.Projektuar p\u00ebr t\u00eb siguruar stabilitet termik dhe mbrojtje nga mbinxehja, \u00ebsht\u00eb komponent i domosdosh\u00ebm p\u00ebr \u00e7do sistem uji t\u00eb ngroht\u00eb. \u2705 Karakteristika kryesore: Kontroll<\/p>\n<div class=\"klb-readmore button\"><a class=\"btn link\" href=\"https:\/\/ralkont.al\/sq\/sample-product\/termostat-bolieri-liliput\/\">Read More <i class=\"klbth-icon-right-arrow\"><\/i><\/a><\/div>","protected":false},"featured_media":7559,"template":"","meta":[],"product_brand":[],"product_cat":[388,15,353],"product_tag":[],"class_list":{"0":"post-7557","1":"product","2":"type-product","3":"status-publish","4":"has-post-thumbnail","6":"product_cat-paisje-te-vogla","7":"product_cat-produkte-te-tjera","8":"product_cat-rezistenca","10":"first","11":"instock","12":"taxable","13":"shipping-taxable","14":"purchasable","15":"product-type-simple"},"_links":{"self":[{"href":"https:\/\/ralkont.al\/sq\/wp-json\/wp\/v2\/product\/7557","targetHints":{"allow":["GET"]}}],"collection":[{"href":"https:\/\/ralkont.al\/sq\/wp-json\/wp\/v2\/product"}],"about":[{"href":"https:\/\/ralkont.al\/sq\/wp-json\/wp\/v2\/types\/product"}],"wp:featuredmedia":[{"embeddable":true,"href":"https:\/\/ralkont.al\/sq\/wp-json\/wp\/v2\/media\/7559"}],"wp:attachment":[{"href":"https:\/\/ralkont.al\/sq\/wp-json\/wp\/v2\/media?parent=7557"}],"wp:term":[{"taxonomy":"product_brand","embeddable":true,"href":"https:\/\/ralkont.al\/sq\/wp-json\/wp\/v2\/product_brand?post=7557"},{"taxonomy":"product_cat","embeddable":true,"href":"https:\/\/ralkont.al\/sq\/wp-json\/wp\/v2\/product_cat?post=7557"},{"taxonomy":"product_tag","embeddable":true,"href":"https:\/\/ralkont.al\/sq\/wp-json\/wp\/v2\/product_tag?post=7557"}],"curies":[{"name":"wp","href":"https:\/\/api.w.org\/{rel}","templated":true}]}}