{"id":7467,"date":"2025-10-09T08:16:13","date_gmt":"2025-10-09T08:16:13","guid":{"rendered":"https:\/\/ralkont.al\/?post_type=product&#038;p=7467"},"modified":"2025-10-09T15:04:04","modified_gmt":"2025-10-09T15:04:04","slug":"amortizatore-lavatrice-beko-2","status":"publish","type":"product","link":"https:\/\/ralkont.al\/sq\/sample-product\/amortizatore-lavatrice-beko-2\/","title":{"rendered":"AMORTIZATORE LAVATRICE BEKO"},"content":{"rendered":"<div class=\"form-group col-sm-12 ng-scope\">\n<div class=\"col-sm-9 col-xs-8\">\n<div class=\"form-control-static ng-binding\">\n<h3 data-start=\"110\" data-end=\"174\">\ud83d\udd27 <strong data-start=\"117\" data-end=\"172\">Amortizator Lavatrice \u00d810 mm \u2013 120 N (Kodi 167AC01)<\/strong><\/h3>\n<p data-start=\"175\" data-end=\"246\"><strong data-start=\"175\" data-end=\"183\">Tip:<\/strong> Universal\u2003|\u2003<strong data-start=\"196\" data-end=\"206\">Forca:<\/strong> 120 N\u2003|\u2003<strong data-start=\"215\" data-end=\"230\">Klasifikim:<\/strong> Economic Type<\/p>\n<p data-start=\"248\" data-end=\"583\">Amortizatori <strong data-start=\"261\" data-end=\"272\">167AC01<\/strong> me <strong data-start=\"276\" data-end=\"293\">piston \u00d810 mm<\/strong> \u00ebsht\u00eb nj\u00eb zgjidhje <strong data-start=\"313\" data-end=\"327\">universale<\/strong> p\u00ebr shum\u00eb marka lavatricesh si <strong data-start=\"359\" data-end=\"381\">AEG, Ar\u00e7elik, Beko<\/strong> dhe <strong data-start=\"386\" data-end=\"400\">Electrolux<\/strong>.<br data-start=\"401\" data-end=\"404\" \/>Me forc\u00eb <strong data-start=\"413\" data-end=\"422\" data-is-only-node=\"\">120 N<\/strong>, siguron <strong data-start=\"432\" data-end=\"465\">reduktim efektiv t\u00eb dridhjeve<\/strong>, <strong data-start=\"467\" data-end=\"481\">stabilitet<\/strong> dhe <strong data-start=\"486\" data-end=\"508\">funksionim t\u00eb qet\u00eb<\/strong>, duke ofruar nj\u00eb <strong data-start=\"526\" data-end=\"551\">alternativ\u00eb ekonomike<\/strong> me <strong data-start=\"555\" data-end=\"580\">cil\u00ebsi t\u00eb q\u00ebndrueshme<\/strong>.<\/p>\n<p data-start=\"585\" data-end=\"726\">\u2705 <strong data-start=\"587\" data-end=\"615\">Karakteristika kryesore:<\/strong><br data-start=\"615\" data-end=\"618\" \/>\u2022 Diametri pistoni: \u00d810 mm<br data-start=\"644\" data-end=\"647\" \/>\u2022 Forca e amortizimit: 120 N<br data-start=\"675\" data-end=\"678\" \/>\u2022 Tip: Universal<br data-start=\"694\" data-end=\"697\" \/>\u2022 Klasifikim: Economic Type<\/p>\n<p data-start=\"728\" data-end=\"851\">\ud83d\udd17 <strong data-start=\"731\" data-end=\"766\">Kode origjinale t\u00eb p\u00ebrputhshme:<\/strong><br data-start=\"766\" data-end=\"769\" \/>\u2022 <strong data-start=\"771\" data-end=\"780\">Beko:<\/strong> 2001210200<br data-start=\"791\" data-end=\"794\" \/>\u2022 <strong data-start=\"796\" data-end=\"826\">AEG \/ Ar\u00e7elik \/ Electrolux<\/strong> \u2013 p\u00ebrputhje universale<\/p>\n<\/div>\n<\/div>\n<\/div>\n<p data-start=\"275\" data-end=\"401\">\ud83d\udd27\u00a0<strong data-start=\"278\" data-end=\"332\">A po tundet lavatri\u00e7ja juaj m\u00eb shum\u00eb se zakonisht?<\/strong><br data-start=\"332\" data-end=\"335\" \/>Ky \u00ebsht\u00eb nj\u00eb shenj\u00eb e qart\u00eb se\u00a0<strong data-start=\"366\" data-end=\"383\">amortizator\u00ebt<\/strong>\u00a0jan\u00eb konsumuar!<\/p>\n<p data-start=\"403\" data-end=\"452\">\u274c\u00a0Kur amortizator\u00ebt nuk funksionojn\u00eb si\u00e7 duhet:<\/p>\n<ul data-start=\"453\" data-end=\"682\">\n<li data-start=\"453\" data-end=\"510\">\n<p data-start=\"455\" data-end=\"510\">Lavatri\u00e7ja\u00a0<strong data-start=\"466\" data-end=\"488\">dridhet dhe k\u00ebrcen<\/strong>\u00a0gjat\u00eb centrifugimit<\/p>\n<\/li>\n<li data-start=\"511\" data-end=\"567\">\n<p data-start=\"513\" data-end=\"567\">Shfaqen\u00a0<strong data-start=\"521\" data-end=\"550\">z\u00ebra t\u00eb fort\u00eb dhe goditje<\/strong>\u00a0t\u00eb panevojshme<\/p>\n<\/li>\n<li data-start=\"568\" data-end=\"615\">\n<p data-start=\"570\" data-end=\"615\">Konsumohet shpejt\u00a0<strong data-start=\"588\" data-end=\"613\">motori dhe kushinetat<\/strong><\/p>\n<\/li>\n<li data-start=\"616\" data-end=\"682\">\n<p data-start=\"618\" data-end=\"682\">Rrezik p\u00ebr\u00a0<strong data-start=\"629\" data-end=\"645\">rrjedhje uji<\/strong>\u00a0dhe\u00a0<strong data-start=\"650\" data-end=\"680\">d\u00ebmtime serioze t\u00eb kazanit<\/strong><\/p>\n<\/li>\n<\/ul>\n<p data-start=\"684\" data-end=\"826\">\u2705\u00a0Zgjidhja \u00ebsht\u00eb e thjesht\u00eb:\u00a0<strong data-start=\"713\" data-end=\"745\">Z\u00ebvend\u00ebsimi i amortizator\u00ebve<\/strong>.<br data-start=\"746\" data-end=\"749\" \/>Kjo i rikthen lavatri\u00e7es suaj\u00a0<strong data-start=\"779\" data-end=\"823\">qet\u00ebsin\u00eb, stabilitetin dhe jet\u00ebgjat\u00ebsin\u00eb<\/strong>.<\/p>\n<p data-start=\"828\" data-end=\"996\">\ud83d\udc49\u00a0Tek\u00a0<strong data-start=\"835\" data-end=\"854\">Ralkont Sh.p.k.<\/strong>\u00a0gjeni gjithmon\u00eb\u00a0<strong data-start=\"871\" data-end=\"911\">amortizator\u00eb origjinal\u00eb dhe cil\u00ebsor\u00eb<\/strong>\u00a0p\u00ebr \u00e7do mark\u00eb lavatri\u00e7e.<br data-start=\"936\" data-end=\"939\" \/>Na kontaktoni sot q\u00eb lavatri\u00e7ja juaj t\u00eb punoj\u00eb si e re!<\/p>","protected":false},"excerpt":{"rendered":"<p>\ud83d\udd27 Amortizator Lavatrice \u00d810 mm \u2013 120 N (Kodi 167AC01) Tip: Universal\u2003|\u2003Forca: 120 N\u2003|\u2003Klasifikim: Economic Type Amortizatori 167AC01 me piston \u00d810 mm \u00ebsht\u00eb nj\u00eb zgjidhje universale p\u00ebr shum\u00eb marka lavatricesh si AEG, Ar\u00e7elik, Beko dhe Electrolux.Me forc\u00eb 120 N, siguron reduktim efektiv t\u00eb dridhjeve, stabilitet dhe funksionim t\u00eb qet\u00eb, duke ofruar nj\u00eb alternativ\u00eb ekonomike me<\/p>\n<div class=\"klb-readmore button\"><a class=\"btn link\" href=\"https:\/\/ralkont.al\/sq\/sample-product\/amortizatore-lavatrice-beko-2\/\">Read More <i class=\"klbth-icon-right-arrow\"><\/i><\/a><\/div>","protected":false},"featured_media":7471,"template":"","meta":[],"product_brand":[],"product_cat":[347,346],"product_tag":[],"class_list":{"0":"post-7467","1":"product","2":"type-product","3":"status-publish","4":"has-post-thumbnail","6":"product_cat-amortizator","7":"product_cat-larje","9":"first","10":"instock","11":"taxable","12":"shipping-taxable","13":"purchasable","14":"product-type-simple"},"_links":{"self":[{"href":"https:\/\/ralkont.al\/sq\/wp-json\/wp\/v2\/product\/7467","targetHints":{"allow":["GET"]}}],"collection":[{"href":"https:\/\/ralkont.al\/sq\/wp-json\/wp\/v2\/product"}],"about":[{"href":"https:\/\/ralkont.al\/sq\/wp-json\/wp\/v2\/types\/product"}],"wp:featuredmedia":[{"embeddable":true,"href":"https:\/\/ralkont.al\/sq\/wp-json\/wp\/v2\/media\/7471"}],"wp:attachment":[{"href":"https:\/\/ralkont.al\/sq\/wp-json\/wp\/v2\/media?parent=7467"}],"wp:term":[{"taxonomy":"product_brand","embeddable":true,"href":"https:\/\/ralkont.al\/sq\/wp-json\/wp\/v2\/product_brand?post=7467"},{"taxonomy":"product_cat","embeddable":true,"href":"https:\/\/ralkont.al\/sq\/wp-json\/wp\/v2\/product_cat?post=7467"},{"taxonomy":"product_tag","embeddable":true,"href":"https:\/\/ralkont.al\/sq\/wp-json\/wp\/v2\/product_tag?post=7467"}],"curies":[{"name":"wp","href":"https:\/\/api.w.org\/{rel}","templated":true}]}}