{"id":7465,"date":"2025-10-09T08:09:02","date_gmt":"2025-10-09T08:09:02","guid":{"rendered":"https:\/\/ralkont.al\/?post_type=product&#038;p=7465"},"modified":"2025-10-09T08:10:28","modified_gmt":"2025-10-09T08:10:28","slug":"amortizatore-lavatrice-ariston-indesit","status":"publish","type":"product","link":"https:\/\/ralkont.al\/sq\/sample-product\/amortizatore-lavatrice-ariston-indesit\/","title":{"rendered":"AMORTIZATORE LAVATRICE ARISTON\/INDESIT"},"content":{"rendered":"<div class=\"form-group col-sm-12 ng-scope\">\n<div class=\"col-sm-9 col-xs-8\">\n<div class=\"form-control-static ng-binding\">\n<h3 data-start=\"102\" data-end=\"185\">\ud83d\udd27 <strong data-start=\"109\" data-end=\"183\">Set Amortizator\u00ebsh Lavatrice Ariston \/ Indesit \u2013 Kodi 167AR01 (2 cop\u00eb)<\/strong><\/h3>\n<p data-start=\"186\" data-end=\"274\"><strong data-start=\"186\" data-end=\"199\">Prodhues:<\/strong> DP\u2003|\u2003<strong data-start=\"205\" data-end=\"218\">Origjina:<\/strong> PRC\u2003|\u2003<strong data-start=\"225\" data-end=\"235\">Forca:<\/strong> 100 N\u2003|\u2003<strong data-start=\"244\" data-end=\"255\">Cil\u00ebsi:<\/strong> Standard e lart\u00eb<\/p>\n<p data-start=\"276\" data-end=\"649\">Kompleti <strong data-start=\"285\" data-end=\"296\">167AR01<\/strong> p\u00ebrfshin <strong data-start=\"306\" data-end=\"334\">2 amortizator\u00eb lavatrice<\/strong> me forc\u00eb <strong data-start=\"344\" data-end=\"353\">100 N<\/strong>, t\u00eb dizajnuar p\u00ebr <strong data-start=\"372\" data-end=\"397\">reduktim t\u00eb dridhjeve<\/strong>, <strong data-start=\"399\" data-end=\"428\">stabilitet t\u00eb q\u00ebndruesh\u00ebm<\/strong> dhe <strong data-start=\"433\" data-end=\"455\">funksionim t\u00eb qet\u00eb<\/strong>.<br data-start=\"456\" data-end=\"459\" \/>Fal\u00eb prodhimit me cil\u00ebsi t\u00eb kontrolluar dhe p\u00ebrputhshm\u00ebris\u00eb me modelet <strong data-start=\"530\" data-end=\"573\" data-is-only-node=\"\">Ariston, Indesit, Merloni dhe Whirlpool<\/strong>, ky set garanton <strong data-start=\"591\" data-end=\"614\">mbrojtje t\u00eb kazanit<\/strong> dhe <strong data-start=\"619\" data-end=\"646\">jet\u00ebgjat\u00ebsi t\u00eb pajisjes<\/strong>.<\/p>\n<p data-start=\"651\" data-end=\"814\">\u2705 <strong data-start=\"653\" data-end=\"681\">Karakteristika kryesore:<\/strong><br data-start=\"681\" data-end=\"684\" \/>\u2022 Set: 2 cop\u00eb<br data-start=\"697\" data-end=\"700\" \/>\u2022 Forca e amortizimit: 100 N<br data-start=\"728\" data-end=\"731\" \/>\u2022 Vrima montimi: \u00d810.2 mm<br data-start=\"756\" data-end=\"759\" \/>\u2022 Gjat\u00ebsia: 225 mm<br data-start=\"777\" data-end=\"780\" \/>\u2022 Prodhues: DP<br data-start=\"794\" data-end=\"797\" \/>\u2022 Origjina: PRC<\/p>\n<p data-start=\"816\" data-end=\"1046\">\ud83d\udd17 <strong data-start=\"819\" data-end=\"854\">Kode origjinale t\u00eb p\u00ebrputhshme:<\/strong><br data-start=\"854\" data-end=\"857\" \/>\u2022 <strong data-start=\"859\" data-end=\"881\">Ariston \/ Indesit:<\/strong> C00145753 \u2013 C00309597 \u2013 C00140744 \u2013 C00140670 \u2013 C00097259 \u2013 C00141273<br data-start=\"951\" data-end=\"954\" \/>\u2022 <strong data-start=\"956\" data-end=\"967\">Merloni<\/strong><br data-start=\"967\" data-end=\"970\" \/>\u2022 <strong data-start=\"972\" data-end=\"986\">Whirlpool:<\/strong> 482000023502 \u2013 482000029517 \u2013 482000067824 \u2013 482000070422<\/p>\n<p data-start=\"1048\" data-end=\"1111\">\u26a0\ufe0f <strong data-start=\"1051\" data-end=\"1062\">Kujdes:<\/strong> \u00c7mimi i referohet kompletit prej <strong data-start=\"1096\" data-end=\"1108\">2 cop\u00ebsh<\/strong>.<\/p>\n<\/div>\n<\/div>\n<\/div>\n<p data-start=\"275\" data-end=\"401\">\ud83d\udd27\u00a0<strong data-start=\"278\" data-end=\"332\">A po tundet lavatri\u00e7ja juaj m\u00eb shum\u00eb se zakonisht?<\/strong><br data-start=\"332\" data-end=\"335\" \/>Ky \u00ebsht\u00eb nj\u00eb shenj\u00eb e qart\u00eb se\u00a0<strong data-start=\"366\" data-end=\"383\">amortizator\u00ebt<\/strong>\u00a0jan\u00eb konsumuar!<\/p>\n<p data-start=\"403\" data-end=\"452\">\u274c\u00a0Kur amortizator\u00ebt nuk funksionojn\u00eb si\u00e7 duhet:<\/p>\n<ul data-start=\"453\" data-end=\"682\">\n<li data-start=\"453\" data-end=\"510\">\n<p data-start=\"455\" data-end=\"510\">Lavatri\u00e7ja\u00a0<strong data-start=\"466\" data-end=\"488\">dridhet dhe k\u00ebrcen<\/strong>\u00a0gjat\u00eb centrifugimit<\/p>\n<\/li>\n<li data-start=\"511\" data-end=\"567\">\n<p data-start=\"513\" data-end=\"567\">Shfaqen\u00a0<strong data-start=\"521\" data-end=\"550\">z\u00ebra t\u00eb fort\u00eb dhe goditje<\/strong>\u00a0t\u00eb panevojshme<\/p>\n<\/li>\n<li data-start=\"568\" data-end=\"615\">\n<p data-start=\"570\" data-end=\"615\">Konsumohet shpejt\u00a0<strong data-start=\"588\" data-end=\"613\">motori dhe kushinetat<\/strong><\/p>\n<\/li>\n<li data-start=\"616\" data-end=\"682\">\n<p data-start=\"618\" data-end=\"682\">Rrezik p\u00ebr\u00a0<strong data-start=\"629\" data-end=\"645\">rrjedhje uji<\/strong>\u00a0dhe\u00a0<strong data-start=\"650\" data-end=\"680\">d\u00ebmtime serioze t\u00eb kazanit<\/strong><\/p>\n<\/li>\n<\/ul>\n<p data-start=\"684\" data-end=\"826\">\u2705\u00a0Zgjidhja \u00ebsht\u00eb e thjesht\u00eb:\u00a0<strong data-start=\"713\" data-end=\"745\">Z\u00ebvend\u00ebsimi i amortizator\u00ebve<\/strong>.<br data-start=\"746\" data-end=\"749\" \/>Kjo i rikthen lavatri\u00e7es suaj\u00a0<strong data-start=\"779\" data-end=\"823\">qet\u00ebsin\u00eb, stabilitetin dhe jet\u00ebgjat\u00ebsin\u00eb<\/strong>.<\/p>\n<p data-start=\"828\" data-end=\"996\">\ud83d\udc49\u00a0Tek\u00a0<strong data-start=\"835\" data-end=\"854\">Ralkont Sh.p.k.<\/strong>\u00a0gjeni gjithmon\u00eb\u00a0<strong data-start=\"871\" data-end=\"911\">amortizator\u00eb origjinal\u00eb dhe cil\u00ebsor\u00eb<\/strong>\u00a0p\u00ebr \u00e7do mark\u00eb lavatri\u00e7e.<br data-start=\"936\" data-end=\"939\" \/>Na kontaktoni sot q\u00eb lavatri\u00e7ja juaj t\u00eb punoj\u00eb si e re!<\/p>","protected":false},"excerpt":{"rendered":"<p>\ud83d\udd27 Set Amortizator\u00ebsh Lavatrice Ariston \/ Indesit \u2013 Kodi 167AR01 (2 cop\u00eb) Prodhues: DP\u2003|\u2003Origjina: PRC\u2003|\u2003Forca: 100 N\u2003|\u2003Cil\u00ebsi: Standard e lart\u00eb Kompleti 167AR01 p\u00ebrfshin 2 amortizator\u00eb lavatrice me forc\u00eb 100 N, t\u00eb dizajnuar p\u00ebr reduktim t\u00eb dridhjeve, stabilitet t\u00eb q\u00ebndruesh\u00ebm dhe funksionim t\u00eb qet\u00eb.Fal\u00eb prodhimit me cil\u00ebsi t\u00eb kontrolluar dhe p\u00ebrputhshm\u00ebris\u00eb me modelet Ariston, Indesit, Merloni<\/p>\n<div class=\"klb-readmore button\"><a class=\"btn link\" href=\"https:\/\/ralkont.al\/sq\/sample-product\/amortizatore-lavatrice-ariston-indesit\/\">Read More <i class=\"klbth-icon-right-arrow\"><\/i><\/a><\/div>","protected":false},"featured_media":7466,"template":"","meta":[],"product_brand":[],"product_cat":[347,346],"product_tag":[],"class_list":{"0":"post-7465","1":"product","2":"type-product","3":"status-publish","4":"has-post-thumbnail","6":"product_cat-amortizator","7":"product_cat-larje","9":"first","10":"instock","11":"taxable","12":"shipping-taxable","13":"purchasable","14":"product-type-simple"},"_links":{"self":[{"href":"https:\/\/ralkont.al\/sq\/wp-json\/wp\/v2\/product\/7465","targetHints":{"allow":["GET"]}}],"collection":[{"href":"https:\/\/ralkont.al\/sq\/wp-json\/wp\/v2\/product"}],"about":[{"href":"https:\/\/ralkont.al\/sq\/wp-json\/wp\/v2\/types\/product"}],"wp:featuredmedia":[{"embeddable":true,"href":"https:\/\/ralkont.al\/sq\/wp-json\/wp\/v2\/media\/7466"}],"wp:attachment":[{"href":"https:\/\/ralkont.al\/sq\/wp-json\/wp\/v2\/media?parent=7465"}],"wp:term":[{"taxonomy":"product_brand","embeddable":true,"href":"https:\/\/ralkont.al\/sq\/wp-json\/wp\/v2\/product_brand?post=7465"},{"taxonomy":"product_cat","embeddable":true,"href":"https:\/\/ralkont.al\/sq\/wp-json\/wp\/v2\/product_cat?post=7465"},{"taxonomy":"product_tag","embeddable":true,"href":"https:\/\/ralkont.al\/sq\/wp-json\/wp\/v2\/product_tag?post=7465"}],"curies":[{"name":"wp","href":"https:\/\/api.w.org\/{rel}","templated":true}]}}