{"id":7459,"date":"2025-10-09T07:38:28","date_gmt":"2025-10-09T07:38:28","guid":{"rendered":"https:\/\/ralkont.al\/?post_type=product&#038;p=7459"},"modified":"2025-10-11T13:55:56","modified_gmt":"2025-10-11T13:55:56","slug":"amortizatore-lavatrice-ariston","status":"publish","type":"product","link":"https:\/\/ralkont.al\/sq\/sample-product\/amortizatore-lavatrice-ariston\/","title":{"rendered":"AMORTIZATORE LAVATRICE ARISTON"},"content":{"rendered":"<div class=\"form-group col-sm-12 ng-scope\">\n<div class=\"col-sm-9 col-xs-8\">\n<div class=\"form-control-static ng-binding\">\n<h3 data-start=\"109\" data-end=\"192\">\ud83d\udd27 <strong data-start=\"116\" data-end=\"190\">Set Amortizator\u00ebsh Lavatrice Ariston \/ Indesit \u2013 Kodi 167AR07 (2 cop\u00eb)<\/strong><\/h3>\n<p data-start=\"193\" data-end=\"270\"><strong data-start=\"193\" data-end=\"206\">Origjina:<\/strong> Itali\u2003|\u2003<strong data-start=\"215\" data-end=\"240\">Marka t\u00eb p\u00ebrputhshme:<\/strong> Ariston, Indesit, Whirlpool<\/p>\n<p data-start=\"272\" data-end=\"607\">Kompleti <strong data-start=\"281\" data-end=\"292\">167AR07<\/strong> p\u00ebrfshin <strong data-start=\"302\" data-end=\"330\">2 amortizator\u00eb lavatrice<\/strong> t\u00eb projektuar p\u00ebr <strong data-start=\"349\" data-end=\"382\">reduktim optimal t\u00eb dridhjeve<\/strong>, <strong data-start=\"384\" data-end=\"407\">stabilitet maksimal<\/strong> dhe <strong data-start=\"412\" data-end=\"434\">funksionim t\u00eb qet\u00eb<\/strong> gjat\u00eb larjes.<br data-start=\"448\" data-end=\"451\" \/>Fal\u00eb cil\u00ebsis\u00eb s\u00eb nd\u00ebrtimit dhe p\u00ebrputhshm\u00ebris\u00eb me standardet <strong data-start=\"512\" data-end=\"519\" data-is-only-node=\"\">OEM<\/strong>, ky set garanton <strong data-start=\"537\" data-end=\"552\">jet\u00ebgjat\u00ebsi<\/strong> dhe <strong data-start=\"557\" data-end=\"604\">mbrojtje t\u00eb plot\u00eb t\u00eb struktur\u00ebs s\u00eb pajisjes<\/strong>.<\/p>\n<p data-start=\"609\" data-end=\"799\">\u2705 <strong data-start=\"611\" data-end=\"639\">Karakteristika kryesore:<\/strong><br data-start=\"639\" data-end=\"642\" \/>\u2022 Set: 2 cop\u00eb<br data-start=\"655\" data-end=\"658\" \/>\u2022 Tip: Kit amortizator\u00ebsh<br data-start=\"683\" data-end=\"686\" \/>\u2022 Montim i leht\u00eb dhe q\u00ebndrueshm\u00ebri afatgjat\u00eb<br data-start=\"730\" data-end=\"733\" \/>\u2022 P\u00ebrshtatje perfekte p\u00ebr modelet Ariston, Indesit dhe Whirlpool<\/p>\n<p data-start=\"801\" data-end=\"949\">\ud83d\udd17 <strong data-start=\"804\" data-end=\"839\">Kode origjinale t\u00eb p\u00ebrputhshme:<\/strong><br data-start=\"839\" data-end=\"842\" \/>\u2022 <strong data-start=\"844\" data-end=\"866\">Ariston \/ Indesit:<\/strong> C00287774 \u2013 C00303589 \u2013 C00383096<br data-start=\"900\" data-end=\"903\" \/>\u2022 <strong data-start=\"905\" data-end=\"919\">Whirlpool:<\/strong> 482000067873 \u2013 482000089614<\/p>\n<\/div>\n<\/div>\n<\/div>\n<p data-start=\"275\" data-end=\"401\">\ud83d\udd27\u00a0<strong data-start=\"278\" data-end=\"332\">A po tundet lavatri\u00e7ja juaj m\u00eb shum\u00eb se zakonisht?<\/strong><br data-start=\"332\" data-end=\"335\" \/>Ky \u00ebsht\u00eb nj\u00eb shenj\u00eb e qart\u00eb se\u00a0<strong data-start=\"366\" data-end=\"383\">amortizator\u00ebt<\/strong>\u00a0jan\u00eb konsumuar!<\/p>\n<p data-start=\"403\" data-end=\"452\">\u274c\u00a0Kur amortizator\u00ebt nuk funksionojn\u00eb si\u00e7 duhet:<\/p>\n<ul data-start=\"453\" data-end=\"682\">\n<li data-start=\"453\" data-end=\"510\">\n<p data-start=\"455\" data-end=\"510\">Lavatri\u00e7ja\u00a0<strong data-start=\"466\" data-end=\"488\">dridhet dhe k\u00ebrcen<\/strong>\u00a0gjat\u00eb centrifugimit<\/p>\n<\/li>\n<li data-start=\"511\" data-end=\"567\">\n<p data-start=\"513\" data-end=\"567\">Shfaqen\u00a0<strong data-start=\"521\" data-end=\"550\">z\u00ebra t\u00eb fort\u00eb dhe goditje<\/strong>\u00a0t\u00eb panevojshme<\/p>\n<\/li>\n<li data-start=\"568\" data-end=\"615\">\n<p data-start=\"570\" data-end=\"615\">Konsumohet shpejt\u00a0<strong data-start=\"588\" data-end=\"613\">motori dhe kushinetat<\/strong><\/p>\n<\/li>\n<li data-start=\"616\" data-end=\"682\">\n<p data-start=\"618\" data-end=\"682\">Rrezik p\u00ebr\u00a0<strong data-start=\"629\" data-end=\"645\">rrjedhje uji<\/strong>\u00a0dhe\u00a0<strong data-start=\"650\" data-end=\"680\">d\u00ebmtime serioze t\u00eb kazanit<\/strong><\/p>\n<\/li>\n<\/ul>\n<p data-start=\"684\" data-end=\"826\">\u2705\u00a0Zgjidhja \u00ebsht\u00eb e thjesht\u00eb:\u00a0<strong data-start=\"713\" data-end=\"745\">Z\u00ebvend\u00ebsimi i amortizator\u00ebve<\/strong>.<br data-start=\"746\" data-end=\"749\" \/>Kjo i rikthen lavatri\u00e7es suaj\u00a0<strong data-start=\"779\" data-end=\"823\">qet\u00ebsin\u00eb, stabilitetin dhe jet\u00ebgjat\u00ebsin\u00eb<\/strong>.<\/p>\n<p data-start=\"828\" data-end=\"996\">\ud83d\udc49\u00a0Tek\u00a0<strong data-start=\"835\" data-end=\"854\">Ralkont Sh.p.k.<\/strong>\u00a0gjeni gjithmon\u00eb\u00a0<strong data-start=\"871\" data-end=\"911\">amortizator\u00eb origjinal\u00eb dhe cil\u00ebsor\u00eb<\/strong>\u00a0p\u00ebr \u00e7do mark\u00eb lavatri\u00e7e.<br data-start=\"936\" data-end=\"939\" \/>Na kontaktoni sot q\u00eb lavatri\u00e7ja juaj t\u00eb punoj\u00eb si e re!<\/p>","protected":false},"excerpt":{"rendered":"<p>\ud83d\udd27 Set Amortizator\u00ebsh Lavatrice Ariston \/ Indesit \u2013 Kodi 167AR07 (2 cop\u00eb) Origjina: Itali\u2003|\u2003Marka t\u00eb p\u00ebrputhshme: Ariston, Indesit, Whirlpool Kompleti 167AR07 p\u00ebrfshin 2 amortizator\u00eb lavatrice t\u00eb projektuar p\u00ebr reduktim optimal t\u00eb dridhjeve, stabilitet maksimal dhe funksionim t\u00eb qet\u00eb gjat\u00eb larjes.Fal\u00eb cil\u00ebsis\u00eb s\u00eb nd\u00ebrtimit dhe p\u00ebrputhshm\u00ebris\u00eb me standardet OEM, ky set garanton jet\u00ebgjat\u00ebsi dhe mbrojtje t\u00eb<\/p>\n<div class=\"klb-readmore button\"><a class=\"btn link\" href=\"https:\/\/ralkont.al\/sq\/sample-product\/amortizatore-lavatrice-ariston\/\">Read More <i class=\"klbth-icon-right-arrow\"><\/i><\/a><\/div>","protected":false},"featured_media":7530,"template":"","meta":[],"product_brand":[],"product_cat":[347,346],"product_tag":[],"class_list":{"0":"post-7459","1":"product","2":"type-product","3":"status-publish","4":"has-post-thumbnail","6":"product_cat-amortizator","7":"product_cat-larje","9":"first","10":"instock","11":"taxable","12":"shipping-taxable","13":"purchasable","14":"product-type-simple"},"_links":{"self":[{"href":"https:\/\/ralkont.al\/sq\/wp-json\/wp\/v2\/product\/7459","targetHints":{"allow":["GET"]}}],"collection":[{"href":"https:\/\/ralkont.al\/sq\/wp-json\/wp\/v2\/product"}],"about":[{"href":"https:\/\/ralkont.al\/sq\/wp-json\/wp\/v2\/types\/product"}],"wp:featuredmedia":[{"embeddable":true,"href":"https:\/\/ralkont.al\/sq\/wp-json\/wp\/v2\/media\/7530"}],"wp:attachment":[{"href":"https:\/\/ralkont.al\/sq\/wp-json\/wp\/v2\/media?parent=7459"}],"wp:term":[{"taxonomy":"product_brand","embeddable":true,"href":"https:\/\/ralkont.al\/sq\/wp-json\/wp\/v2\/product_brand?post=7459"},{"taxonomy":"product_cat","embeddable":true,"href":"https:\/\/ralkont.al\/sq\/wp-json\/wp\/v2\/product_cat?post=7459"},{"taxonomy":"product_tag","embeddable":true,"href":"https:\/\/ralkont.al\/sq\/wp-json\/wp\/v2\/product_tag?post=7459"}],"curies":[{"name":"wp","href":"https:\/\/api.w.org\/{rel}","templated":true}]}}