{"id":7457,"date":"2025-10-09T07:36:17","date_gmt":"2025-10-09T07:36:17","guid":{"rendered":"https:\/\/ralkont.al\/?post_type=product&#038;p=7457"},"modified":"2025-10-11T14:02:44","modified_gmt":"2025-10-11T14:02:44","slug":"amortizatore-lavatrice-beko","status":"publish","type":"product","link":"https:\/\/ralkont.al\/sq\/sample-product\/amortizatore-lavatrice-beko\/","title":{"rendered":"AMORTIZATORE LAVATRICE BEKO"},"content":{"rendered":"<div class=\"form-group col-sm-12 ng-scope\">\n<div class=\"col-sm-9 col-xs-8\">\n<div class=\"form-control-static ng-binding\">\n<h3 data-start=\"118\" data-end=\"182\">\ud83d\udd27 <strong data-start=\"125\" data-end=\"180\">Amortizator Lavatrice Ar\u00e7elik \/ Beko \u2013 Kodi 167AC03<\/strong><\/h3>\n<p data-start=\"183\" data-end=\"230\"><strong data-start=\"183\" data-end=\"196\">Origjina:<\/strong> Turqi\u2003|\u2003<strong data-start=\"205\" data-end=\"216\">Cil\u00ebsi:<\/strong> OEM Quality<\/p>\n<p data-start=\"232\" data-end=\"589\">Amortizatori <strong data-start=\"245\" data-end=\"256\">167AC03<\/strong> \u00ebsht\u00eb projektuar p\u00ebr <strong data-start=\"278\" data-end=\"325\">lavatrice Ar\u00e7elik, Beko, Brandt dhe Indesit<\/strong>, duke siguruar <strong data-start=\"341\" data-end=\"363\">funksionim t\u00eb qet\u00eb<\/strong>, <strong data-start=\"365\" data-end=\"388\">stabilitet t\u00eb lart\u00eb<\/strong> dhe <strong data-start=\"393\" data-end=\"418\">reduktim t\u00eb dridhjeve<\/strong> gjat\u00eb larjes.<br data-start=\"432\" data-end=\"435\" \/>Me konstruksion t\u00eb fort\u00eb dhe p\u00ebrputhshm\u00ebri t\u00eb plot\u00eb me standardet e prodhuesve, ky model garanton <strong data-start=\"533\" data-end=\"564\" data-is-only-node=\"\">jet\u00ebgjat\u00ebsi dhe besueshm\u00ebri<\/strong> n\u00eb p\u00ebrdorim afatgjat\u00eb.<\/p>\n<p data-start=\"591\" data-end=\"790\">\u2705 <strong data-start=\"593\" data-end=\"621\">Karakteristika kryesore:<\/strong><br data-start=\"621\" data-end=\"624\" \/>\u2022 Forc\u00eb amortizimi e balancuar p\u00ebr performanc\u00eb t\u00eb q\u00ebndrueshme<br data-start=\"685\" data-end=\"688\" \/>\u2022 Montim i leht\u00eb dhe rezistenc\u00eb e lart\u00eb ndaj konsumit<br data-start=\"741\" data-end=\"744\" \/>\u2022 P\u00ebrshtatje perfekte p\u00ebr modelet origjinale<\/p>\n<p data-start=\"792\" data-end=\"944\">\ud83d\udd17 <strong data-start=\"795\" data-end=\"830\">Kode origjinale t\u00eb p\u00ebrputhshme:<\/strong><br data-start=\"830\" data-end=\"833\" \/>\u2022 <strong data-start=\"835\" data-end=\"854\">Ar\u00e7elik \/ Beko:<\/strong> 2816870200 \u2013 2816870100 \u2013 2816871100<br data-start=\"891\" data-end=\"894\" \/>\u2022 <strong data-start=\"896\" data-end=\"907\">Brandt:<\/strong> 52X1524<br data-start=\"915\" data-end=\"918\" \/>\u2022 <strong data-start=\"920\" data-end=\"932\">Indesit:<\/strong> C00912657<\/p>\n<\/div>\n<\/div>\n<\/div>\n<p data-start=\"275\" data-end=\"401\">\ud83d\udd27\u00a0<strong data-start=\"278\" data-end=\"332\">A po tundet lavatri\u00e7ja juaj m\u00eb shum\u00eb se zakonisht?<\/strong><br data-start=\"332\" data-end=\"335\" \/>Ky \u00ebsht\u00eb nj\u00eb shenj\u00eb e qart\u00eb se\u00a0<strong data-start=\"366\" data-end=\"383\">amortizator\u00ebt<\/strong>\u00a0jan\u00eb konsumuar!<\/p>\n<p data-start=\"403\" data-end=\"452\">\u274c\u00a0Kur amortizator\u00ebt nuk funksionojn\u00eb si\u00e7 duhet:<\/p>\n<ul data-start=\"453\" data-end=\"682\">\n<li data-start=\"453\" data-end=\"510\">\n<p data-start=\"455\" data-end=\"510\">Lavatri\u00e7ja\u00a0<strong data-start=\"466\" data-end=\"488\">dridhet dhe k\u00ebrcen<\/strong>\u00a0gjat\u00eb centrifugimit<\/p>\n<\/li>\n<li data-start=\"511\" data-end=\"567\">\n<p data-start=\"513\" data-end=\"567\">Shfaqen\u00a0<strong data-start=\"521\" data-end=\"550\">z\u00ebra t\u00eb fort\u00eb dhe goditje<\/strong>\u00a0t\u00eb panevojshme<\/p>\n<\/li>\n<li data-start=\"568\" data-end=\"615\">\n<p data-start=\"570\" data-end=\"615\">Konsumohet shpejt\u00a0<strong data-start=\"588\" data-end=\"613\">motori dhe kushinetat<\/strong><\/p>\n<\/li>\n<li data-start=\"616\" data-end=\"682\">\n<p data-start=\"618\" data-end=\"682\">Rrezik p\u00ebr\u00a0<strong data-start=\"629\" data-end=\"645\">rrjedhje uji<\/strong>\u00a0dhe\u00a0<strong data-start=\"650\" data-end=\"680\">d\u00ebmtime serioze t\u00eb kazanit<\/strong><\/p>\n<\/li>\n<\/ul>\n<p data-start=\"684\" data-end=\"826\">\u2705\u00a0Zgjidhja \u00ebsht\u00eb e thjesht\u00eb:\u00a0<strong data-start=\"713\" data-end=\"745\">Z\u00ebvend\u00ebsimi i amortizator\u00ebve<\/strong>.<br data-start=\"746\" data-end=\"749\" \/>Kjo i rikthen lavatri\u00e7es suaj\u00a0<strong data-start=\"779\" data-end=\"823\">qet\u00ebsin\u00eb, stabilitetin dhe jet\u00ebgjat\u00ebsin\u00eb<\/strong>.<\/p>\n<p data-start=\"828\" data-end=\"996\">\ud83d\udc49\u00a0Tek\u00a0<strong data-start=\"835\" data-end=\"854\">Ralkont Sh.p.k.<\/strong>\u00a0gjeni gjithmon\u00eb\u00a0<strong data-start=\"871\" data-end=\"911\">amortizator\u00eb origjinal\u00eb dhe cil\u00ebsor\u00eb<\/strong>\u00a0p\u00ebr \u00e7do mark\u00eb lavatri\u00e7e.<br data-start=\"936\" data-end=\"939\" \/>Na kontaktoni sot q\u00eb lavatri\u00e7ja juaj t\u00eb punoj\u00eb si e re!<\/p>","protected":false},"excerpt":{"rendered":"<p>\ud83d\udd27 Amortizator Lavatrice Ar\u00e7elik \/ Beko \u2013 Kodi 167AC03 Origjina: Turqi\u2003|\u2003Cil\u00ebsi: OEM Quality Amortizatori 167AC03 \u00ebsht\u00eb projektuar p\u00ebr lavatrice Ar\u00e7elik, Beko, Brandt dhe Indesit, duke siguruar funksionim t\u00eb qet\u00eb, stabilitet t\u00eb lart\u00eb dhe reduktim t\u00eb dridhjeve gjat\u00eb larjes.Me konstruksion t\u00eb fort\u00eb dhe p\u00ebrputhshm\u00ebri t\u00eb plot\u00eb me standardet e prodhuesve, ky model garanton jet\u00ebgjat\u00ebsi dhe besueshm\u00ebri<\/p>\n<div class=\"klb-readmore button\"><a class=\"btn link\" href=\"https:\/\/ralkont.al\/sq\/sample-product\/amortizatore-lavatrice-beko\/\">Read More <i class=\"klbth-icon-right-arrow\"><\/i><\/a><\/div>","protected":false},"featured_media":7531,"template":"","meta":[],"product_brand":[],"product_cat":[347,346],"product_tag":[],"class_list":{"0":"post-7457","1":"product","2":"type-product","3":"status-publish","4":"has-post-thumbnail","6":"product_cat-amortizator","7":"product_cat-larje","9":"first","10":"instock","11":"taxable","12":"shipping-taxable","13":"purchasable","14":"product-type-simple"},"_links":{"self":[{"href":"https:\/\/ralkont.al\/sq\/wp-json\/wp\/v2\/product\/7457","targetHints":{"allow":["GET"]}}],"collection":[{"href":"https:\/\/ralkont.al\/sq\/wp-json\/wp\/v2\/product"}],"about":[{"href":"https:\/\/ralkont.al\/sq\/wp-json\/wp\/v2\/types\/product"}],"wp:featuredmedia":[{"embeddable":true,"href":"https:\/\/ralkont.al\/sq\/wp-json\/wp\/v2\/media\/7531"}],"wp:attachment":[{"href":"https:\/\/ralkont.al\/sq\/wp-json\/wp\/v2\/media?parent=7457"}],"wp:term":[{"taxonomy":"product_brand","embeddable":true,"href":"https:\/\/ralkont.al\/sq\/wp-json\/wp\/v2\/product_brand?post=7457"},{"taxonomy":"product_cat","embeddable":true,"href":"https:\/\/ralkont.al\/sq\/wp-json\/wp\/v2\/product_cat?post=7457"},{"taxonomy":"product_tag","embeddable":true,"href":"https:\/\/ralkont.al\/sq\/wp-json\/wp\/v2\/product_tag?post=7457"}],"curies":[{"name":"wp","href":"https:\/\/api.w.org\/{rel}","templated":true}]}}