{"id":7375,"date":"2025-10-01T15:16:35","date_gmt":"2025-10-01T15:16:35","guid":{"rendered":"https:\/\/ralkont.al\/?post_type=product&#038;p=7375"},"modified":"2025-10-01T15:18:19","modified_gmt":"2025-10-01T15:18:19","slug":"rezistence-lavatrice-ariston-copy","status":"publish","type":"product","link":"https:\/\/ralkont.al\/sq\/sample-product\/rezistence-lavatrice-ariston-copy\/","title":{"rendered":"REZISTENCE LAVATRICE ARISTON"},"content":{"rendered":"<div class=\"form-group col-sm-12 ng-scope\">\n<div class=\"col-sm-9 col-xs-8\">\n<div class=\"form-control-static ng-binding\">\n<p data-start=\"78\" data-end=\"320\"><strong data-start=\"78\" data-end=\"120\">Rezistenc\u00eb lavatri\u00e7e ARISTON \u2013 INDESIT<\/strong><br data-start=\"120\" data-end=\"123\" \/><strong data-start=\"123\" data-end=\"154\">Kodi Ralkont:159AR16,HTR020AR<\/strong><br data-start=\"154\" data-end=\"157\" \/>Prodhues: <strong data-start=\"167\" data-end=\"181\">THERMOWATT<\/strong> \u2013 Serbi \ud83c\uddf7\ud83c\uddf8<br data-start=\"194\" data-end=\"197\" \/>Fuqia: <strong data-start=\"204\" data-end=\"213\">1700W<\/strong> | Tensioni: <strong data-start=\"226\" data-end=\"234\">230V<\/strong><br data-start=\"234\" data-end=\"237\" \/>\u2714 Me 2 termofuzib\u00ebl dhe vrim\u00eb<br data-start=\"266\" data-end=\"269\" \/>\u2714 Pa garnitur\u00eb rrethore<br data-start=\"292\" data-end=\"295\" \/>\u2714 P\u00ebrmasa: 167 \u00d7 120 mm<\/p>\n<p data-start=\"322\" data-end=\"410\">Pjes\u00eb origjinale: <strong data-start=\"340\" data-end=\"346\">Jo<\/strong><br data-start=\"346\" data-end=\"349\" \/>Cil\u00ebsi: <strong data-start=\"357\" data-end=\"372\">OEM QUALITY<\/strong><br data-start=\"372\" data-end=\"375\" \/>Origjina: <strong data-start=\"385\" data-end=\"403\">Made in Serbia<\/strong> \ud83c\uddf7\ud83c\uddf8<\/p>\n<p data-start=\"412\" data-end=\"520\">\ud83d\udd11 <strong data-start=\"415\" data-end=\"450\">Kodet origjinale t\u00eb p\u00ebrputhshme<\/strong>:<br data-start=\"451\" data-end=\"454\" \/>094715, 143654, 482000022781, 482000027719, C00094715, C00380151<\/p>\n<p data-start=\"522\" data-end=\"675\">\u2728 <strong data-start=\"524\" data-end=\"562\">Element ngroh\u00ebs cil\u00ebsor Thermowatt<\/strong> \u2013 zgjidhja e besueshme p\u00ebr lavatri\u00e7et Ariston &amp; Indesit, me performanc\u00eb t\u00eb lart\u00eb dhe jet\u00ebgjat\u00ebsi t\u00eb garantuar<\/p>\n<\/div>\n<\/div>\n<\/div>\n<p data-start=\"140\" data-end=\"213\">\u2728 <strong data-start=\"142\" data-end=\"209\">Probleme me lavatri\u00e7en? Ja shenjat q\u00eb rezistenca \u00ebsht\u00eb prishur!<\/strong> \u2728<\/p>\n<p data-start=\"215\" data-end=\"444\">\ud83d\udd35 <strong data-start=\"218\" data-end=\"236\">Uji nuk nxehet<\/strong> \u2013 rrobat dalin t\u00eb palara.<br data-start=\"262\" data-end=\"265\" \/>\u23f3 <strong data-start=\"267\" data-end=\"295\">Programet zgjasin pafund<\/strong> \u2013 makina ngelet n\u00eb cik\u00ebl.<br data-start=\"321\" data-end=\"324\" \/>\u274c <strong data-start=\"326\" data-end=\"344\">Error n\u00eb ekran<\/strong> \u2013 kodet e gabimit tregojn\u00eb defekt.<br data-start=\"379\" data-end=\"382\" \/>\ud83d\udc55 <strong data-start=\"385\" data-end=\"406\">Rezultati i dob\u00ebt<\/strong> \u2013 detergjenti nuk tretet si\u00e7 duhet.<\/p>\n<p data-start=\"446\" data-end=\"585\">\ud83d\udca1 <em data-start=\"449\" data-end=\"484\">Mos prit q\u00eb problemet t\u00eb shtohen!<\/em><br data-start=\"484\" data-end=\"487\" \/>\ud83d\udc49 Te <strong data-start=\"493\" data-end=\"504\">Ralkont<\/strong> gjeni <strong data-start=\"511\" data-end=\"562\">rezistenca origjinale dhe zgjidhje profesionale<\/strong> p\u00ebr lavatri\u00e7en tuaj.<\/p>","protected":false},"excerpt":{"rendered":"<p>Rezistenc\u00eb lavatri\u00e7e ARISTON \u2013 INDESITKodi Ralkont:159AR16,HTR020ARProdhues: THERMOWATT \u2013 Serbi \ud83c\uddf7\ud83c\uddf8Fuqia: 1700W | Tensioni: 230V\u2714 Me 2 termofuzib\u00ebl dhe vrim\u00eb\u2714 Pa garnitur\u00eb rrethore\u2714 P\u00ebrmasa: 167 \u00d7 120 mm Pjes\u00eb origjinale: JoCil\u00ebsi: OEM QUALITYOrigjina: Made in Serbia \ud83c\uddf7\ud83c\uddf8 \ud83d\udd11 Kodet origjinale t\u00eb p\u00ebrputhshme:094715, 143654, 482000022781, 482000027719, C00094715, C00380151 \u2728 Element ngroh\u00ebs cil\u00ebsor Thermowatt \u2013 zgjidhja e besueshme<\/p>\n<div class=\"klb-readmore button\"><a class=\"btn link\" href=\"https:\/\/ralkont.al\/sq\/sample-product\/rezistence-lavatrice-ariston-copy\/\">Read More <i class=\"klbth-icon-right-arrow\"><\/i><\/a><\/div>","protected":false},"featured_media":7373,"template":"","meta":[],"product_brand":[],"product_cat":[346,353],"product_tag":[],"class_list":{"0":"post-7375","1":"product","2":"type-product","3":"status-publish","4":"has-post-thumbnail","6":"product_cat-larje","7":"product_cat-rezistenca","9":"first","10":"instock","11":"taxable","12":"shipping-taxable","13":"purchasable","14":"product-type-simple"},"_links":{"self":[{"href":"https:\/\/ralkont.al\/sq\/wp-json\/wp\/v2\/product\/7375","targetHints":{"allow":["GET"]}}],"collection":[{"href":"https:\/\/ralkont.al\/sq\/wp-json\/wp\/v2\/product"}],"about":[{"href":"https:\/\/ralkont.al\/sq\/wp-json\/wp\/v2\/types\/product"}],"wp:featuredmedia":[{"embeddable":true,"href":"https:\/\/ralkont.al\/sq\/wp-json\/wp\/v2\/media\/7373"}],"wp:attachment":[{"href":"https:\/\/ralkont.al\/sq\/wp-json\/wp\/v2\/media?parent=7375"}],"wp:term":[{"taxonomy":"product_brand","embeddable":true,"href":"https:\/\/ralkont.al\/sq\/wp-json\/wp\/v2\/product_brand?post=7375"},{"taxonomy":"product_cat","embeddable":true,"href":"https:\/\/ralkont.al\/sq\/wp-json\/wp\/v2\/product_cat?post=7375"},{"taxonomy":"product_tag","embeddable":true,"href":"https:\/\/ralkont.al\/sq\/wp-json\/wp\/v2\/product_tag?post=7375"}],"curies":[{"name":"wp","href":"https:\/\/api.w.org\/{rel}","templated":true}]}}