{"id":7364,"date":"2025-10-01T15:00:49","date_gmt":"2025-10-01T15:00:49","guid":{"rendered":"https:\/\/ralkont.al\/?post_type=product&#038;p=7364"},"modified":"2025-10-02T14:44:19","modified_gmt":"2025-10-02T14:44:19","slug":"rezistence-lavatrice-ariston","status":"publish","type":"product","link":"https:\/\/ralkont.al\/sq\/sample-product\/rezistence-lavatrice-ariston\/","title":{"rendered":"REZISTENCE LAVATRICE ARISTON"},"content":{"rendered":"<div class=\"form-group col-sm-12 ng-scope\">\n<div class=\"col-sm-9 col-xs-8\">\n<div class=\"form-control-static ng-binding\">\n<p data-start=\"176\" data-end=\"419\"><strong data-start=\"176\" data-end=\"218\">Rezistenc\u00eb lavatri\u00e7e ARISTON \u2013 INDESIT<\/strong><br data-start=\"218\" data-end=\"221\" \/><strong data-start=\"221\" data-end=\"245\">Kodi Ralkont: AR5113<\/strong><br data-start=\"245\" data-end=\"248\" \/>Prodhues: <strong data-start=\"258\" data-end=\"265\">SKL<\/strong> \u2013 Itali \ud83c\uddee\ud83c\uddf9<br data-start=\"278\" data-end=\"281\" \/>Fuqia: <strong data-start=\"288\" data-end=\"297\">1700W<\/strong> | Tensioni: <strong data-start=\"310\" data-end=\"318\">230V<\/strong><br data-start=\"318\" data-end=\"321\" \/>\u2714 Me termofuzib\u00ebl dhe vrim\u00eb<br data-start=\"348\" data-end=\"351\" \/>\u2714 Pa garnitur\u00eb rrethore<br data-start=\"374\" data-end=\"377\" \/>\u2714 P\u00ebrmasa: 167 \u00d7 120 mm<br data-start=\"400\" data-end=\"403\" \/>\u2714 Paketim: SKL Cil\u00ebsi: <strong data-start=\"456\" data-end=\"471\">OEM QUALITY<\/strong><br data-start=\"471\" data-end=\"474\" \/>Origjina: <strong data-start=\"484\" data-end=\"501\">Made in Italy<\/strong> \ud83c\uddee\ud83c\uddf9<\/p>\n<p data-start=\"510\" data-end=\"624\">\ud83d\udd11 <strong data-start=\"513\" data-end=\"548\">Kodet origjinale t\u00eb p\u00ebrputhshme<\/strong>:<br data-start=\"549\" data-end=\"552\" \/>094715, 482000022781, 482000027719, 482000082025, C00094715, C00143654<\/p>\n<p data-start=\"626\" data-end=\"764\">\u2728 <strong data-start=\"628\" data-end=\"686\">Zgjidhje profesionale p\u00ebr lavatri\u00e7et Ariston &amp; Indesit<\/strong> \u2013 element ngroh\u00ebs cil\u00ebsor italian me jet\u00ebgjat\u00ebsi dhe besueshm\u00ebri maksimale.<\/p>\n<p data-start=\"551\" data-end=\"689\">\u2728 <strong data-start=\"553\" data-end=\"611\">Zgjidhje profesionale p\u00ebr lavatri\u00e7et Ariston &amp; Indesit<\/strong> \u2013 element ngroh\u00ebs cil\u00ebsor italian me jet\u00ebgjat\u00ebsi dhe besueshm\u00ebri maksimale.<\/p>\n<\/div>\n<\/div>\n<\/div>\n<p data-start=\"140\" data-end=\"213\">\u2728 <strong data-start=\"142\" data-end=\"209\">Probleme me lavatri\u00e7en? Ja shenjat q\u00eb rezistenca \u00ebsht\u00eb prishur!<\/strong> \u2728<\/p>\n<p data-start=\"215\" data-end=\"444\">\ud83d\udd35 <strong data-start=\"218\" data-end=\"236\">Uji nuk nxehet<\/strong> \u2013 rrobat dalin t\u00eb palara.<br data-start=\"262\" data-end=\"265\" \/>\u23f3 <strong data-start=\"267\" data-end=\"295\">Programet zgjasin pafund<\/strong> \u2013 makina ngelet n\u00eb cik\u00ebl.<br data-start=\"321\" data-end=\"324\" \/>\u274c <strong data-start=\"326\" data-end=\"344\">Error n\u00eb ekran<\/strong> \u2013 kodet e gabimit tregojn\u00eb defekt.<br data-start=\"379\" data-end=\"382\" \/>\ud83d\udc55 <strong data-start=\"385\" data-end=\"406\">Rezultati i dob\u00ebt<\/strong> \u2013 detergjenti nuk tretet si\u00e7 duhet.<\/p>\n<p data-start=\"446\" data-end=\"585\">\ud83d\udca1 <em data-start=\"449\" data-end=\"484\">Mos prit q\u00eb problemet t\u00eb shtohen!<\/em><br data-start=\"484\" data-end=\"487\" \/>\ud83d\udc49 Te <strong data-start=\"493\" data-end=\"504\">Ralkont<\/strong> gjeni <strong data-start=\"511\" data-end=\"562\">rezistenca origjinale dhe zgjidhje profesionale<\/strong> p\u00ebr lavatri\u00e7en tuaj.<\/p>","protected":false},"excerpt":{"rendered":"<p>Rezistenc\u00eb lavatri\u00e7e ARISTON \u2013 INDESITKodi Ralkont: AR5113Prodhues: SKL \u2013 Itali \ud83c\uddee\ud83c\uddf9Fuqia: 1700W | Tensioni: 230V\u2714 Me termofuzib\u00ebl dhe vrim\u00eb\u2714 Pa garnitur\u00eb rrethore\u2714 P\u00ebrmasa: 167 \u00d7 120 mm\u2714 Paketim: SKL Cil\u00ebsi: OEM QUALITYOrigjina: Made in Italy \ud83c\uddee\ud83c\uddf9 \ud83d\udd11 Kodet origjinale t\u00eb p\u00ebrputhshme:094715, 482000022781, 482000027719, 482000082025, C00094715, C00143654 \u2728 Zgjidhje profesionale p\u00ebr lavatri\u00e7et Ariston &amp; Indesit \u2013<\/p>\n<div class=\"klb-readmore button\"><a class=\"btn link\" href=\"https:\/\/ralkont.al\/sq\/sample-product\/rezistence-lavatrice-ariston\/\">Read More <i class=\"klbth-icon-right-arrow\"><\/i><\/a><\/div>","protected":false},"featured_media":7419,"template":"","meta":[],"product_brand":[],"product_cat":[346,353],"product_tag":[],"class_list":{"0":"post-7364","1":"product","2":"type-product","3":"status-publish","4":"has-post-thumbnail","6":"product_cat-larje","7":"product_cat-rezistenca","9":"first","10":"instock","11":"taxable","12":"shipping-taxable","13":"purchasable","14":"product-type-simple"},"_links":{"self":[{"href":"https:\/\/ralkont.al\/sq\/wp-json\/wp\/v2\/product\/7364","targetHints":{"allow":["GET"]}}],"collection":[{"href":"https:\/\/ralkont.al\/sq\/wp-json\/wp\/v2\/product"}],"about":[{"href":"https:\/\/ralkont.al\/sq\/wp-json\/wp\/v2\/types\/product"}],"wp:featuredmedia":[{"embeddable":true,"href":"https:\/\/ralkont.al\/sq\/wp-json\/wp\/v2\/media\/7419"}],"wp:attachment":[{"href":"https:\/\/ralkont.al\/sq\/wp-json\/wp\/v2\/media?parent=7364"}],"wp:term":[{"taxonomy":"product_brand","embeddable":true,"href":"https:\/\/ralkont.al\/sq\/wp-json\/wp\/v2\/product_brand?post=7364"},{"taxonomy":"product_cat","embeddable":true,"href":"https:\/\/ralkont.al\/sq\/wp-json\/wp\/v2\/product_cat?post=7364"},{"taxonomy":"product_tag","embeddable":true,"href":"https:\/\/ralkont.al\/sq\/wp-json\/wp\/v2\/product_tag?post=7364"}],"curies":[{"name":"wp","href":"https:\/\/api.w.org\/{rel}","templated":true}]}}