{"id":7358,"date":"2025-09-22T17:12:23","date_gmt":"2025-09-22T17:12:23","guid":{"rendered":"https:\/\/ralkont.al\/?post_type=product&#038;p=7358"},"modified":"2025-09-22T17:14:28","modified_gmt":"2025-09-22T17:14:28","slug":"rezistence-furre-indesit-whirlpool","status":"publish","type":"product","link":"https:\/\/ralkont.al\/sq\/sample-product\/rezistence-furre-indesit-whirlpool\/","title":{"rendered":"Rezistenc\u00eb Furre Indesit \/ Whirlpool"},"content":{"rendered":"<h2 data-start=\"61\" data-end=\"121\">\ud83d\udd25 Rezistenc\u00eb Furre Indesit \/ Whirlpool \u2013 Kod C00319574<\/h2>\n<p data-start=\"123\" data-end=\"147\"><strong data-start=\"123\" data-end=\"145\">Kodet alternative:<\/strong><\/p>\n<ul data-start=\"148\" data-end=\"233\">\n<li data-start=\"148\" data-end=\"174\">\n<p data-start=\"150\" data-end=\"174\"><strong data-start=\"150\" data-end=\"162\">Indesit:<\/strong> C00319574<\/p>\n<\/li>\n<li data-start=\"175\" data-end=\"233\">\n<p data-start=\"177\" data-end=\"233\"><strong data-start=\"177\" data-end=\"191\">Whirlpool:<\/strong> 481010551720 \u00b7 400011631264 \u00b7 W11631264<\/p>\n<\/li>\n<\/ul>\n<h3 data-start=\"235\" data-end=\"260\">Specifikime Teknike<\/h3>\n<ul data-start=\"261\" data-end=\"370\">\n<li data-start=\"261\" data-end=\"282\">\n<p data-start=\"263\" data-end=\"282\"><strong data-start=\"263\" data-end=\"273\">Fuqia:<\/strong> 1150 W<\/p>\n<\/li>\n<li data-start=\"283\" data-end=\"306\">\n<p data-start=\"285\" data-end=\"306\"><strong data-start=\"285\" data-end=\"298\">Voltazhi:<\/strong> 230 V<\/p>\n<\/li>\n<li data-start=\"307\" data-end=\"370\">\n<p data-start=\"309\" data-end=\"370\"><strong data-start=\"309\" data-end=\"318\">Tipi:<\/strong> Rezistenc\u00eb e poshtme (lower oven heating element)<\/p>\n<\/li>\n<\/ul>\n<h3 data-start=\"1001\" data-end=\"1034\">\ud83d\uded2 Pse t\u00eb zgjidhni Ralkont?<\/h3>\n<p data-start=\"1035\" data-end=\"1141\">\u2705 Pjes\u00eb origjinale dhe t\u00eb certifikuara<br data-start=\"1073\" data-end=\"1076\" \/>\u2705 Garanci cil\u00ebsie<br data-start=\"1093\" data-end=\"1096\" \/>\u2705 Sh\u00ebrbim profesional dhe asistenc\u00eb teknike<\/p>\n<p>Pjes\u00ebt e k\u00ebmbimit p\u00ebr pajisjet si frigorifer\u00ebt, lavatricet, pajisjet e vogla dhe veglat e pun\u00ebs jan\u00eb thelb\u00ebsore p\u00ebr riparimin dhe mir\u00ebmbajtjen e tyre. Ato p\u00ebrfshijn\u00eb komponente si kompresor\u00eb, termostate, rezistenca, pompa uji, motor\u00eb, filtra, kabllo, mekanizma dhe aksesor\u00eb t\u00eb tjer\u00eb. K\u00ebto pjes\u00eb sigurojn\u00eb funksionimin optimal t\u00eb pajisjeve dhe zgjasin jet\u00ebgjat\u00ebsin\u00eb e tyre. P\u00ebrdorimi i pjes\u00ebve t\u00eb kualitetit t\u00eb lart\u00eb rrit efikasitetin dhe p\u00ebrformanc\u00ebn e pajisjeve, duke ulur kostot e mir\u00ebmbajtjes dhe p\u00ebrmir\u00ebsuar p\u00ebrvoj\u00ebn e p\u00ebrdoruesit.<\/p>\n<p>&nbsp;<\/p>\n<p>312CU173<\/p>\n<p>&nbsp;<\/p>","protected":false},"excerpt":{"rendered":"<p>\ud83d\udd25 Rezistenc\u00eb Furre Indesit \/ Whirlpool \u2013 Kod C00319574 Kodet alternative: Indesit: C00319574 Whirlpool: 481010551720 \u00b7 400011631264 \u00b7 W11631264 Specifikime Teknike Fuqia: 1150 W Voltazhi: 230 V Tipi: Rezistenc\u00eb e poshtme (lower oven heating element) \ud83d\uded2 Pse t\u00eb zgjidhni Ralkont? \u2705 Pjes\u00eb origjinale dhe t\u00eb certifikuara\u2705 Garanci cil\u00ebsie\u2705 Sh\u00ebrbim profesional dhe asistenc\u00eb teknike Pjes\u00ebt e<\/p>\n<div class=\"klb-readmore button\"><a class=\"btn link\" href=\"https:\/\/ralkont.al\/sq\/sample-product\/rezistence-furre-indesit-whirlpool\/\">Read More <i class=\"klbth-icon-right-arrow\"><\/i><\/a><\/div>","protected":false},"featured_media":7360,"template":"","meta":[],"product_brand":[],"product_cat":[374,373],"product_tag":[],"class_list":{"0":"post-7358","1":"product","2":"type-product","3":"status-publish","4":"has-post-thumbnail","6":"product_cat-rezistenca-soba","7":"product_cat-soba","9":"first","10":"instock","11":"purchasable","12":"product-type-simple"},"_links":{"self":[{"href":"https:\/\/ralkont.al\/sq\/wp-json\/wp\/v2\/product\/7358","targetHints":{"allow":["GET"]}}],"collection":[{"href":"https:\/\/ralkont.al\/sq\/wp-json\/wp\/v2\/product"}],"about":[{"href":"https:\/\/ralkont.al\/sq\/wp-json\/wp\/v2\/types\/product"}],"wp:featuredmedia":[{"embeddable":true,"href":"https:\/\/ralkont.al\/sq\/wp-json\/wp\/v2\/media\/7360"}],"wp:attachment":[{"href":"https:\/\/ralkont.al\/sq\/wp-json\/wp\/v2\/media?parent=7358"}],"wp:term":[{"taxonomy":"product_brand","embeddable":true,"href":"https:\/\/ralkont.al\/sq\/wp-json\/wp\/v2\/product_brand?post=7358"},{"taxonomy":"product_cat","embeddable":true,"href":"https:\/\/ralkont.al\/sq\/wp-json\/wp\/v2\/product_cat?post=7358"},{"taxonomy":"product_tag","embeddable":true,"href":"https:\/\/ralkont.al\/sq\/wp-json\/wp\/v2\/product_tag?post=7358"}],"curies":[{"name":"wp","href":"https:\/\/api.w.org\/{rel}","templated":true}]}}