{"id":7174,"date":"2025-08-28T10:20:18","date_gmt":"2025-08-28T10:20:18","guid":{"rendered":"https:\/\/ralkont.al\/?post_type=product&#038;p=7174"},"modified":"2025-08-28T10:21:14","modified_gmt":"2025-08-28T10:21:14","slug":"ventilator-no-frost-universal","status":"publish","type":"product","link":"https:\/\/ralkont.al\/sq\/sample-product\/ventilator-no-frost-universal\/","title":{"rendered":"Ventilator no-frost universal"},"content":{"rendered":"<hr data-start=\"110\" data-end=\"113\" \/>\n<h3 data-start=\"115\" data-end=\"162\">Ventilator No Frost UNIVERSAL<\/h3>\n<h4 data-start=\"662\" data-end=\"678\">P\u00ebrdorim:<\/h4>\n<p data-start=\"679\" data-end=\"793\">\u2705 Frigorifer\u00eb No Frost<br data-start=\"701\" data-end=\"704\" \/>\u2705 Evaporator\u00eb dhe sisteme ftohjeje komerciale<br data-start=\"749\" data-end=\"752\" \/>\u2705 Riparime dhe z\u00ebvend\u00ebsime profesionale<\/p>\n<p data-start=\"398\" data-end=\"502\">\ud83d\udc49 Zgjidhje profesionale nga <strong data-start=\"427\" data-end=\"446\">Ralkont Sh.p.k.<\/strong>, partneri juaj i besuesh\u00ebm n\u00eb aksesor\u00eb frigoriferik\u00eb.<\/p>\n<p data-start=\"504\" data-end=\"544\">\ud83d\udcde 0692055100 | \u2709\ufe0f <a class=\"decorated-link cursor-pointer\" rel=\"noopener\" data-start=\"523\" data-end=\"542\">ralkonter@gmail.com<\/a><\/p>\n<div><\/div>\n<div>\n<p class=\"ProductNotes ProductTitle\">\n<\/div>","protected":false},"excerpt":{"rendered":"<p>Ventilator No Frost UNIVERSAL P\u00ebrdorim: \u2705 Frigorifer\u00eb No Frost\u2705 Evaporator\u00eb dhe sisteme ftohjeje komerciale\u2705 Riparime dhe z\u00ebvend\u00ebsime profesionale \ud83d\udc49 Zgjidhje profesionale nga Ralkont Sh.p.k., partneri juaj i besuesh\u00ebm n\u00eb aksesor\u00eb frigoriferik\u00eb. \ud83d\udcde 0692055100 | \u2709\ufe0f ralkonter@gmail.com<\/p>","protected":false},"featured_media":7175,"template":"","meta":[],"product_brand":[],"product_cat":[309,312],"product_tag":[],"class_list":{"0":"post-7174","1":"product","2":"type-product","3":"status-publish","4":"has-post-thumbnail","6":"product_cat-frigorifer","7":"product_cat-ventilator","9":"first","10":"instock","11":"taxable","12":"shipping-taxable","13":"purchasable","14":"product-type-simple"},"_links":{"self":[{"href":"https:\/\/ralkont.al\/sq\/wp-json\/wp\/v2\/product\/7174","targetHints":{"allow":["GET"]}}],"collection":[{"href":"https:\/\/ralkont.al\/sq\/wp-json\/wp\/v2\/product"}],"about":[{"href":"https:\/\/ralkont.al\/sq\/wp-json\/wp\/v2\/types\/product"}],"wp:featuredmedia":[{"embeddable":true,"href":"https:\/\/ralkont.al\/sq\/wp-json\/wp\/v2\/media\/7175"}],"wp:attachment":[{"href":"https:\/\/ralkont.al\/sq\/wp-json\/wp\/v2\/media?parent=7174"}],"wp:term":[{"taxonomy":"product_brand","embeddable":true,"href":"https:\/\/ralkont.al\/sq\/wp-json\/wp\/v2\/product_brand?post=7174"},{"taxonomy":"product_cat","embeddable":true,"href":"https:\/\/ralkont.al\/sq\/wp-json\/wp\/v2\/product_cat?post=7174"},{"taxonomy":"product_tag","embeddable":true,"href":"https:\/\/ralkont.al\/sq\/wp-json\/wp\/v2\/product_tag?post=7174"}],"curies":[{"name":"wp","href":"https:\/\/api.w.org\/{rel}","templated":true}]}}