{"id":7163,"date":"2025-08-27T14:32:49","date_gmt":"2025-08-27T14:32:49","guid":{"rendered":"https:\/\/ralkont.al\/?post_type=product&#038;p=7163"},"modified":"2025-08-27T14:34:45","modified_gmt":"2025-08-27T14:34:45","slug":"ventilator-no-frost-per-frigorifer-lg","status":"publish","type":"product","link":"https:\/\/ralkont.al\/sq\/sample-product\/ventilator-no-frost-per-frigorifer-lg\/","title":{"rendered":"Ventilator no-frost per frigorifer LG"},"content":{"rendered":"<hr data-start=\"110\" data-end=\"113\" \/>\n<h3 data-start=\"115\" data-end=\"162\">Ventilator No Frost p\u00ebr Frigorifer\u00eb LG<\/h3>\n<p data-start=\"163\" data-end=\"213\"><strong data-start=\"163\" data-end=\"211\">Origjinal \u2013 Cil\u00ebsi &amp; Besueshm\u00ebri nga Ralkont<\/strong><\/p>\n<p data-start=\"215\" data-end=\"396\">\ud83d\udd39 Siguron qarkullim uniform t\u00eb ajrit t\u00eb ftoht\u00eb<br data-start=\"262\" data-end=\"265\" \/>\ud83d\udd39 Parandalon akullin &amp; mbron freskin\u00eb e ushqimeve<br data-start=\"315\" data-end=\"318\" \/>\ud83d\udd39 Jet\u00ebgjat\u00ebsi dhe efikasitet i lart\u00eb<br data-start=\"355\" data-end=\"358\" \/>\ud83d\udd39 Instalimi i thjesht\u00eb dhe i sigurt<\/p>\n<p data-start=\"398\" data-end=\"502\">\ud83d\udc49 Zgjidhje profesionale nga <strong data-start=\"427\" data-end=\"446\">Ralkont Sh.p.k.<\/strong>, partneri juaj i besuesh\u00ebm n\u00eb aksesor\u00eb frigoriferik\u00eb.<\/p>\n<p data-start=\"504\" data-end=\"544\">\ud83d\udcde 0692055100 | \u2709\ufe0f <a class=\"decorated-link cursor-pointer\" rel=\"noopener\" data-start=\"523\" data-end=\"542\">ralkonter@gmail.com<\/a><\/p>\n<div><\/div>\n<div>\n<p class=\"ProductNotes ProductTitle\"><span class=\"ProductLabel\">LG:<\/span>4680JB1035G<\/p>\n<\/div>\n<p class=\"ProductNotes ProductTitle\"><span class=\"ProductLabel\">Note:<\/span>Motorfan for refrigerator per\/for-GR-B652YSP Lunghezza albero \/ shaft lenght 42mm<\/p>","protected":false},"excerpt":{"rendered":"<p>Ventilator No Frost p\u00ebr Frigorifer\u00eb LG Origjinal \u2013 Cil\u00ebsi &amp; Besueshm\u00ebri nga Ralkont \ud83d\udd39 Siguron qarkullim uniform t\u00eb ajrit t\u00eb ftoht\u00eb\ud83d\udd39 Parandalon akullin &amp; mbron freskin\u00eb e ushqimeve\ud83d\udd39 Jet\u00ebgjat\u00ebsi dhe efikasitet i lart\u00eb\ud83d\udd39 Instalimi i thjesht\u00eb dhe i sigurt \ud83d\udc49 Zgjidhje profesionale nga Ralkont Sh.p.k., partneri juaj i besuesh\u00ebm n\u00eb aksesor\u00eb frigoriferik\u00eb. \ud83d\udcde 0692055100 |<\/p>\n<div class=\"klb-readmore button\"><a class=\"btn link\" href=\"https:\/\/ralkont.al\/sq\/sample-product\/ventilator-no-frost-per-frigorifer-lg\/\">Read More <i class=\"klbth-icon-right-arrow\"><\/i><\/a><\/div>","protected":false},"featured_media":7164,"template":"","meta":[],"product_brand":[],"product_cat":[309,312],"product_tag":[],"class_list":{"0":"post-7163","1":"product","2":"type-product","3":"status-publish","4":"has-post-thumbnail","6":"product_cat-frigorifer","7":"product_cat-ventilator","9":"first","10":"instock","11":"taxable","12":"shipping-taxable","13":"purchasable","14":"product-type-simple"},"_links":{"self":[{"href":"https:\/\/ralkont.al\/sq\/wp-json\/wp\/v2\/product\/7163","targetHints":{"allow":["GET"]}}],"collection":[{"href":"https:\/\/ralkont.al\/sq\/wp-json\/wp\/v2\/product"}],"about":[{"href":"https:\/\/ralkont.al\/sq\/wp-json\/wp\/v2\/types\/product"}],"wp:featuredmedia":[{"embeddable":true,"href":"https:\/\/ralkont.al\/sq\/wp-json\/wp\/v2\/media\/7164"}],"wp:attachment":[{"href":"https:\/\/ralkont.al\/sq\/wp-json\/wp\/v2\/media?parent=7163"}],"wp:term":[{"taxonomy":"product_brand","embeddable":true,"href":"https:\/\/ralkont.al\/sq\/wp-json\/wp\/v2\/product_brand?post=7163"},{"taxonomy":"product_cat","embeddable":true,"href":"https:\/\/ralkont.al\/sq\/wp-json\/wp\/v2\/product_cat?post=7163"},{"taxonomy":"product_tag","embeddable":true,"href":"https:\/\/ralkont.al\/sq\/wp-json\/wp\/v2\/product_tag?post=7163"}],"curies":[{"name":"wp","href":"https:\/\/api.w.org\/{rel}","templated":true}]}}