{"id":7146,"date":"2025-08-26T15:58:40","date_gmt":"2025-08-26T15:58:40","guid":{"rendered":"https:\/\/ralkont.al\/?post_type=product&#038;p=7146"},"modified":"2025-08-26T16:18:15","modified_gmt":"2025-08-26T16:18:15","slug":"flaometer-per-lavastovilje-ariston","status":"publish","type":"product","link":"https:\/\/ralkont.al\/sq\/sample-product\/flaometer-per-lavastovilje-ariston\/","title":{"rendered":"FLAOMETER PER LAVASTOVILJE ARISTON"},"content":{"rendered":"<h3 data-start=\"188\" data-end=\"208\">Funksioni i saj:<\/h3>\n<ul data-start=\"209\" data-end=\"564\">\n<li data-start=\"209\" data-end=\"331\">\n<p data-start=\"211\" data-end=\"331\"><strong data-start=\"211\" data-end=\"231\">Balancimi i ujit<\/strong>: Sh\u00ebrben p\u00ebr t\u00eb shp\u00ebrndar\u00eb dhe rregulluar sasin\u00eb e ujit q\u00eb hyn n\u00eb pajisje gjat\u00eb ciklit t\u00eb larjes.<\/p>\n<\/li>\n<li data-start=\"332\" data-end=\"441\">\n<p data-start=\"334\" data-end=\"441\"><strong data-start=\"334\" data-end=\"353\">Matja e nivelit<\/strong>: Ka dhoma t\u00eb brendshme q\u00eb ndihmojn\u00eb presostat\u00ebt ose sensor\u00ebt t\u00eb matin nivelin e ujit.<\/p>\n<\/li>\n<li data-start=\"442\" data-end=\"564\">\n<p data-start=\"444\" data-end=\"564\"><strong data-start=\"444\" data-end=\"480\">Parandalimi i mbushjes s\u00eb tep\u00ebrt<\/strong>: Kufizon dhe kontrollon fluksin p\u00ebr t\u00eb shmangur derdhjen ose d\u00ebmtimin e sistemit.<\/p>\n<\/li>\n<li data-start=\"442\" data-end=\"564\">\n<p class=\"ProductNotes ProductTitle\"><span class=\"ProductLabel\">ARISTON<\/span><\/p>\n<p class=\"ProductNotes ProductTitle\"><span class=\"ProductLabel\">INDESIT:<\/span>C00256546<\/p>\n<p class=\"ProductNotes ProductTitle\"><span class=\"ProductLabel\">MERLONI<\/span><\/p>\n<p class=\"ProductNotes ProductTitle\"><span class=\"ProductLabel\">WHIRLPOOL:<\/span>482000022022<\/p>\n<\/li>\n<\/ul>\n<h3 data-start=\"566\" data-end=\"585\"><\/h3>","protected":false},"excerpt":{"rendered":"<p>Funksioni i saj: Balancimi i ujit: Sh\u00ebrben p\u00ebr t\u00eb shp\u00ebrndar\u00eb dhe rregulluar sasin\u00eb e ujit q\u00eb hyn n\u00eb pajisje gjat\u00eb ciklit t\u00eb larjes. Matja e nivelit: Ka dhoma t\u00eb brendshme q\u00eb ndihmojn\u00eb presostat\u00ebt ose sensor\u00ebt t\u00eb matin nivelin e ujit. Parandalimi i mbushjes s\u00eb tep\u00ebrt: Kufizon dhe kontrollon fluksin p\u00ebr t\u00eb shmangur derdhjen ose d\u00ebmtimin<\/p>\n<div class=\"klb-readmore button\"><a class=\"btn link\" href=\"https:\/\/ralkont.al\/sq\/sample-product\/flaometer-per-lavastovilje-ariston\/\">Read More <i class=\"klbth-icon-right-arrow\"><\/i><\/a><\/div>","protected":false},"featured_media":7147,"template":"","meta":[],"product_brand":[],"product_cat":[371,346,352],"product_tag":[],"class_list":{"0":"post-7146","1":"product","2":"type-product","3":"status-publish","4":"has-post-thumbnail","6":"product_cat-aksesor","7":"product_cat-larje","8":"product_cat-pompe-shkarkimi","10":"first","11":"instock","12":"taxable","13":"shipping-taxable","14":"purchasable","15":"product-type-simple"},"_links":{"self":[{"href":"https:\/\/ralkont.al\/sq\/wp-json\/wp\/v2\/product\/7146","targetHints":{"allow":["GET"]}}],"collection":[{"href":"https:\/\/ralkont.al\/sq\/wp-json\/wp\/v2\/product"}],"about":[{"href":"https:\/\/ralkont.al\/sq\/wp-json\/wp\/v2\/types\/product"}],"wp:featuredmedia":[{"embeddable":true,"href":"https:\/\/ralkont.al\/sq\/wp-json\/wp\/v2\/media\/7147"}],"wp:attachment":[{"href":"https:\/\/ralkont.al\/sq\/wp-json\/wp\/v2\/media?parent=7146"}],"wp:term":[{"taxonomy":"product_brand","embeddable":true,"href":"https:\/\/ralkont.al\/sq\/wp-json\/wp\/v2\/product_brand?post=7146"},{"taxonomy":"product_cat","embeddable":true,"href":"https:\/\/ralkont.al\/sq\/wp-json\/wp\/v2\/product_cat?post=7146"},{"taxonomy":"product_tag","embeddable":true,"href":"https:\/\/ralkont.al\/sq\/wp-json\/wp\/v2\/product_tag?post=7146"}],"curies":[{"name":"wp","href":"https:\/\/api.w.org\/{rel}","templated":true}]}}