{"id":7105,"date":"2025-08-23T15:29:27","date_gmt":"2025-08-23T15:29:27","guid":{"rendered":"https:\/\/ralkont.al\/?post_type=product&#038;p=7105"},"modified":"2025-08-23T15:33:31","modified_gmt":"2025-08-23T15:33:31","slug":"komresor-nek6210z","status":"publish","type":"product","link":"https:\/\/ralkont.al\/sq\/sample-product\/komresor-nek6210z\/","title":{"rendered":"KOMRESOR NEK6210Z"},"content":{"rendered":"<div class=\"_tableContainer_sk2ct_1\">\n<p data-start=\"82\" data-end=\"98\"><strong data-start=\"82\" data-end=\"96\">KOMPRESORI NEK6210Z<\/strong><\/p>\n<ul data-start=\"602\" data-end=\"917\">\n<li style=\"list-style-type: none;\" data-start=\"870\" data-end=\"917\">\n<ul data-start=\"157\" data-end=\"847\">\n<li data-start=\"711\" data-end=\"847\">\n<h3 data-start=\"159\" data-end=\"195\">\ud83d\udd27 Specifikimet teknike kryesore<\/h3>\n<ul data-start=\"197\" data-end=\"1629\">\n<li data-start=\"197\" data-end=\"279\">\n<p data-start=\"199\" data-end=\"279\"><strong data-start=\"199\" data-end=\"240\">P\u00ebrputhshm\u00ebria me l\u00ebngun frigoriferik<\/strong>: <span class=\"relative -mx-px my-[-0.2rem] rounded px-px py-[0.2rem] transition-colors duration-100 ease-in-out\">R-134a<\/span><\/p>\n<\/li>\n<li data-start=\"280\" data-end=\"341\">\n<p data-start=\"282\" data-end=\"341\"><strong data-start=\"282\" data-end=\"300\">Fuqia nominale<\/strong>: <span class=\"relative -mx-px my-[-0.2rem] rounded px-px py-[0.2rem] transition-colors duration-100 ease-in-out\">1\/2HP<\/span><\/p>\n<\/li>\n<li data-start=\"342\" data-end=\"411\">\n<p data-start=\"344\" data-end=\"411\"><strong data-start=\"344\" data-end=\"370\">Tensioni dhe frekuenca<\/strong>: <span class=\"relative -mx-px my-[-0.2rem] rounded px-px py-[0.2rem] transition-colors duration-100 ease-in-out\">220\u2013240V, 50Hz<\/span><\/p>\n<\/li>\n<li data-start=\"412\" data-end=\"474\">\n<p data-start=\"414\" data-end=\"474\"><strong data-start=\"414\" data-end=\"433\">Lloji i motorit<\/strong>: <span class=\"relative -mx-px my-[-0.2rem] rounded px-px py-[0.2rem] transition-colors duration-100 ease-in-out\">CSIR (Capacitor Start Induction Run)<\/span><\/p>\n<\/li>\n<li data-start=\"475\" data-end=\"545\">\n<p data-start=\"477\" data-end=\"545\"><strong data-start=\"477\" data-end=\"504\">Temperatura e avullimit<\/strong>: <span class=\"relative -mx-px my-[-0.2rem] rounded px-px py-[0.2rem] transition-colors duration-100 ease-in-out\">nga -15\u00b0C deri n\u00eb 10\u00b0C<\/span><\/p>\n<\/li>\n<li data-start=\"546\" data-end=\"1022\">\n<p data-start=\"548\" data-end=\"573\"><strong data-start=\"548\" data-end=\"572\">Kapaciteti i ftohjes<\/strong>:<\/p>\n<ul data-start=\"576\" data-end=\"1022\">\n<li data-start=\"576\" data-end=\"729\">\n<p data-start=\"578\" data-end=\"617\"><span class=\"relative -mx-px my-[-0.2rem] rounded px-px py-[0.2rem] transition-colors duration-100 ease-in-out\">N\u00eb temperatur\u00ebn e kondensimit 45\u00b0C:<\/span><\/p>\n<ul data-start=\"622\" data-end=\"729\">\n<li data-start=\"622\" data-end=\"636\">\n<p data-start=\"624\" data-end=\"636\">-15\u00b0C: 457 W<\/p>\n<\/li>\n<li data-start=\"641\" data-end=\"655\">\n<p data-start=\"643\" data-end=\"655\">-10\u00b0C: 583 W<\/p>\n<\/li>\n<li data-start=\"660\" data-end=\"673\">\n<p data-start=\"662\" data-end=\"673\">-5\u00b0C: 728 W<\/p>\n<\/li>\n<li data-start=\"678\" data-end=\"690\">\n<p data-start=\"680\" data-end=\"690\">0\u00b0C: 896 W<\/p>\n<\/li>\n<li data-start=\"695\" data-end=\"709\">\n<p data-start=\"697\" data-end=\"709\">5\u00b0C: 1,091 W<\/p>\n<\/li>\n<li data-start=\"714\" data-end=\"729\">\n<p data-start=\"716\" data-end=\"729\">10\u00b0C: 1,316 W<\/p>\n<\/li>\n<\/ul>\n<\/li>\n<li data-start=\"732\" data-end=\"887\">\n<p data-start=\"734\" data-end=\"773\"><span class=\"relative -mx-px my-[-0.2rem] rounded px-px py-[0.2rem] transition-colors duration-100 ease-in-out\">N\u00eb temperatur\u00ebn e kondensimit 50\u00b0C:<\/span><\/p>\n<ul data-start=\"778\" data-end=\"887\">\n<li data-start=\"778\" data-end=\"792\">\n<p data-start=\"780\" data-end=\"792\">-15\u00b0C: 530 W<\/p>\n<\/li>\n<li data-start=\"797\" data-end=\"811\">\n<p data-start=\"799\" data-end=\"811\">-10\u00b0C: 663 W<\/p>\n<\/li>\n<li data-start=\"816\" data-end=\"829\">\n<p data-start=\"818\" data-end=\"829\">-5\u00b0C: 822 W<\/p>\n<\/li>\n<li data-start=\"834\" data-end=\"848\">\n<p data-start=\"836\" data-end=\"848\">0\u00b0C: 1,010 W<\/p>\n<\/li>\n<li data-start=\"853\" data-end=\"867\">\n<p data-start=\"855\" data-end=\"867\">5\u00b0C: 1,230 W<\/p>\n<\/li>\n<li data-start=\"872\" data-end=\"887\">\n<p data-start=\"874\" data-end=\"887\">10\u00b0C: 1,486 W<\/p>\n<\/li>\n<\/ul>\n<\/li>\n<li data-start=\"890\" data-end=\"1022\">\n<p data-start=\"892\" data-end=\"931\"><span class=\"relative -mx-px my-[-0.2rem] rounded px-px py-[0.2rem] transition-colors duration-100 ease-in-out\">N\u00eb temperatur\u00ebn e kondensimit 55\u00b0C:<\/span><\/p>\n<ul data-start=\"936\" data-end=\"1022\">\n<li data-start=\"936\" data-end=\"950\">\n<p data-start=\"938\" data-end=\"950\">-10\u00b0C: 476 W<\/p>\n<\/li>\n<li data-start=\"955\" data-end=\"968\">\n<p data-start=\"957\" data-end=\"968\">-5\u00b0C: 610 W<\/p>\n<\/li>\n<li data-start=\"973\" data-end=\"985\">\n<p data-start=\"975\" data-end=\"985\">0\u00b0C: 762 W<\/p>\n<\/li>\n<li data-start=\"990\" data-end=\"1002\">\n<p data-start=\"992\" data-end=\"1002\">5\u00b0C: 934 W<\/p>\n<\/li>\n<li data-start=\"1007\" data-end=\"1022\">\n<p data-start=\"1009\" data-end=\"1022\">10\u00b0C: 1,130 W<\/p>\n<\/li>\n<\/ul>\n<\/li>\n<\/ul>\n<\/li>\n<li data-start=\"1023\" data-end=\"1075\">\n<p data-start=\"1025\" data-end=\"1075\"><strong data-start=\"1025\" data-end=\"1034\">Pesha<\/strong>: <span class=\"relative -mx-px my-[-0.2rem] rounded px-px py-[0.2rem] transition-colors duration-100 ease-in-out\">rreth 11 kg<\/span><\/p>\n<\/li>\n<\/ul>\n<h3 data-start=\"159\" data-end=\"195\">\ud83d\udd27<\/h3>\n<\/li>\n<\/ul>\n<\/li>\n<\/ul>\n<ul data-start=\"602\" data-end=\"917\">\n<li data-start=\"824\" data-end=\"869\"><a href=\"https:\/\/www.resluk.com\/images\/pdf\/compressors\/aspera-embraco\/nek6210z.pdf\">KLIKO KETU PER SPECIFIKIME PDF<\/a><\/li>\n<\/ul>\n<hr data-start=\"1074\" data-end=\"1077\" \/>\n<p data-start=\"1079\" data-end=\"1157\">\ud83d\udcde <strong data-start=\"1082\" data-end=\"1106\">Ralkont \u2013 0692055100<\/strong><\/p>\n<\/div>\n<p data-start=\"695\" data-end=\"831\">","protected":false},"excerpt":{"rendered":"<p>KOMPRESORI NEK6210Z \ud83d\udd27 Specifikimet teknike kryesore P\u00ebrputhshm\u00ebria me l\u00ebngun frigoriferik: R-134a Fuqia nominale: 1\/2HP Tensioni dhe frekuenca: 220\u2013240V, 50Hz Lloji i motorit: CSIR (Capacitor Start Induction Run) Temperatura e avullimit: nga -15\u00b0C deri n\u00eb 10\u00b0C Kapaciteti i ftohjes: N\u00eb temperatur\u00ebn e kondensimit 45\u00b0C: -15\u00b0C: 457 W -10\u00b0C: 583 W -5\u00b0C: 728 W 0\u00b0C: 896 W<\/p>\n<div class=\"klb-readmore button\"><a class=\"btn link\" href=\"https:\/\/ralkont.al\/sq\/sample-product\/komresor-nek6210z\/\">Read More <i class=\"klbth-icon-right-arrow\"><\/i><\/a><\/div>","protected":false},"featured_media":7106,"template":"","meta":[],"product_brand":[],"product_cat":[309,310],"product_tag":[],"class_list":{"0":"post-7105","1":"product","2":"type-product","3":"status-publish","4":"has-post-thumbnail","6":"product_cat-frigorifer","7":"product_cat-kompresor","9":"first","10":"instock","11":"taxable","12":"shipping-taxable","13":"purchasable","14":"product-type-simple"},"_links":{"self":[{"href":"https:\/\/ralkont.al\/sq\/wp-json\/wp\/v2\/product\/7105","targetHints":{"allow":["GET"]}}],"collection":[{"href":"https:\/\/ralkont.al\/sq\/wp-json\/wp\/v2\/product"}],"about":[{"href":"https:\/\/ralkont.al\/sq\/wp-json\/wp\/v2\/types\/product"}],"wp:featuredmedia":[{"embeddable":true,"href":"https:\/\/ralkont.al\/sq\/wp-json\/wp\/v2\/media\/7106"}],"wp:attachment":[{"href":"https:\/\/ralkont.al\/sq\/wp-json\/wp\/v2\/media?parent=7105"}],"wp:term":[{"taxonomy":"product_brand","embeddable":true,"href":"https:\/\/ralkont.al\/sq\/wp-json\/wp\/v2\/product_brand?post=7105"},{"taxonomy":"product_cat","embeddable":true,"href":"https:\/\/ralkont.al\/sq\/wp-json\/wp\/v2\/product_cat?post=7105"},{"taxonomy":"product_tag","embeddable":true,"href":"https:\/\/ralkont.al\/sq\/wp-json\/wp\/v2\/product_tag?post=7105"}],"curies":[{"name":"wp","href":"https:\/\/api.w.org\/{rel}","templated":true}]}}