{"id":7068,"date":"2025-08-21T14:52:26","date_gmt":"2025-08-21T14:52:26","guid":{"rendered":"https:\/\/ralkont.al\/?post_type=product&#038;p=7068"},"modified":"2025-08-21T15:20:57","modified_gmt":"2025-08-21T15:20:57","slug":"nastro-me-ngjitje","status":"publish","type":"product","link":"https:\/\/ralkont.al\/sq\/sample-product\/nastro-me-ngjitje\/","title":{"rendered":"Nastro me ngjitje"},"content":{"rendered":"<p>PVC Pipe Wrapping Tape \u00ebsht\u00eb nj\u00eb produkt me cil\u00ebsi t\u00eb lart\u00eb (A Grade), i projektuar p\u00ebr t\u00eb ofruar izolim, mbrojtje dhe mb\u00ebshtjellje efektive t\u00eb tubacioneve, sidomos n\u00eb instalime hidraulike apo klimatike.<\/p>\n<p>Karakteristikat kryesore:<br \/>\n&#8211; Trash\u00ebsi: 0.15 mm \u2013 rezistent ndaj d\u00ebmtimeve mekanike dhe konsumimit.<br \/>\n&#8211; Gjer\u00ebsi: 50 mm \u2013 mbulim efikas i tubave.<br \/>\n&#8211; Gjat\u00ebsi: 30 metra \u2013 mjaftuesh\u00ebm p\u00ebr p\u00ebrdorim profesional dhe sht\u00ebpiak.<br \/>\n&#8211; Materiali: PVC me q\u00ebndrueshm\u00ebri t\u00eb lart\u00eb ndaj lag\u00ebshtir\u00ebs, nxeht\u00ebsis\u00eb dhe kimikateve.<br \/>\n&#8211; Ngjitje e fort\u00eb dhe q\u00ebndrueshm\u00ebri afatgjat\u00eb, pa u \u00e7ngjyrosur apo \u00e7ar\u00eb.<\/p>","protected":false},"excerpt":{"rendered":"<p>PVC Pipe Wrapping Tape \u00ebsht\u00eb nj\u00eb produkt me cil\u00ebsi t\u00eb lart\u00eb (A Grade), i projektuar p\u00ebr t\u00eb ofruar izolim, mbrojtje dhe mb\u00ebshtjellje efektive t\u00eb tubacioneve, sidomos n\u00eb instalime hidraulike apo klimatike. Karakteristikat kryesore: &#8211; Trash\u00ebsi: 0.15 mm \u2013 rezistent ndaj d\u00ebmtimeve mekanike dhe konsumimit. &#8211; Gjer\u00ebsi: 50 mm \u2013 mbulim efikas i tubave. &#8211; Gjat\u00ebsi:<\/p>\n<div class=\"klb-readmore button\"><a class=\"btn link\" href=\"https:\/\/ralkont.al\/sq\/sample-product\/nastro-me-ngjitje\/\">Read More <i class=\"klbth-icon-right-arrow\"><\/i><\/a><\/div>","protected":false},"featured_media":7069,"template":"","meta":[],"product_brand":[],"product_cat":[309,330,335,293,291],"product_tag":[],"class_list":{"0":"post-7068","1":"product","2":"type-product","3":"status-publish","4":"has-post-thumbnail","6":"product_cat-frigorifer","7":"product_cat-kondicioner","8":"product_cat-nastro","9":"product_cat-peshore-elektronike","10":"product_cat-vegla-pune","12":"first","13":"instock","14":"taxable","15":"shipping-taxable","16":"purchasable","17":"product-type-simple"},"_links":{"self":[{"href":"https:\/\/ralkont.al\/sq\/wp-json\/wp\/v2\/product\/7068","targetHints":{"allow":["GET"]}}],"collection":[{"href":"https:\/\/ralkont.al\/sq\/wp-json\/wp\/v2\/product"}],"about":[{"href":"https:\/\/ralkont.al\/sq\/wp-json\/wp\/v2\/types\/product"}],"wp:featuredmedia":[{"embeddable":true,"href":"https:\/\/ralkont.al\/sq\/wp-json\/wp\/v2\/media\/7069"}],"wp:attachment":[{"href":"https:\/\/ralkont.al\/sq\/wp-json\/wp\/v2\/media?parent=7068"}],"wp:term":[{"taxonomy":"product_brand","embeddable":true,"href":"https:\/\/ralkont.al\/sq\/wp-json\/wp\/v2\/product_brand?post=7068"},{"taxonomy":"product_cat","embeddable":true,"href":"https:\/\/ralkont.al\/sq\/wp-json\/wp\/v2\/product_cat?post=7068"},{"taxonomy":"product_tag","embeddable":true,"href":"https:\/\/ralkont.al\/sq\/wp-json\/wp\/v2\/product_tag?post=7068"}],"curies":[{"name":"wp","href":"https:\/\/api.w.org\/{rel}","templated":true}]}}