{"id":7065,"date":"2025-08-21T14:38:31","date_gmt":"2025-08-21T14:38:31","guid":{"rendered":"https:\/\/ralkont.al\/?post_type=product&#038;p=7065"},"modified":"2025-08-21T14:42:57","modified_gmt":"2025-08-21T14:42:57","slug":"peshore-elektronike","status":"publish","type":"product","link":"https:\/\/ralkont.al\/sq\/sample-product\/peshore-elektronike\/","title":{"rendered":"Peshore elektronike"},"content":{"rendered":"<p>Peshore elektronike p\u00ebr gaz frigoriferik<\/p>\n<p>Matjen e sakt\u00eb t\u00eb sasis\u00eb s\u00eb gazit (p.sh. R410A) q\u00eb futet ose del nga sistemi ftoh\u00ebs (kondicioner, frigorifer etj.).<br \/>\n&#8211; Garanton q\u00eb karikimi ose zbrazja e gazit t\u00eb b\u00ebhet me sakt\u00ebsi sipas specifikimeve t\u00eb prodhuesit t\u00eb pajisjes.<\/p>\n<p>Si p\u00ebrdoret:<br \/>\n1. Vendoset bombola e gazit mbi platform\u00ebn e peshimit.<br \/>\n2. P\u00ebrcaktohet pesha fillestare.<br \/>\n3. Gjat\u00eb karikimit\/zbraztjes, peshohet sasia e gazit q\u00eb kalon.<br \/>\n4. Leximi shfaqet n\u00eb ekranin dixhital.<\/p>\n<p>P\u00ebrdoruesit tipik\u00eb:<br \/>\n&#8211; Teknik\u00eb HVAC (kondicionimi ajrit)<br \/>\n&#8211; Frigoriferist\u00eb<br \/>\n&#8211; Punonj\u00ebs t\u00eb mir\u00ebmbajtjes industriale<\/p>\n<p>\u00cbsht\u00eb thelb\u00ebsore p\u00ebr t\u00eb shmangur mbikarikimin ose n\u00ebnkarikimin, q\u00eb mund t\u00eb d\u00ebmtoj\u00eb sistemin.<\/p>\n<p>&nbsp;<\/p>","protected":false},"excerpt":{"rendered":"<p>Peshore elektronike p\u00ebr gaz frigoriferik Matjen e sakt\u00eb t\u00eb sasis\u00eb s\u00eb gazit (p.sh. R410A) q\u00eb futet ose del nga sistemi ftoh\u00ebs (kondicioner, frigorifer etj.). &#8211; Garanton q\u00eb karikimi ose zbrazja e gazit t\u00eb b\u00ebhet me sakt\u00ebsi sipas specifikimeve t\u00eb prodhuesit t\u00eb pajisjes. Si p\u00ebrdoret: 1. Vendoset bombola e gazit mbi platform\u00ebn e peshimit. 2. P\u00ebrcaktohet<\/p>\n<div class=\"klb-readmore button\"><a class=\"btn link\" href=\"https:\/\/ralkont.al\/sq\/sample-product\/peshore-elektronike\/\">Read More <i class=\"klbth-icon-right-arrow\"><\/i><\/a><\/div>","protected":false},"featured_media":7067,"template":"","meta":[],"product_brand":[],"product_cat":[309,330,293,291],"product_tag":[],"class_list":{"0":"post-7065","1":"product","2":"type-product","3":"status-publish","4":"has-post-thumbnail","6":"product_cat-frigorifer","7":"product_cat-kondicioner","8":"product_cat-peshore-elektronike","9":"product_cat-vegla-pune","11":"first","12":"instock","13":"taxable","14":"shipping-taxable","15":"purchasable","16":"product-type-simple"},"_links":{"self":[{"href":"https:\/\/ralkont.al\/sq\/wp-json\/wp\/v2\/product\/7065","targetHints":{"allow":["GET"]}}],"collection":[{"href":"https:\/\/ralkont.al\/sq\/wp-json\/wp\/v2\/product"}],"about":[{"href":"https:\/\/ralkont.al\/sq\/wp-json\/wp\/v2\/types\/product"}],"wp:featuredmedia":[{"embeddable":true,"href":"https:\/\/ralkont.al\/sq\/wp-json\/wp\/v2\/media\/7067"}],"wp:attachment":[{"href":"https:\/\/ralkont.al\/sq\/wp-json\/wp\/v2\/media?parent=7065"}],"wp:term":[{"taxonomy":"product_brand","embeddable":true,"href":"https:\/\/ralkont.al\/sq\/wp-json\/wp\/v2\/product_brand?post=7065"},{"taxonomy":"product_cat","embeddable":true,"href":"https:\/\/ralkont.al\/sq\/wp-json\/wp\/v2\/product_cat?post=7065"},{"taxonomy":"product_tag","embeddable":true,"href":"https:\/\/ralkont.al\/sq\/wp-json\/wp\/v2\/product_tag?post=7065"}],"curies":[{"name":"wp","href":"https:\/\/api.w.org\/{rel}","templated":true}]}}