{"id":7053,"date":"2025-08-21T14:02:37","date_gmt":"2025-08-21T14:02:37","guid":{"rendered":"https:\/\/ralkont.al\/?post_type=product&#038;p=7053"},"modified":"2025-08-21T14:11:14","modified_gmt":"2025-08-21T14:11:14","slug":"perthyese-per-tub-bakri-5-8","status":"publish","type":"product","link":"https:\/\/ralkont.al\/sq\/sample-product\/perthyese-per-tub-bakri-5-8\/","title":{"rendered":"Perthyese per tub bakri 3\/4"},"content":{"rendered":"<p>Perthyes per tub bakri set 3\/4 180\u00ba<\/p>\n<p>&#8211; Lakim deri n\u00eb 180\u00b0: Mund\u00ebson p\u00ebrkulje t\u00eb sakt\u00eb dhe t\u00eb qet\u00eb t\u00eb tubave pa i d\u00ebmtuar ose sh\u00ebmtuar sip\u00ebrfaqen e tyre.<\/p>\n<p>&#8211; Material i q\u00ebndruesh\u00ebm: I nd\u00ebrtuar nga aliazh alumini dhe \u00e7elik, q\u00eb siguron jet\u00ebgjat\u00ebsi dhe rezistenc\u00eb ndaj p\u00ebrdorimit t\u00eb vazhduesh\u00ebm.<\/p>\n<p>&#8211; P\u00ebrdorim i leht\u00eb: Dizajni ergonomik dhe shenjat e kalibruara p\u00ebr k\u00ebndin e lakimit e b\u00ebjn\u00eb t\u00eb leht\u00eb p\u00ebrdorimin dhe arritjen e rezultateve t\u00eb sakta.<\/p>\n<p>&nbsp;<\/p>","protected":false},"excerpt":{"rendered":"<p>Perthyes per tub bakri set 3\/4 180\u00ba &#8211; Lakim deri n\u00eb 180\u00b0: Mund\u00ebson p\u00ebrkulje t\u00eb sakt\u00eb dhe t\u00eb qet\u00eb t\u00eb tubave pa i d\u00ebmtuar ose sh\u00ebmtuar sip\u00ebrfaqen e tyre. &#8211; Material i q\u00ebndruesh\u00ebm: I nd\u00ebrtuar nga aliazh alumini dhe \u00e7elik, q\u00eb siguron jet\u00ebgjat\u00ebsi dhe rezistenc\u00eb ndaj p\u00ebrdorimit t\u00eb vazhduesh\u00ebm. &#8211; P\u00ebrdorim i leht\u00eb: Dizajni ergonomik<\/p>\n<div class=\"klb-readmore button\"><a class=\"btn link\" href=\"https:\/\/ralkont.al\/sq\/sample-product\/perthyese-per-tub-bakri-5-8\/\">Read More <i class=\"klbth-icon-right-arrow\"><\/i><\/a><\/div>","protected":false},"featured_media":7059,"template":"","meta":[],"product_brand":[],"product_cat":[305,291],"product_tag":[],"class_list":{"0":"post-7053","1":"product","2":"type-product","3":"status-publish","4":"has-post-thumbnail","6":"product_cat-perkthyes","7":"product_cat-vegla-pune","9":"first","10":"instock","11":"taxable","12":"shipping-taxable","13":"purchasable","14":"product-type-simple"},"_links":{"self":[{"href":"https:\/\/ralkont.al\/sq\/wp-json\/wp\/v2\/product\/7053","targetHints":{"allow":["GET"]}}],"collection":[{"href":"https:\/\/ralkont.al\/sq\/wp-json\/wp\/v2\/product"}],"about":[{"href":"https:\/\/ralkont.al\/sq\/wp-json\/wp\/v2\/types\/product"}],"wp:featuredmedia":[{"embeddable":true,"href":"https:\/\/ralkont.al\/sq\/wp-json\/wp\/v2\/media\/7059"}],"wp:attachment":[{"href":"https:\/\/ralkont.al\/sq\/wp-json\/wp\/v2\/media?parent=7053"}],"wp:term":[{"taxonomy":"product_brand","embeddable":true,"href":"https:\/\/ralkont.al\/sq\/wp-json\/wp\/v2\/product_brand?post=7053"},{"taxonomy":"product_cat","embeddable":true,"href":"https:\/\/ralkont.al\/sq\/wp-json\/wp\/v2\/product_cat?post=7053"},{"taxonomy":"product_tag","embeddable":true,"href":"https:\/\/ralkont.al\/sq\/wp-json\/wp\/v2\/product_tag?post=7053"}],"curies":[{"name":"wp","href":"https:\/\/api.w.org\/{rel}","templated":true}]}}