{"id":6894,"date":"2024-12-14T15:13:21","date_gmt":"2024-12-14T15:13:21","guid":{"rendered":"https:\/\/ralkont.al\/?post_type=product&#038;p=6894"},"modified":"2024-12-14T15:25:13","modified_gmt":"2024-12-14T15:25:13","slug":"celes-sobe-beko","status":"publish","type":"product","link":"https:\/\/ralkont.al\/sq\/sample-product\/celes-sobe-beko\/","title":{"rendered":"CELES SOBE BEKO"},"content":{"rendered":"<h4 class=\"content__title content__title--product\">CELES SOBE BEKO ME 7 POZICIONE<\/h4>\n<p>263900054<\/p>\n<p>307CU15<\/p>\n<p>Pjes\u00ebt e k\u00ebmbimit p\u00ebr pajisjet si frigorifer\u00ebt, lavatricet, pajisjet e vogla dhe veglat e pun\u00ebs jan\u00eb thelb\u00ebsore p\u00ebr riparimin dhe mir\u00ebmbajtjen e tyre. Ato p\u00ebrfshijn\u00eb komponente si kompresor\u00eb, termostate, rezistenca, pompa uji, motor\u00eb, filtra, kabllo, mekanizma dhe aksesor\u00eb t\u00eb tjer\u00eb. K\u00ebto pjes\u00eb sigurojn\u00eb funksionimin optimal t\u00eb pajisjeve dhe zgjasin jet\u00ebgjat\u00ebsin\u00eb e tyre. P\u00ebrdorimi i pjes\u00ebve t\u00eb kualitetit t\u00eb lart\u00eb rrit efikasitetin dhe p\u00ebrformanc\u00ebn e pajisjeve, duke ulur kostot e mir\u00ebmbajtjes dhe p\u00ebrmir\u00ebsuar p\u00ebrvoj\u00ebn e p\u00ebrdoruesit.<\/p>","protected":false},"excerpt":{"rendered":"<p>CELES SOBE<\/p>","protected":false},"featured_media":6896,"template":"","meta":[],"product_brand":[],"product_cat":[378,373],"product_tag":[],"class_list":{"0":"post-6894","1":"product","2":"type-product","3":"status-publish","4":"has-post-thumbnail","6":"product_cat-celes","7":"product_cat-soba","9":"first","10":"instock","11":"purchasable","12":"product-type-simple"},"_links":{"self":[{"href":"https:\/\/ralkont.al\/sq\/wp-json\/wp\/v2\/product\/6894","targetHints":{"allow":["GET"]}}],"collection":[{"href":"https:\/\/ralkont.al\/sq\/wp-json\/wp\/v2\/product"}],"about":[{"href":"https:\/\/ralkont.al\/sq\/wp-json\/wp\/v2\/types\/product"}],"wp:featuredmedia":[{"embeddable":true,"href":"https:\/\/ralkont.al\/sq\/wp-json\/wp\/v2\/media\/6896"}],"wp:attachment":[{"href":"https:\/\/ralkont.al\/sq\/wp-json\/wp\/v2\/media?parent=6894"}],"wp:term":[{"taxonomy":"product_brand","embeddable":true,"href":"https:\/\/ralkont.al\/sq\/wp-json\/wp\/v2\/product_brand?post=6894"},{"taxonomy":"product_cat","embeddable":true,"href":"https:\/\/ralkont.al\/sq\/wp-json\/wp\/v2\/product_cat?post=6894"},{"taxonomy":"product_tag","embeddable":true,"href":"https:\/\/ralkont.al\/sq\/wp-json\/wp\/v2\/product_tag?post=6894"}],"curies":[{"name":"wp","href":"https:\/\/api.w.org\/{rel}","templated":true}]}}