{"id":6582,"date":"2024-12-04T15:15:36","date_gmt":"2024-12-04T15:15:36","guid":{"rendered":"https:\/\/ralkont.al\/?post_type=product&#038;p=6582"},"modified":"2025-09-22T16:53:07","modified_gmt":"2025-09-22T16:53:07","slug":"rezistence-sobe-ardo","status":"publish","type":"product","link":"https:\/\/ralkont.al\/sq\/sample-product\/rezistence-sobe-ardo\/","title":{"rendered":"REZISTENCE SOBE ARDO"},"content":{"rendered":"<p class=\"ProductNotes ProductTitle\"><span class=\"ProductLabel\">ARDO<\/span><\/p>\n<p class=\"ProductNotes ProductTitle\"><span class=\"ProductLabel\">MERLONI<\/span><\/p>\n<p class=\"ProductNotes ProductTitle\"><span class=\"ProductLabel\">TECNOGAS:<\/span>524020800 &#8211; 524012200\u00a0 \u00a0358&#215;343<\/p>\n<p>WATT 1600 &#8211; 230V<\/p>\n<p>Pjes\u00ebt e k\u00ebmbimit p\u00ebr pajisjet si frigorifer\u00ebt, lavatricet, pajisjet e vogla dhe veglat e pun\u00ebs jan\u00eb thelb\u00ebsore p\u00ebr riparimin dhe mir\u00ebmbajtjen e tyre. Ato p\u00ebrfshijn\u00eb komponente si kompresor\u00eb, termostate, rezistenca, pompa uji, motor\u00eb, filtra, kabllo, mekanizma dhe aksesor\u00eb t\u00eb tjer\u00eb. K\u00ebto pjes\u00eb sigurojn\u00eb funksionimin optimal t\u00eb pajisjeve dhe zgjasin jet\u00ebgjat\u00ebsin\u00eb e tyre. P\u00ebrdorimi i pjes\u00ebve t\u00eb kualitetit t\u00eb lart\u00eb rrit efikasitetin dhe p\u00ebrformanc\u00ebn e pajisjeve, duke ulur kostot e mir\u00ebmbajtjes dhe p\u00ebrmir\u00ebsuar p\u00ebrvoj\u00ebn e p\u00ebrdoruesit.312CU14<\/p>","protected":false},"excerpt":{"rendered":"<p>ARDO MERLONI TECNOGAS:524020800 &#8211; 524012200\u00a0 \u00a0358&#215;343 WATT 1600 &#8211; 230V Pjes\u00ebt e k\u00ebmbimit p\u00ebr pajisjet si frigorifer\u00ebt, lavatricet, pajisjet e vogla dhe veglat e pun\u00ebs jan\u00eb thelb\u00ebsore p\u00ebr riparimin dhe mir\u00ebmbajtjen e tyre. Ato p\u00ebrfshijn\u00eb komponente si kompresor\u00eb, termostate, rezistenca, pompa uji, motor\u00eb, filtra, kabllo, mekanizma dhe aksesor\u00eb t\u00eb tjer\u00eb. K\u00ebto pjes\u00eb sigurojn\u00eb funksionimin optimal<\/p>\n<div class=\"klb-readmore button\"><a class=\"btn link\" href=\"https:\/\/ralkont.al\/sq\/sample-product\/rezistence-sobe-ardo\/\">Read More <i class=\"klbth-icon-right-arrow\"><\/i><\/a><\/div>","protected":false},"featured_media":6583,"template":"","meta":[],"product_brand":[],"product_cat":[374,373],"product_tag":[],"class_list":{"0":"post-6582","1":"product","2":"type-product","3":"status-publish","4":"has-post-thumbnail","6":"product_cat-rezistenca-soba","7":"product_cat-soba","9":"first","10":"instock","11":"purchasable","12":"product-type-simple"},"_links":{"self":[{"href":"https:\/\/ralkont.al\/sq\/wp-json\/wp\/v2\/product\/6582","targetHints":{"allow":["GET"]}}],"collection":[{"href":"https:\/\/ralkont.al\/sq\/wp-json\/wp\/v2\/product"}],"about":[{"href":"https:\/\/ralkont.al\/sq\/wp-json\/wp\/v2\/types\/product"}],"wp:featuredmedia":[{"embeddable":true,"href":"https:\/\/ralkont.al\/sq\/wp-json\/wp\/v2\/media\/6583"}],"wp:attachment":[{"href":"https:\/\/ralkont.al\/sq\/wp-json\/wp\/v2\/media?parent=6582"}],"wp:term":[{"taxonomy":"product_brand","embeddable":true,"href":"https:\/\/ralkont.al\/sq\/wp-json\/wp\/v2\/product_brand?post=6582"},{"taxonomy":"product_cat","embeddable":true,"href":"https:\/\/ralkont.al\/sq\/wp-json\/wp\/v2\/product_cat?post=6582"},{"taxonomy":"product_tag","embeddable":true,"href":"https:\/\/ralkont.al\/sq\/wp-json\/wp\/v2\/product_tag?post=6582"}],"curies":[{"name":"wp","href":"https:\/\/api.w.org\/{rel}","templated":true}]}}