{"id":6378,"date":"2024-11-29T19:20:04","date_gmt":"2024-11-29T19:20:04","guid":{"rendered":"https:\/\/ralkont.al\/?post_type=product&#038;p=6378"},"modified":"2024-11-29T19:22:39","modified_gmt":"2024-11-29T19:22:39","slug":"termostat-digital-didrometer","status":"publish","type":"product","link":"https:\/\/ralkont.al\/sq\/sample-product\/termostat-digital-didrometer\/","title":{"rendered":"STC-100 TERMOSTAT DIGITAL HIDROMETER"},"content":{"rendered":"<p>STC-100 \u00ebsht\u00eb nj\u00eb regulator i temperatur\u00ebs i p\u00ebrdorur kryesisht p\u00ebr aplikacione q\u00eb k\u00ebrkojn\u00eb kontrollin e temperatur\u00ebs dhe mbajtjen e saj brenda nj\u00eb intervali t\u00eb caktuar.<\/p>\n<p>Ky regulator mund t\u00eb p\u00ebrdoret p\u00ebr t\u00eb menaxhuar temperatur\u00ebn n\u00eb kafaze, inkubator ose vendbanime t\u00eb tjera t\u00eb kafsh\u00ebve q\u00eb k\u00ebrkojn\u00eb kushte specifike p\u00ebr zhvillimin e tyre.<\/p>\n<p>P\u00ebrdoret p\u00ebr t\u00eb mbajtur nj\u00eb temperatur\u00eb t\u00eb q\u00ebndrueshme n\u00eb serra, q\u00eb \u00ebsht\u00eb e nevojshme p\u00ebr rritjen e bim\u00ebve.<\/p>","protected":false},"excerpt":{"rendered":"<p>STC-100 \u00ebsht\u00eb nj\u00eb regulator i temperatur\u00ebs i p\u00ebrdorur kryesisht p\u00ebr aplikacione q\u00eb k\u00ebrkojn\u00eb kontrollin e temperatur\u00ebs dhe mbajtjen e saj brenda nj\u00eb intervali t\u00eb caktuar. Ky regulator mund t\u00eb p\u00ebrdoret p\u00ebr t\u00eb menaxhuar temperatur\u00ebn n\u00eb kafaze, inkubator ose vendbanime t\u00eb tjera t\u00eb kafsh\u00ebve q\u00eb k\u00ebrkojn\u00eb kushte specifike p\u00ebr zhvillimin e tyre. P\u00ebrdoret p\u00ebr t\u00eb mbajtur<\/p>\n<div class=\"klb-readmore button\"><a class=\"btn link\" href=\"https:\/\/ralkont.al\/sq\/sample-product\/termostat-digital-didrometer\/\">Read More <i class=\"klbth-icon-right-arrow\"><\/i><\/a><\/div>","protected":false},"featured_media":6382,"template":"","meta":[],"product_brand":[],"product_cat":[15,313],"product_tag":[],"class_list":{"0":"post-6378","1":"product","2":"type-product","3":"status-publish","4":"has-post-thumbnail","6":"product_cat-produkte-te-tjera","7":"product_cat-termostat","9":"first","10":"instock","11":"taxable","12":"shipping-taxable","13":"purchasable","14":"product-type-simple"},"_links":{"self":[{"href":"https:\/\/ralkont.al\/sq\/wp-json\/wp\/v2\/product\/6378","targetHints":{"allow":["GET"]}}],"collection":[{"href":"https:\/\/ralkont.al\/sq\/wp-json\/wp\/v2\/product"}],"about":[{"href":"https:\/\/ralkont.al\/sq\/wp-json\/wp\/v2\/types\/product"}],"wp:featuredmedia":[{"embeddable":true,"href":"https:\/\/ralkont.al\/sq\/wp-json\/wp\/v2\/media\/6382"}],"wp:attachment":[{"href":"https:\/\/ralkont.al\/sq\/wp-json\/wp\/v2\/media?parent=6378"}],"wp:term":[{"taxonomy":"product_brand","embeddable":true,"href":"https:\/\/ralkont.al\/sq\/wp-json\/wp\/v2\/product_brand?post=6378"},{"taxonomy":"product_cat","embeddable":true,"href":"https:\/\/ralkont.al\/sq\/wp-json\/wp\/v2\/product_cat?post=6378"},{"taxonomy":"product_tag","embeddable":true,"href":"https:\/\/ralkont.al\/sq\/wp-json\/wp\/v2\/product_tag?post=6378"}],"curies":[{"name":"wp","href":"https:\/\/api.w.org\/{rel}","templated":true}]}}