{"id":4953,"date":"2024-10-08T14:31:16","date_gmt":"2024-10-08T14:31:16","guid":{"rendered":"https:\/\/ralkont.al\/product\/bobina-hekuri-rrobash-ceme\/"},"modified":"2024-10-11T17:18:18","modified_gmt":"2024-10-11T17:18:18","slug":"bobina-hekuri-rrobash-ceme","status":"publish","type":"product","link":"https:\/\/ralkont.al\/sq\/sample-product\/bobina-hekuri-rrobash-ceme\/","title":{"rendered":"BOBINA HEKURI RROBASH \/CEME"},"content":{"rendered":"<p>BOBINA HEKURI RROBASH \/CEME<\/p>\n<p>&nbsp;<\/p>\n<p>Pajisjet dhe pjes\u00ebt e k\u00ebmbimit p\u00ebr frigorifer\u00eb sigurojn\u00eb funksionimin e sakt\u00eb dhe t\u00eb q\u00ebndruesh\u00ebm t\u00eb frigoriferit tuaj. Ato p\u00ebrfshijn\u00eb kompresor\u00eb, termostate, filtra, ventilator\u00eb dhe rafte. Pjes\u00ebt e k\u00ebmbimit cil\u00ebsore ndihmojn\u00eb n\u00eb ruajtjen e temperatur\u00ebs ideale dhe zgjasin jet\u00ebgjat\u00ebsin\u00eb e pajisjes, duke garantuar freskin\u00eb dhe ruajtjen e produkteve ushqimore.<\/p>","protected":false},"excerpt":{"rendered":"<p>BOBINA HEKURI RROBASH \/CEME<\/p>","protected":false},"featured_media":4954,"template":"","meta":[],"product_brand":[],"product_cat":[392,388],"product_tag":[],"class_list":{"0":"post-4953","1":"product","2":"type-product","3":"status-publish","4":"has-post-thumbnail","6":"product_cat-bobina","7":"product_cat-paisje-te-vogla","9":"first","10":"instock","11":"purchasable","12":"product-type-simple"},"_links":{"self":[{"href":"https:\/\/ralkont.al\/sq\/wp-json\/wp\/v2\/product\/4953","targetHints":{"allow":["GET"]}}],"collection":[{"href":"https:\/\/ralkont.al\/sq\/wp-json\/wp\/v2\/product"}],"about":[{"href":"https:\/\/ralkont.al\/sq\/wp-json\/wp\/v2\/types\/product"}],"wp:featuredmedia":[{"embeddable":true,"href":"https:\/\/ralkont.al\/sq\/wp-json\/wp\/v2\/media\/4954"}],"wp:attachment":[{"href":"https:\/\/ralkont.al\/sq\/wp-json\/wp\/v2\/media?parent=4953"}],"wp:term":[{"taxonomy":"product_brand","embeddable":true,"href":"https:\/\/ralkont.al\/sq\/wp-json\/wp\/v2\/product_brand?post=4953"},{"taxonomy":"product_cat","embeddable":true,"href":"https:\/\/ralkont.al\/sq\/wp-json\/wp\/v2\/product_cat?post=4953"},{"taxonomy":"product_tag","embeddable":true,"href":"https:\/\/ralkont.al\/sq\/wp-json\/wp\/v2\/product_tag?post=4953"}],"curies":[{"name":"wp","href":"https:\/\/api.w.org\/{rel}","templated":true}]}}